{"id":56644,"date":"2025-09-17T08:20:20","date_gmt":"2025-09-17T06:20:20","guid":{"rendered":"https:\/\/sundar.be\/product\/chi-aroma-inhaler\/"},"modified":"2025-11-13T14:30:14","modified_gmt":"2025-11-13T13:30:14","slug":"chi-aroma-inhaler","status":"publish","type":"product","link":"https:\/\/sundar.be\/fr\/produit\/chi-aroma-inhaler\/","title":{"rendered":"Chi Aroma Inhaler"},"content":{"rendered":"<p>L\u2019inhalation d\u2019eucalyptus est connue de presque tout le monde gr\u00e2ce aux deux m\u00e9thodes classiques : un bol d\u2019eau chaude dans lequel un produit \u00e0 base d\u2019eucalyptus est dissous, ou l\u2019inhalation de la m\u00eame odeur depuis un inhalateur en plastique, beaucoup plus pratique. Tr\u00e8s pratique, en effet, mais dommage pour le plastique, que l\u2019on jette d\u00e8s que l\u2019odeur s\u2019est dissip\u00e9e. <\/p>\n<p>L\u2019inhalateur de Chi est une variante de l\u2019inhalateur classique, mais avec deux grands avantages : il est en acier inoxydable (RVS) et contient 0 % de plastique. De plus, l\u2019inhalateur est rechargeable, ce qui le rend tr\u00e8s durable : vous b\u00e9n\u00e9ficiez m\u00eame de <g id=\"gid_0\">40 ans de garantie sur le m\u00e9canisme<\/g> ! Id\u00e9al \u00e9galement pour les d\u00e9placements : vous emportez ainsi votre parfum pr\u00e9f\u00e9r\u00e9 partout avec vous.<x id=\"gid_1\"><\/x>Un b\u00e2tonnet en coton est fourni par d\u00e9faut, que vous glissez dans l\u2019inhalateur apr\u00e8s avoir vers\u00e9 sur celui-ci 5 \u00e0 25 gouttes d\u2019huile essentielle de votre choix. Les b\u00e2tonnets en coton sont \u00e9galement disponibles s\u00e9par\u00e9ment si vous souhaitez utiliser une autre huile essentielle.  <\/p>\n","protected":false},"excerpt":{"rendered":"<p>L\u2019inhalation d\u2019eucalyptus est connue de presque tout le monde gr\u00e2ce aux deux m\u00e9thodes classiques : un bol d\u2019eau chaude dans lequel un produit \u00e0 base d\u2019eucalyptus est dissous, ou l\u2019inhalation de la m\u00eame odeur depuis un inhalateur en plastique, beaucoup plus pratique. Tr\u00e8s pratique, en effet, mais dommage pour le plastique, que l\u2019on jette d\u00e8s [&hellip;]<\/p>\n","protected":false},"featured_media":56642,"comment_status":"open","ping_status":"closed","template":"","meta":{"_acf_changed":false},"product_brand":[],"product_cat":[6090,5678,6099,6104,6112,6113,6098,4972,6117],"product_tag":[],"class_list":{"0":"post-56644","1":"product","2":"type-product","3":"status-publish","4":"has-post-thumbnail","6":"product_cat-chi-natural-life","7":"product_cat-huile-essentielles","8":"product_cat-huiles-essentielles-biologiques","9":"product_cat-huiles-essentielles-co2","10":"product_cat-huiles-essentielles-cultivees","11":"product_cat-huiles-essentielles-sauvages","12":"product_cat-melange-huiles-essentielles","13":"product_cat-nos-marques","14":"product_cat-pierres-parfumees-diffuseurs","16":"first","17":"instock","18":"taxable","19":"shipping-taxable","20":"product-type-simple"},"acf":[],"_links":{"self":[{"href":"https:\/\/sundar.be\/fr\/wp-json\/wp\/v2\/product\/56644","targetHints":{"allow":["GET"]}}],"collection":[{"href":"https:\/\/sundar.be\/fr\/wp-json\/wp\/v2\/product"}],"about":[{"href":"https:\/\/sundar.be\/fr\/wp-json\/wp\/v2\/types\/product"}],"replies":[{"embeddable":true,"href":"https:\/\/sundar.be\/fr\/wp-json\/wp\/v2\/comments?post=56644"}],"wp:featuredmedia":[{"embeddable":true,"href":"https:\/\/sundar.be\/fr\/wp-json\/wp\/v2\/media\/56642"}],"wp:attachment":[{"href":"https:\/\/sundar.be\/fr\/wp-json\/wp\/v2\/media?parent=56644"}],"wp:term":[{"taxonomy":"product_brand","embeddable":true,"href":"https:\/\/sundar.be\/fr\/wp-json\/wp\/v2\/product_brand?post=56644"},{"taxonomy":"product_cat","embeddable":true,"href":"https:\/\/sundar.be\/fr\/wp-json\/wp\/v2\/product_cat?post=56644"},{"taxonomy":"product_tag","embeddable":true,"href":"https:\/\/sundar.be\/fr\/wp-json\/wp\/v2\/product_tag?post=56644"}],"curies":[{"name":"wp","href":"https:\/\/api.w.org\/{rel}","templated":true}]}}