{"id":56641,"date":"2025-09-17T08:21:36","date_gmt":"2025-09-17T06:21:36","guid":{"rendered":"https:\/\/sundar.be\/product\/chi-aroma-inhaler-batonnet\/"},"modified":"2025-11-13T14:29:24","modified_gmt":"2025-11-13T13:29:24","slug":"chi-aroma-inhaler-batonnet","status":"publish","type":"product","link":"https:\/\/sundar.be\/fr\/produit\/chi-aroma-inhaler-batonnet\/","title":{"rendered":"Chi Aroma Inhaler B\u00e2tonnet"},"content":{"rendered":"<p>Ce b\u00e2tonnet en coton est destin\u00e9 \u00e0 \u00eatre utilis\u00e9 avec l\u2019Aroma Inhaler by Chi, si vous souhaitez utiliser une autre huile essentielle, comme l\u2019huile de bergamote ou l\u2019huile de lavande, ou si vous souhaitez remplacer le b\u00e2tonnet en coton actuel.<br \/>\nAroma Inhaler non inclus.<\/p>\n","protected":false},"excerpt":{"rendered":"<p>Ce b\u00e2tonnet en coton est destin\u00e9 \u00e0 \u00eatre utilis\u00e9 avec l\u2019Aroma Inhaler by Chi, si vous souhaitez utiliser une autre huile essentielle, comme l\u2019huile de bergamote ou l\u2019huile de lavande, ou si vous souhaitez remplacer le b\u00e2tonnet en coton actuel. Aroma Inhaler non inclus.<\/p>\n","protected":false},"featured_media":56639,"comment_status":"open","ping_status":"closed","template":"","meta":{"_acf_changed":false},"product_brand":[],"product_cat":[6090,5678,6099,6104,6112,6113,6098,4972,6117],"product_tag":[],"class_list":{"0":"post-56641","1":"product","2":"type-product","3":"status-publish","4":"has-post-thumbnail","6":"product_cat-chi-natural-life","7":"product_cat-huile-essentielles","8":"product_cat-huiles-essentielles-biologiques","9":"product_cat-huiles-essentielles-co2","10":"product_cat-huiles-essentielles-cultivees","11":"product_cat-huiles-essentielles-sauvages","12":"product_cat-melange-huiles-essentielles","13":"product_cat-nos-marques","14":"product_cat-pierres-parfumees-diffuseurs","16":"first","17":"instock","18":"taxable","19":"shipping-taxable","20":"product-type-simple"},"acf":[],"_links":{"self":[{"href":"https:\/\/sundar.be\/fr\/wp-json\/wp\/v2\/product\/56641","targetHints":{"allow":["GET"]}}],"collection":[{"href":"https:\/\/sundar.be\/fr\/wp-json\/wp\/v2\/product"}],"about":[{"href":"https:\/\/sundar.be\/fr\/wp-json\/wp\/v2\/types\/product"}],"replies":[{"embeddable":true,"href":"https:\/\/sundar.be\/fr\/wp-json\/wp\/v2\/comments?post=56641"}],"wp:featuredmedia":[{"embeddable":true,"href":"https:\/\/sundar.be\/fr\/wp-json\/wp\/v2\/media\/56639"}],"wp:attachment":[{"href":"https:\/\/sundar.be\/fr\/wp-json\/wp\/v2\/media?parent=56641"}],"wp:term":[{"taxonomy":"product_brand","embeddable":true,"href":"https:\/\/sundar.be\/fr\/wp-json\/wp\/v2\/product_brand?post=56641"},{"taxonomy":"product_cat","embeddable":true,"href":"https:\/\/sundar.be\/fr\/wp-json\/wp\/v2\/product_cat?post=56641"},{"taxonomy":"product_tag","embeddable":true,"href":"https:\/\/sundar.be\/fr\/wp-json\/wp\/v2\/product_tag?post=56641"}],"curies":[{"name":"wp","href":"https:\/\/api.w.org\/{rel}","templated":true}]}}