{"id":56638,"date":"2025-09-17T08:25:10","date_gmt":"2025-09-17T06:25:10","guid":{"rendered":"https:\/\/sundar.be\/product\/chi-pierre-a-parfum-aromastone-wood\/"},"modified":"2025-11-13T14:28:45","modified_gmt":"2025-11-13T13:28:45","slug":"chi-pierre-a-parfum-aromastone-wood","status":"publish","type":"product","link":"https:\/\/sundar.be\/fr\/produit\/chi-pierre-a-parfum-aromastone-wood\/","title":{"rendered":"Chi Pierre \u00e0 Parfum Aromastone Wood"},"content":{"rendered":"<p>La petite pierre \u00e0 parfum d\u2019autrefois dans un design moderne. Cette pierre \u00e0 parfum contemporaine pour huiles essentielles est petite et pratique \u00e0 utiliser. La partie sup\u00e9rieure est poreuse, ce qui permet \u00e0 l\u2019huile d\u2019\u00eatre facilement absorb\u00e9e. Pas de d\u00e9g\u00e2ts ni de surface collante. Comme l\u2019huile essentielle est volatile, le parfum se diffuse subtilement dans l\u2019air environnant. La pierre \u00e0 parfum est fabriqu\u00e9e en c\u00e9ramique et en bois.     <\/p>\n","protected":false},"excerpt":{"rendered":"<p>La petite pierre \u00e0 parfum d\u2019autrefois dans un design moderne. Cette pierre \u00e0 parfum contemporaine pour huiles essentielles est petite et pratique \u00e0 utiliser. La partie sup\u00e9rieure est poreuse, ce qui permet \u00e0 l\u2019huile d\u2019\u00eatre facilement absorb\u00e9e. Pas de d\u00e9g\u00e2ts ni de surface collante. Comme l\u2019huile essentielle est volatile, le parfum se diffuse subtilement dans [&hellip;]<\/p>\n","protected":false},"featured_media":56635,"comment_status":"open","ping_status":"closed","template":"","meta":{"_acf_changed":false},"product_brand":[],"product_cat":[6090,4972,6117],"product_tag":[],"class_list":{"0":"post-56638","1":"product","2":"type-product","3":"status-publish","4":"has-post-thumbnail","6":"product_cat-chi-natural-life","7":"product_cat-nos-marques","8":"product_cat-pierres-parfumees-diffuseurs","10":"first","11":"instock","12":"taxable","13":"shipping-taxable","14":"product-type-simple"},"acf":[],"_links":{"self":[{"href":"https:\/\/sundar.be\/fr\/wp-json\/wp\/v2\/product\/56638","targetHints":{"allow":["GET"]}}],"collection":[{"href":"https:\/\/sundar.be\/fr\/wp-json\/wp\/v2\/product"}],"about":[{"href":"https:\/\/sundar.be\/fr\/wp-json\/wp\/v2\/types\/product"}],"replies":[{"embeddable":true,"href":"https:\/\/sundar.be\/fr\/wp-json\/wp\/v2\/comments?post=56638"}],"wp:featuredmedia":[{"embeddable":true,"href":"https:\/\/sundar.be\/fr\/wp-json\/wp\/v2\/media\/56635"}],"wp:attachment":[{"href":"https:\/\/sundar.be\/fr\/wp-json\/wp\/v2\/media?parent=56638"}],"wp:term":[{"taxonomy":"product_brand","embeddable":true,"href":"https:\/\/sundar.be\/fr\/wp-json\/wp\/v2\/product_brand?post=56638"},{"taxonomy":"product_cat","embeddable":true,"href":"https:\/\/sundar.be\/fr\/wp-json\/wp\/v2\/product_cat?post=56638"},{"taxonomy":"product_tag","embeddable":true,"href":"https:\/\/sundar.be\/fr\/wp-json\/wp\/v2\/product_tag?post=56638"}],"curies":[{"name":"wp","href":"https:\/\/api.w.org\/{rel}","templated":true}]}}