{"id":56634,"date":"2025-09-17T08:28:15","date_gmt":"2025-09-17T06:28:15","guid":{"rendered":"https:\/\/sundar.be\/product\/chi-cedre-virginie-huile-essentielle-sauvage-20-ml\/"},"modified":"2025-11-13T14:25:18","modified_gmt":"2025-11-13T13:25:18","slug":"chi-cedre-virginie-huile-essentielle-sauvage-20-ml","status":"publish","type":"product","link":"https:\/\/sundar.be\/fr\/produit\/chi-cedre-virginie-huile-essentielle-sauvage-20-ml\/","title":{"rendered":"Chi C\u00e8dre Virginie Huile Essentielle (Sauvage) 20 ml"},"content":{"rendered":"<p>L\u2019huile essentielle de c\u00e8dre virginie peut \u00eatre d\u00e9crite comme un parfum bois\u00e9 harmonieux. L\u2019huile est plus vive que celle du c\u00e8dre de l\u2019Atlas. L\u2019odeur rappelle les crayons fra\u00eechement taill\u00e9s et sa couleur varie du jaune clair \u00e0 l\u2019orange. C\u2019est une huile parfaite pour chaque moment de la journ\u00e9e, mais particuli\u00e8rement adapt\u00e9e aux moments charg\u00e9s ou justement apr\u00e8s une longue journ\u00e9e.   <\/p>\n<p>Le nom de cet arbre, \u00ab c\u00e8dre rouge \u00bb, est trompeur. L\u2019arbre appartient en effet \u00e0 la famille des gen\u00e9vriers et n\u2019a rien \u00e0 voir avec les c\u00e8dres. Autrefois, les Indiens d\u2019Am\u00e9rique du Nord utilisaient des d\u00e9coctions de branches et de feuilles pour leur influence apaisante sur les voies respiratoires. Au d\u00e9but du XVIII\u1d49 si\u00e8cle, le bois \u00e9tait principalement utilis\u00e9 pour la fabrication d\u2019armoires \u00e0 linge. \u00c0 cette \u00e9poque, on d\u00e9couvrit ses propri\u00e9t\u00e9s antimites et le bois devint populaire pour son parfum agr\u00e9able. De nos jours, le bois est surtout utilis\u00e9 pour fabriquer des crayons. L\u2019huile est largement utilis\u00e9e dans l\u2019industrie du parfum comme note de fond et l\u2019huile produite \u00e0 partir de d\u00e9chets de bois est utilis\u00e9e dans les produits de nettoyage.      <\/p>\n<p><strong>Le saviez-vous ?<\/strong> Une huile de c\u00e8dre virginie de bonne qualit\u00e9 peut cristalliser en cas de diff\u00e9rence de temp\u00e9rature. Cela est d\u00fb \u00e0 la pr\u00e9sence du composant c\u00e9drol. Si vous r\u00e9chauffez l\u00e9g\u00e8rement le flacon dans vos mains, le placez dans un endroit plus chaud ou le chauffez au bain-marie (pas trop chaud !), l\u2019huile redevient facilement liquide.  <\/p>\n","protected":false},"excerpt":{"rendered":"<p>L\u2019huile essentielle de c\u00e8dre virginie peut \u00eatre d\u00e9crite comme un parfum bois\u00e9 harmonieux. L\u2019huile est plus vive que celle du c\u00e8dre de l\u2019Atlas. L\u2019odeur rappelle les crayons fra\u00eechement taill\u00e9s et sa couleur varie du jaune clair \u00e0 l\u2019orange. C\u2019est une huile parfaite pour chaque moment de la journ\u00e9e, mais particuli\u00e8rement adapt\u00e9e aux moments charg\u00e9s ou [&hellip;]<\/p>\n","protected":false},"featured_media":56632,"comment_status":"open","ping_status":"closed","template":"","meta":{"_acf_changed":false},"product_brand":[],"product_cat":[6090,5678,6113,4972],"product_tag":[],"class_list":{"0":"post-56634","1":"product","2":"type-product","3":"status-publish","4":"has-post-thumbnail","6":"product_cat-chi-natural-life","7":"product_cat-huile-essentielles","8":"product_cat-huiles-essentielles-sauvages","9":"product_cat-nos-marques","11":"first","12":"instock","13":"taxable","14":"shipping-taxable","15":"product-type-simple"},"acf":[],"_links":{"self":[{"href":"https:\/\/sundar.be\/fr\/wp-json\/wp\/v2\/product\/56634","targetHints":{"allow":["GET"]}}],"collection":[{"href":"https:\/\/sundar.be\/fr\/wp-json\/wp\/v2\/product"}],"about":[{"href":"https:\/\/sundar.be\/fr\/wp-json\/wp\/v2\/types\/product"}],"replies":[{"embeddable":true,"href":"https:\/\/sundar.be\/fr\/wp-json\/wp\/v2\/comments?post=56634"}],"wp:featuredmedia":[{"embeddable":true,"href":"https:\/\/sundar.be\/fr\/wp-json\/wp\/v2\/media\/56632"}],"wp:attachment":[{"href":"https:\/\/sundar.be\/fr\/wp-json\/wp\/v2\/media?parent=56634"}],"wp:term":[{"taxonomy":"product_brand","embeddable":true,"href":"https:\/\/sundar.be\/fr\/wp-json\/wp\/v2\/product_brand?post=56634"},{"taxonomy":"product_cat","embeddable":true,"href":"https:\/\/sundar.be\/fr\/wp-json\/wp\/v2\/product_cat?post=56634"},{"taxonomy":"product_tag","embeddable":true,"href":"https:\/\/sundar.be\/fr\/wp-json\/wp\/v2\/product_tag?post=56634"}],"curies":[{"name":"wp","href":"https:\/\/api.w.org\/{rel}","templated":true}]}}