{"id":56631,"date":"2025-09-17T08:30:39","date_gmt":"2025-09-17T06:30:39","guid":{"rendered":"https:\/\/sundar.be\/product\/chi-ciste-huile-essentielle-cultivar-25-ml\/"},"modified":"2025-11-13T14:17:36","modified_gmt":"2025-11-13T13:17:36","slug":"chi-ciste-huile-essentielle-cultivar-25-ml","status":"publish","type":"product","link":"https:\/\/sundar.be\/fr\/produit\/chi-ciste-huile-essentielle-cultivar-25-ml\/","title":{"rendered":"Chi Ciste Huile Essentielle (Cultivar) 2,5 ml"},"content":{"rendered":"<p>L\u2019huile brun clair d\u00e9gage un parfum chaleureux, \u00e9pic\u00e9, l\u00e9g\u00e8rement bois\u00e9 avec une note de cognac. Lorsque cette huile est diffus\u00e9e le soir, le ciste aide \u00e0 bien dormir et agit comme un apaisant naturel. Le ciste aide en cas de sensation d\u2019agitation ou de tension.  <\/p>\n<p>Ce sont de petits arbustes toujours verts et attrayants avec de magnifiques fleurs. Le cistus ladanifer peut atteindre 2,5 m\u00e8tres de haut et poss\u00e8de des branches dress\u00e9es avec des feuilles collantes et de grandes fleurs blanches. Les jeunes rameaux et feuilles s\u00e9cr\u00e8tent une r\u00e9sine. La r\u00e9sine appel\u00e9e labdanum (ou laudanum) est un produit important dans l\u2019industrie du parfum. La plupart des huiles de ciste sont aujourd\u2019hui distill\u00e9es \u00e0 partir des plantes fleuries avec r\u00e9sine.    <\/p>\n<p>Le rendement en huile essentielle varie fortement mais se situe autour de 3 %. Cela signifie qu\u2019il faut 30 kg de mati\u00e8re v\u00e9g\u00e9tale pour obtenir 1 litre d\u2019huile. La couleur de cette huile est brun clair ou ambre.  <\/p>\n<p><strong>Attention : <\/strong>cette mati\u00e8re premi\u00e8re est tr\u00e8s pr\u00e9cieuse et n\u2019est donc disponible qu\u2019en petit conditionnement. Le contenu de 2,5 ml correspond \u00e0 environ 50 gouttes, selon l\u2019\u00e9paisseur de la mati\u00e8re premi\u00e8re. Tenez-en compte lors de l\u2019achat. Vous recevez un flacon de 6 ml, rempli avec 2,5 ml du produit. En raison des exigences l\u00e9gales, l\u2019emballage ne peut pas \u00eatre plus petit que 6 ml. Cela peut donner l\u2019impression que le flacon n\u2019est pas totalement rempli, mais il contient bien la quantit\u00e9 correcte : 2,5 ml.    <\/p>\n","protected":false},"excerpt":{"rendered":"<p>L\u2019huile brun clair d\u00e9gage un parfum chaleureux, \u00e9pic\u00e9, l\u00e9g\u00e8rement bois\u00e9 avec une note de cognac. Lorsque cette huile est diffus\u00e9e le soir, le ciste aide \u00e0 bien dormir et agit comme un apaisant naturel. Le ciste aide en cas de sensation d\u2019agitation ou de tension. Ce sont de petits arbustes toujours verts et attrayants avec [&hellip;]<\/p>\n","protected":false},"featured_media":56629,"comment_status":"open","ping_status":"closed","template":"","meta":{"_acf_changed":false},"product_brand":[],"product_cat":[6090,5678,6112,4972],"product_tag":[],"class_list":{"0":"post-56631","1":"product","2":"type-product","3":"status-publish","4":"has-post-thumbnail","6":"product_cat-chi-natural-life","7":"product_cat-huile-essentielles","8":"product_cat-huiles-essentielles-cultivees","9":"product_cat-nos-marques","11":"first","12":"instock","13":"taxable","14":"shipping-taxable","15":"product-type-simple"},"acf":[],"_links":{"self":[{"href":"https:\/\/sundar.be\/fr\/wp-json\/wp\/v2\/product\/56631","targetHints":{"allow":["GET"]}}],"collection":[{"href":"https:\/\/sundar.be\/fr\/wp-json\/wp\/v2\/product"}],"about":[{"href":"https:\/\/sundar.be\/fr\/wp-json\/wp\/v2\/types\/product"}],"replies":[{"embeddable":true,"href":"https:\/\/sundar.be\/fr\/wp-json\/wp\/v2\/comments?post=56631"}],"wp:featuredmedia":[{"embeddable":true,"href":"https:\/\/sundar.be\/fr\/wp-json\/wp\/v2\/media\/56629"}],"wp:attachment":[{"href":"https:\/\/sundar.be\/fr\/wp-json\/wp\/v2\/media?parent=56631"}],"wp:term":[{"taxonomy":"product_brand","embeddable":true,"href":"https:\/\/sundar.be\/fr\/wp-json\/wp\/v2\/product_brand?post=56631"},{"taxonomy":"product_cat","embeddable":true,"href":"https:\/\/sundar.be\/fr\/wp-json\/wp\/v2\/product_cat?post=56631"},{"taxonomy":"product_tag","embeddable":true,"href":"https:\/\/sundar.be\/fr\/wp-json\/wp\/v2\/product_tag?post=56631"}],"curies":[{"name":"wp","href":"https:\/\/api.w.org\/{rel}","templated":true}]}}