{"id":56627,"date":"2025-09-17T12:28:30","date_gmt":"2025-09-17T10:28:30","guid":{"rendered":"https:\/\/sundar.be\/product\/chi-citronnelle-huile-essentielle-cultivar-20-ml\/"},"modified":"2025-11-13T13:51:03","modified_gmt":"2025-11-13T12:51:03","slug":"chi-citronnelle-huile-essentielle-cultivar-20-ml","status":"publish","type":"product","link":"https:\/\/sundar.be\/fr\/produit\/chi-citronnelle-huile-essentielle-cultivar-20-ml\/","title":{"rendered":"Chi Citronnelle Huile Essentielle (Cultivar) 20 ml"},"content":{"rendered":"<p>L\u2019huile issue de la citronnelle est d\u2019un jaune clair et son parfum peut \u00eatre d\u00e9crit comme frais, herbac\u00e9 et l\u00e9g\u00e8rement citronn\u00e9. L\u2019odeur vous rafra\u00eechit et aide en cas de fatigue. <\/p>\n<p>L\u2019huile essentielle est obtenue par distillation \u00e0 la vapeur des feuilles s\u00e9ch\u00e9es. La citronnelle est connue gr\u00e2ce aux bougies \u00e0 la citronnelle, souvent utilis\u00e9es en \u00e9t\u00e9 dans le jardin ou au camping. <\/p>\n<p>La citronnelle est \u00e9galement un tr\u00e8s bon neutralisant d\u2019odeurs d\u00e9sagr\u00e9ables, comme l\u2019odeur de fum\u00e9e. Ce parfum frais est souvent utilis\u00e9 dans un produit de nettoyage. <\/p>\n<p>La citronnelle fait partie du <a href=\"https:\/\/sundar.be\/fr\/produit\/chi-zomermix-20ml-eucalyptus-citroen-citronella\/\">Zomermix <\/a>et de l\u2019<a href=\"https:\/\/sundar.be\/fr\/produit\/chi-outdoor-skinspray-100ml\/\">Outdoor Skinspray.<\/a><\/p>\n","protected":false},"excerpt":{"rendered":"<p>L\u2019huile issue de la citronnelle est d\u2019un jaune clair et son parfum peut \u00eatre d\u00e9crit comme frais, herbac\u00e9 et l\u00e9g\u00e8rement citronn\u00e9. L\u2019odeur vous rafra\u00eechit et aide en cas de fatigue. L\u2019huile essentielle est obtenue par distillation \u00e0 la vapeur des feuilles s\u00e9ch\u00e9es. La citronnelle est connue gr\u00e2ce aux bougies \u00e0 la citronnelle, souvent utilis\u00e9es en [&hellip;]<\/p>\n","protected":false},"featured_media":56626,"comment_status":"open","ping_status":"closed","template":"","meta":{"_acf_changed":false},"product_brand":[],"product_cat":[6090,5678,6112,4972],"product_tag":[],"class_list":{"0":"post-56627","1":"product","2":"type-product","3":"status-publish","4":"has-post-thumbnail","6":"product_cat-chi-natural-life","7":"product_cat-huile-essentielles","8":"product_cat-huiles-essentielles-cultivees","9":"product_cat-nos-marques","11":"first","12":"instock","13":"taxable","14":"shipping-taxable","15":"product-type-simple"},"acf":[],"_links":{"self":[{"href":"https:\/\/sundar.be\/fr\/wp-json\/wp\/v2\/product\/56627","targetHints":{"allow":["GET"]}}],"collection":[{"href":"https:\/\/sundar.be\/fr\/wp-json\/wp\/v2\/product"}],"about":[{"href":"https:\/\/sundar.be\/fr\/wp-json\/wp\/v2\/types\/product"}],"replies":[{"embeddable":true,"href":"https:\/\/sundar.be\/fr\/wp-json\/wp\/v2\/comments?post=56627"}],"wp:featuredmedia":[{"embeddable":true,"href":"https:\/\/sundar.be\/fr\/wp-json\/wp\/v2\/media\/56626"}],"wp:attachment":[{"href":"https:\/\/sundar.be\/fr\/wp-json\/wp\/v2\/media?parent=56627"}],"wp:term":[{"taxonomy":"product_brand","embeddable":true,"href":"https:\/\/sundar.be\/fr\/wp-json\/wp\/v2\/product_brand?post=56627"},{"taxonomy":"product_cat","embeddable":true,"href":"https:\/\/sundar.be\/fr\/wp-json\/wp\/v2\/product_cat?post=56627"},{"taxonomy":"product_tag","embeddable":true,"href":"https:\/\/sundar.be\/fr\/wp-json\/wp\/v2\/product_tag?post=56627"}],"curies":[{"name":"wp","href":"https:\/\/api.w.org\/{rel}","templated":true}]}}