{"id":56625,"date":"2025-09-17T12:30:49","date_gmt":"2025-09-17T10:30:49","guid":{"rendered":"https:\/\/sundar.be\/product\/chi-cozy-aroma-burner\/"},"modified":"2025-11-13T13:46:26","modified_gmt":"2025-11-13T12:46:26","slug":"chi-cozy-aroma-burner","status":"publish","type":"product","link":"https:\/\/sundar.be\/fr\/produit\/chi-cozy-aroma-burner\/","title":{"rendered":"Chi Cozy Aroma Burner"},"content":{"rendered":"<p>Chi devient r\u00e9tro : le Cozy est un diffuseur classique avec bougie chauffe-plat. Ce br\u00fbleur d\u2019ar\u00f4mes est fabriqu\u00e9 en bois et en c\u00e9ramique, et ne contient donc aucun plastique. Le Cozy cr\u00e9e une atmosph\u00e8re chaleureuse avec un parfum d\u00e9licieux, o\u00f9 que vous le souhaitiez. Le Cozy est \u00e9galement agr\u00e9able \u00e0 offrir en cadeau.    <strong>It&rsquo;s getting cozy!<\/strong><\/p>\n","protected":false},"excerpt":{"rendered":"<p>Chi devient r\u00e9tro : le Cozy est un diffuseur classique avec bougie chauffe-plat. Ce br\u00fbleur d\u2019ar\u00f4mes est fabriqu\u00e9 en bois et en c\u00e9ramique, et ne contient donc aucun plastique. Le Cozy cr\u00e9e une atmosph\u00e8re chaleureuse avec un parfum d\u00e9licieux, o\u00f9 que vous le souhaitiez. Le Cozy est \u00e9galement agr\u00e9able \u00e0 offrir en cadeau. It&rsquo;s getting [&hellip;]<\/p>\n","protected":false},"featured_media":56617,"comment_status":"open","ping_status":"closed","template":"","meta":{"_acf_changed":false},"product_brand":[],"product_cat":[6090,4972,6117],"product_tag":[],"class_list":{"0":"post-56625","1":"product","2":"type-product","3":"status-publish","4":"has-post-thumbnail","6":"product_cat-chi-natural-life","7":"product_cat-nos-marques","8":"product_cat-pierres-parfumees-diffuseurs","10":"first","11":"instock","12":"taxable","13":"shipping-taxable","14":"product-type-simple"},"acf":[],"_links":{"self":[{"href":"https:\/\/sundar.be\/fr\/wp-json\/wp\/v2\/product\/56625","targetHints":{"allow":["GET"]}}],"collection":[{"href":"https:\/\/sundar.be\/fr\/wp-json\/wp\/v2\/product"}],"about":[{"href":"https:\/\/sundar.be\/fr\/wp-json\/wp\/v2\/types\/product"}],"replies":[{"embeddable":true,"href":"https:\/\/sundar.be\/fr\/wp-json\/wp\/v2\/comments?post=56625"}],"wp:featuredmedia":[{"embeddable":true,"href":"https:\/\/sundar.be\/fr\/wp-json\/wp\/v2\/media\/56617"}],"wp:attachment":[{"href":"https:\/\/sundar.be\/fr\/wp-json\/wp\/v2\/media?parent=56625"}],"wp:term":[{"taxonomy":"product_brand","embeddable":true,"href":"https:\/\/sundar.be\/fr\/wp-json\/wp\/v2\/product_brand?post=56625"},{"taxonomy":"product_cat","embeddable":true,"href":"https:\/\/sundar.be\/fr\/wp-json\/wp\/v2\/product_cat?post=56625"},{"taxonomy":"product_tag","embeddable":true,"href":"https:\/\/sundar.be\/fr\/wp-json\/wp\/v2\/product_tag?post=56625"}],"curies":[{"name":"wp","href":"https:\/\/api.w.org\/{rel}","templated":true}]}}