{"id":56616,"date":"2025-09-17T12:33:03","date_gmt":"2025-09-17T10:33:03","guid":{"rendered":"https:\/\/sundar.be\/product\/chi-davos-roller-10ml\/"},"modified":"2025-11-13T13:41:45","modified_gmt":"2025-11-13T12:41:45","slug":"chi-davos-roller-10ml","status":"publish","type":"product","link":"https:\/\/sundar.be\/fr\/produit\/chi-davos-roller-10ml\/","title":{"rendered":"Chi Davos Roller 10ml"},"content":{"rendered":"<p>Davos signifie purification de l\u2019air, voies respiratoires en bonne sant\u00e9 et plus de respiration ! Davos Roller est enti\u00e8rement compos\u00e9 d\u2019ingr\u00e9dients naturels avec l\u2019huile de jojoba comme base, en combinaison avec les huiles essentielles bien connues de Davos Air : <strong>pin sylvestre, eucalyptus, menthe poivr\u00e9e et menthe des champs<\/strong>.<br \/>\nSp\u00e9cialement pour les enfants \u00e0 partir de 1 an, il existe le <a href=\"https:\/\/sundar.be\/produit\/chi-davos-roller-kids-10ml\/\">Davos Roller Kids<\/a> ! <\/p>\n","protected":false},"excerpt":{"rendered":"<p>Davos signifie purification de l\u2019air, voies respiratoires en bonne sant\u00e9 et plus de respiration ! Davos Roller est enti\u00e8rement compos\u00e9 d\u2019ingr\u00e9dients naturels avec l\u2019huile de jojoba comme base, en combinaison avec les huiles essentielles bien connues de Davos Air : pin sylvestre, eucalyptus, menthe poivr\u00e9e et menthe des champs. Sp\u00e9cialement pour les enfants \u00e0 partir [&hellip;]<\/p>\n","protected":false},"featured_media":56615,"comment_status":"open","ping_status":"closed","template":"","meta":{"_acf_changed":false},"product_brand":[],"product_cat":[6090,6106,4972],"product_tag":[],"class_list":{"0":"post-56616","1":"product","2":"type-product","3":"status-publish","4":"has-post-thumbnail","6":"product_cat-chi-natural-life","7":"product_cat-chi-soin-de-la-peau","8":"product_cat-nos-marques","10":"first","11":"instock","12":"taxable","13":"shipping-taxable","14":"product-type-simple"},"acf":[],"_links":{"self":[{"href":"https:\/\/sundar.be\/fr\/wp-json\/wp\/v2\/product\/56616","targetHints":{"allow":["GET"]}}],"collection":[{"href":"https:\/\/sundar.be\/fr\/wp-json\/wp\/v2\/product"}],"about":[{"href":"https:\/\/sundar.be\/fr\/wp-json\/wp\/v2\/types\/product"}],"replies":[{"embeddable":true,"href":"https:\/\/sundar.be\/fr\/wp-json\/wp\/v2\/comments?post=56616"}],"wp:featuredmedia":[{"embeddable":true,"href":"https:\/\/sundar.be\/fr\/wp-json\/wp\/v2\/media\/56615"}],"wp:attachment":[{"href":"https:\/\/sundar.be\/fr\/wp-json\/wp\/v2\/media?parent=56616"}],"wp:term":[{"taxonomy":"product_brand","embeddable":true,"href":"https:\/\/sundar.be\/fr\/wp-json\/wp\/v2\/product_brand?post=56616"},{"taxonomy":"product_cat","embeddable":true,"href":"https:\/\/sundar.be\/fr\/wp-json\/wp\/v2\/product_cat?post=56616"},{"taxonomy":"product_tag","embeddable":true,"href":"https:\/\/sundar.be\/fr\/wp-json\/wp\/v2\/product_tag?post=56616"}],"curies":[{"name":"wp","href":"https:\/\/api.w.org\/{rel}","templated":true}]}}