{"id":56611,"date":"2025-09-17T12:38:36","date_gmt":"2025-09-17T10:38:36","guid":{"rendered":"https:\/\/sundar.be\/product\/chi-pin-sylvestre-huile-essentielle-sauvage\/"},"modified":"2025-11-13T13:38:01","modified_gmt":"2025-11-13T12:38:01","slug":"chi-pin-sylvestre-huile-essentielle-sauvage","status":"publish","type":"product","link":"https:\/\/sundar.be\/fr\/produit\/chi-pin-sylvestre-huile-essentielle-sauvage\/","title":{"rendered":"Chi Pin Sylvestre Huile Essentielle (Sauvage)"},"content":{"rendered":"<p>Prenez un moment pour respirer, au sens propre comme au figur\u00e9. En effet, l\u2019huile de pin vous aide \u00e0 respirer plus librement et \u00e0 purifier l\u2019espace. C\u2019est pourquoi cette huile donne le meilleur d\u2019elle-m\u00eame dans un diffuseur d\u2019ar\u00f4mes. Avec l\u2019huile fra\u00eeche et piquante des aiguilles de pin, c\u2019est comme si vous faisiez entrer la for\u00eat dans votre maison. L\u2019odeur rafra\u00eechit l\u2019esprit et aide en cas de fatigue.    <\/p>\n<p>L\u2019huile fra\u00eeche et piquante issue des aiguilles du pin sylvestre est produite \u00e0 partir de l\u2019esp\u00e8ce de pin la plus connue dans notre pays. Le rendement de l\u2019huile varie entre 0,1 % et 0,5 %. Cela signifie qu\u2019il faut environ entre 500 kg et 1000 kg de mati\u00e8re v\u00e9g\u00e9tale pour obtenir 1 litre d\u2019huile. Ce pin sylvestre est un liquide incolore \u00e0 l\u2019odeur tr\u00e8s fra\u00eeche, piquante et r\u00e9sineuse. L\u2019odeur et la composition chimique sont d\u00e9termin\u00e9es par la r\u00e9gion d\u2019origine de l\u2019huile.    <\/p>\n","protected":false},"excerpt":{"rendered":"<p>Prenez un moment pour respirer, au sens propre comme au figur\u00e9. En effet, l\u2019huile de pin vous aide \u00e0 respirer plus librement et \u00e0 purifier l\u2019espace. C\u2019est pourquoi cette huile donne le meilleur d\u2019elle-m\u00eame dans un diffuseur d\u2019ar\u00f4mes. Avec l\u2019huile fra\u00eeche et piquante des aiguilles de pin, c\u2019est comme si vous faisiez entrer la for\u00eat [&hellip;]<\/p>\n","protected":false},"featured_media":56610,"comment_status":"open","ping_status":"closed","template":"","meta":{"_acf_changed":false},"product_brand":[],"product_cat":[6090,5678,6113,4972],"product_tag":[],"class_list":{"0":"post-56611","1":"product","2":"type-product","3":"status-publish","4":"has-post-thumbnail","6":"product_cat-chi-natural-life","7":"product_cat-huile-essentielles","8":"product_cat-huiles-essentielles-sauvages","9":"product_cat-nos-marques","10":"pa_inhoud-10-ml-fr","11":"pa_inhoud-50-ml-fr","13":"first","14":"instock","15":"taxable","16":"shipping-taxable","17":"product-type-variable"},"acf":[],"_links":{"self":[{"href":"https:\/\/sundar.be\/fr\/wp-json\/wp\/v2\/product\/56611","targetHints":{"allow":["GET"]}}],"collection":[{"href":"https:\/\/sundar.be\/fr\/wp-json\/wp\/v2\/product"}],"about":[{"href":"https:\/\/sundar.be\/fr\/wp-json\/wp\/v2\/types\/product"}],"replies":[{"embeddable":true,"href":"https:\/\/sundar.be\/fr\/wp-json\/wp\/v2\/comments?post=56611"}],"wp:featuredmedia":[{"embeddable":true,"href":"https:\/\/sundar.be\/fr\/wp-json\/wp\/v2\/media\/56610"}],"wp:attachment":[{"href":"https:\/\/sundar.be\/fr\/wp-json\/wp\/v2\/media?parent=56611"}],"wp:term":[{"taxonomy":"product_brand","embeddable":true,"href":"https:\/\/sundar.be\/fr\/wp-json\/wp\/v2\/product_brand?post=56611"},{"taxonomy":"product_cat","embeddable":true,"href":"https:\/\/sundar.be\/fr\/wp-json\/wp\/v2\/product_cat?post=56611"},{"taxonomy":"product_tag","embeddable":true,"href":"https:\/\/sundar.be\/fr\/wp-json\/wp\/v2\/product_tag?post=56611"}],"curies":[{"name":"wp","href":"https:\/\/api.w.org\/{rel}","templated":true}]}}