{"id":56609,"date":"2025-09-17T12:43:03","date_gmt":"2025-09-17T10:43:03","guid":{"rendered":"https:\/\/sundar.be\/product\/chi-e-stone-aroma-diffuser-white\/"},"modified":"2025-11-13T13:29:03","modified_gmt":"2025-11-13T12:29:03","slug":"chi-e-stone-aroma-diffuser-white","status":"publish","type":"product","link":"https:\/\/sundar.be\/fr\/produit\/chi-e-stone-aroma-diffuser-white\/","title":{"rendered":"Chi E-Stone Aroma Diffuser White"},"content":{"rendered":"<p>Cette Chi E-Stone est un magnifique diffuseur d\u2019ar\u00f4mes en c\u00e9ramique. Vous d\u00e9posez quelques gouttes d\u2019huiles essentielles 100 % pures dans l\u2019\u00e9videment, sans ajout d\u2019eau. Gr\u00e2ce \u00e0 un chauffage subtil, l\u2019E-Stone diffuse l\u2019huile uniform\u00e9ment dans la pi\u00e8ce. Une mani\u00e8re propre, s\u00fbre et efficace de purifier l\u2019air et de cr\u00e9er une ambiance agr\u00e9able. \u00c9galement adapt\u00e9 pour r\u00e9chauffer un petit bol d\u2019huile de massage pour un massage d\u00e9licieux et chaleureux ! Nous vendons et d\u00e9veloppons depuis 40 ans nos propres mod\u00e8les de diffuseurs d\u2019ar\u00f4mes. Ce mod\u00e8le r\u00e9vis\u00e9 poss\u00e8de un r\u00e9servoir plus grand, est plus \u00e9conomique \u00e0 l\u2019usage et dispose d\u2019une jolie fonction lumineuse dans l\u2019obscurit\u00e9 !      <\/p>\n","protected":false},"excerpt":{"rendered":"<p>Cette Chi E-Stone est un magnifique diffuseur d\u2019ar\u00f4mes en c\u00e9ramique. Vous d\u00e9posez quelques gouttes d\u2019huiles essentielles 100 % pures dans l\u2019\u00e9videment, sans ajout d\u2019eau. Gr\u00e2ce \u00e0 un chauffage subtil, l\u2019E-Stone diffuse l\u2019huile uniform\u00e9ment dans la pi\u00e8ce. Une mani\u00e8re propre, s\u00fbre et efficace de purifier l\u2019air et de cr\u00e9er une ambiance agr\u00e9able. \u00c9galement adapt\u00e9 pour r\u00e9chauffer [&hellip;]<\/p>\n","protected":false},"featured_media":56604,"comment_status":"open","ping_status":"closed","template":"","meta":{"_acf_changed":false},"product_brand":[],"product_cat":[6090,4972,6117],"product_tag":[],"class_list":{"0":"post-56609","1":"product","2":"type-product","3":"status-publish","4":"has-post-thumbnail","6":"product_cat-chi-natural-life","7":"product_cat-nos-marques","8":"product_cat-pierres-parfumees-diffuseurs","10":"first","11":"instock","12":"taxable","13":"shipping-taxable","14":"product-type-simple"},"acf":[],"_links":{"self":[{"href":"https:\/\/sundar.be\/fr\/wp-json\/wp\/v2\/product\/56609","targetHints":{"allow":["GET"]}}],"collection":[{"href":"https:\/\/sundar.be\/fr\/wp-json\/wp\/v2\/product"}],"about":[{"href":"https:\/\/sundar.be\/fr\/wp-json\/wp\/v2\/types\/product"}],"replies":[{"embeddable":true,"href":"https:\/\/sundar.be\/fr\/wp-json\/wp\/v2\/comments?post=56609"}],"wp:featuredmedia":[{"embeddable":true,"href":"https:\/\/sundar.be\/fr\/wp-json\/wp\/v2\/media\/56604"}],"wp:attachment":[{"href":"https:\/\/sundar.be\/fr\/wp-json\/wp\/v2\/media?parent=56609"}],"wp:term":[{"taxonomy":"product_brand","embeddable":true,"href":"https:\/\/sundar.be\/fr\/wp-json\/wp\/v2\/product_brand?post=56609"},{"taxonomy":"product_cat","embeddable":true,"href":"https:\/\/sundar.be\/fr\/wp-json\/wp\/v2\/product_cat?post=56609"},{"taxonomy":"product_tag","embeddable":true,"href":"https:\/\/sundar.be\/fr\/wp-json\/wp\/v2\/product_tag?post=56609"}],"curies":[{"name":"wp","href":"https:\/\/api.w.org\/{rel}","templated":true}]}}