{"id":56603,"date":"2025-09-17T12:45:16","date_gmt":"2025-09-17T10:45:16","guid":{"rendered":"https:\/\/sundar.be\/product\/chi-empire-aroma-diffuser\/"},"modified":"2025-11-13T13:23:33","modified_gmt":"2025-11-13T12:23:33","slug":"chi-empire-aroma-diffuser","status":"publish","type":"product","link":"https:\/\/sundar.be\/fr\/produit\/chi-empire-aroma-diffuser\/","title":{"rendered":"Chi Empire Aroma Diffuser"},"content":{"rendered":"<p><strong>Le diffuseur Empire allie \u00e9l\u00e9gance et performance<\/strong> : choisissez une diffusion douce, intense ou en mode intervalle selon vos envies. La lumi\u00e8re d\u2019ambiance r\u00e9glable apporte une touche chaleureuse. Ce diffuseur d\u2019huiles essentielles combine trois fonctions essentielles : diffusion d\u2019ar\u00f4mes, humidification de l\u2019air et purification atmosph\u00e9rique.  <\/p>\n","protected":false},"excerpt":{"rendered":"<p>Le diffuseur Empire allie \u00e9l\u00e9gance et performance : choisissez une diffusion douce, intense ou en mode intervalle selon vos envies. La lumi\u00e8re d\u2019ambiance r\u00e9glable apporte une touche chaleureuse. Ce diffuseur d\u2019huiles essentielles combine trois fonctions essentielles : diffusion d\u2019ar\u00f4mes, humidification de l\u2019air et purification atmosph\u00e9rique.<\/p>\n","protected":false},"featured_media":56597,"comment_status":"open","ping_status":"closed","template":"","meta":{"_acf_changed":false},"product_brand":[],"product_cat":[6090,4972,6117],"product_tag":[],"class_list":{"0":"post-56603","1":"product","2":"type-product","3":"status-publish","4":"has-post-thumbnail","6":"product_cat-chi-natural-life","7":"product_cat-nos-marques","8":"product_cat-pierres-parfumees-diffuseurs","10":"first","11":"instock","12":"taxable","13":"shipping-taxable","14":"product-type-simple"},"acf":[],"_links":{"self":[{"href":"https:\/\/sundar.be\/fr\/wp-json\/wp\/v2\/product\/56603","targetHints":{"allow":["GET"]}}],"collection":[{"href":"https:\/\/sundar.be\/fr\/wp-json\/wp\/v2\/product"}],"about":[{"href":"https:\/\/sundar.be\/fr\/wp-json\/wp\/v2\/types\/product"}],"replies":[{"embeddable":true,"href":"https:\/\/sundar.be\/fr\/wp-json\/wp\/v2\/comments?post=56603"}],"wp:featuredmedia":[{"embeddable":true,"href":"https:\/\/sundar.be\/fr\/wp-json\/wp\/v2\/media\/56597"}],"wp:attachment":[{"href":"https:\/\/sundar.be\/fr\/wp-json\/wp\/v2\/media?parent=56603"}],"wp:term":[{"taxonomy":"product_brand","embeddable":true,"href":"https:\/\/sundar.be\/fr\/wp-json\/wp\/v2\/product_brand?post=56603"},{"taxonomy":"product_cat","embeddable":true,"href":"https:\/\/sundar.be\/fr\/wp-json\/wp\/v2\/product_cat?post=56603"},{"taxonomy":"product_tag","embeddable":true,"href":"https:\/\/sundar.be\/fr\/wp-json\/wp\/v2\/product_tag?post=56603"}],"curies":[{"name":"wp","href":"https:\/\/api.w.org\/{rel}","templated":true}]}}