{"id":56593,"date":"2025-09-17T12:49:49","date_gmt":"2025-09-17T10:49:49","guid":{"rendered":"https:\/\/sundar.be\/product\/chi-huile-essentielle-deucalyptus-sauvage\/"},"modified":"2025-11-13T13:16:22","modified_gmt":"2025-11-13T12:16:22","slug":"chi-huile-essentielle-deucalyptus-sauvage","status":"publish","type":"product","link":"https:\/\/sundar.be\/fr\/produit\/chi-huile-essentielle-deucalyptus-sauvage\/","title":{"rendered":"Chi Huile Essentielle d\u2019Eucalyptus (Sauvage)"},"content":{"rendered":"<p>L\u2019eucalyptus est reconnu comme l\u2019huile essentielle par excellence pour apaiser les voies respiratoires. Le cin\u00e9ole, son principal composant actif, a \u00e9t\u00e9 largement \u00e9tudi\u00e9 ces derni\u00e8res ann\u00e9es pour ses propri\u00e9t\u00e9s b\u00e9n\u00e9fiques sur le syst\u00e8me respiratoire. C\u2019est pourquoi l\u2019huile d\u2019eucalyptus et le cin\u00e9ole sont souvent int\u00e9gr\u00e9s dans des sirops, dentifrices et baumes. En aromath\u00e9rapie, l\u2019huile d\u2019eucalyptus est g\u00e9n\u00e9ralement utilis\u00e9e en diffusion, en inhalation ou en vapeur, et elle purifie naturellement l\u2019air.    <\/p>\n<p>Sur le plan mental, l\u2019eucalyptus a un effet rafra\u00eechissant et tonifiant. Diffusez cette huile en cas de fatigue ou de lassitude, elle aide \u00e0 rester vif et concentr\u00e9 \u2014 id\u00e9ale au travail ou pendant les \u00e9tudes.  <\/p>\n","protected":false},"excerpt":{"rendered":"<p>L\u2019eucalyptus est reconnu comme l\u2019huile essentielle par excellence pour apaiser les voies respiratoires. Le cin\u00e9ole, son principal composant actif, a \u00e9t\u00e9 largement \u00e9tudi\u00e9 ces derni\u00e8res ann\u00e9es pour ses propri\u00e9t\u00e9s b\u00e9n\u00e9fiques sur le syst\u00e8me respiratoire. C\u2019est pourquoi l\u2019huile d\u2019eucalyptus et le cin\u00e9ole sont souvent int\u00e9gr\u00e9s dans des sirops, dentifrices et baumes. En aromath\u00e9rapie, l\u2019huile d\u2019eucalyptus est [&hellip;]<\/p>\n","protected":false},"featured_media":56591,"comment_status":"open","ping_status":"closed","template":"","meta":{"_acf_changed":false},"product_brand":[],"product_cat":[6090,5678,6113,4972],"product_tag":[],"class_list":{"0":"post-56593","1":"product","2":"type-product","3":"status-publish","4":"has-post-thumbnail","6":"product_cat-chi-natural-life","7":"product_cat-huile-essentielles","8":"product_cat-huiles-essentielles-sauvages","9":"product_cat-nos-marques","10":"pa_inhoud-100-ml-fr","11":"pa_inhoud-20-ml-fr","12":"pa_inhoud-50-ml-fr","14":"first","15":"instock","16":"taxable","17":"shipping-taxable","18":"product-type-variable"},"acf":[],"_links":{"self":[{"href":"https:\/\/sundar.be\/fr\/wp-json\/wp\/v2\/product\/56593","targetHints":{"allow":["GET"]}}],"collection":[{"href":"https:\/\/sundar.be\/fr\/wp-json\/wp\/v2\/product"}],"about":[{"href":"https:\/\/sundar.be\/fr\/wp-json\/wp\/v2\/types\/product"}],"replies":[{"embeddable":true,"href":"https:\/\/sundar.be\/fr\/wp-json\/wp\/v2\/comments?post=56593"}],"wp:featuredmedia":[{"embeddable":true,"href":"https:\/\/sundar.be\/fr\/wp-json\/wp\/v2\/media\/56591"}],"wp:attachment":[{"href":"https:\/\/sundar.be\/fr\/wp-json\/wp\/v2\/media?parent=56593"}],"wp:term":[{"taxonomy":"product_brand","embeddable":true,"href":"https:\/\/sundar.be\/fr\/wp-json\/wp\/v2\/product_brand?post=56593"},{"taxonomy":"product_cat","embeddable":true,"href":"https:\/\/sundar.be\/fr\/wp-json\/wp\/v2\/product_cat?post=56593"},{"taxonomy":"product_tag","embeddable":true,"href":"https:\/\/sundar.be\/fr\/wp-json\/wp\/v2\/product_tag?post=56593"}],"curies":[{"name":"wp","href":"https:\/\/api.w.org\/{rel}","templated":true}]}}