{"id":56590,"date":"2025-09-17T12:51:57","date_gmt":"2025-09-17T10:51:57","guid":{"rendered":"https:\/\/sundar.be\/product\/chi-fair-aroma-diffuser\/"},"modified":"2025-11-13T13:02:43","modified_gmt":"2025-11-13T12:02:43","slug":"chi-fair-aroma-diffuser","status":"publish","type":"product","link":"https:\/\/sundar.be\/fr\/produit\/chi-fair-aroma-diffuser\/","title":{"rendered":"Chi Fair Aroma Diffuser"},"content":{"rendered":"<p>Le Fair Diffuseur d\u2019Ar\u00f4mes est un diffuseur mural con\u00e7u pour les petits espaces jusqu\u2019\u00e0 20 m\u00b2. Id\u00e9al pour la salle de bain, les toilettes, la chambre ou le bureau, il diffuse subtilement les senteurs choisies. Gr\u00e2ce \u00e0 l\u2019utilisation d\u2019huiles essentielles pures, il cr\u00e9e un v\u00e9ritable effet aromath\u00e9rapeutique. Cr\u00e9ez une atmosph\u00e8re joyeuse et relaxante avec une huile d\u2019agrumes ou le m\u00e9lange Happiness, ou optez pour une ambiance intime et florale avec la rose ou l\u2019ylang-ylang.     <\/p>\n","protected":false},"excerpt":{"rendered":"<p>Avec le Fair Diffuseur d\u2019Ar\u00f4mes, vous diffusez facilement vos huiles essentielles pr\u00e9f\u00e9r\u00e9es dans les petits espaces.<br \/>La coupelle chauff\u00e9e assure une diffusion douce et uniforme du parfum. Ne d\u00e9passant jamais 40 \u00b0C, ce diffuseur est s\u00fbr et pratique, m\u00eame avec des enfants \u00e0 proximit\u00e9.    <\/p>\n<p>Gr\u00e2ce \u00e0 ce syst\u00e8me simple, vous pouvez changer rapidement de senteur et cr\u00e9er l\u2019ambiance souhait\u00e9e en un instant. L\u2019utilisation d\u2019huiles essentielles pures contribue en outre \u00e0 purifier l\u2019air ambiant. <\/p>\n","protected":false},"featured_media":56583,"comment_status":"open","ping_status":"closed","template":"","meta":{"_acf_changed":false},"product_brand":[],"product_cat":[6090,4972,6117],"product_tag":[],"class_list":{"0":"post-56590","1":"product","2":"type-product","3":"status-publish","4":"has-post-thumbnail","6":"product_cat-chi-natural-life","7":"product_cat-nos-marques","8":"product_cat-pierres-parfumees-diffuseurs","10":"first","11":"instock","12":"taxable","13":"shipping-taxable","14":"product-type-simple"},"acf":[],"_links":{"self":[{"href":"https:\/\/sundar.be\/fr\/wp-json\/wp\/v2\/product\/56590","targetHints":{"allow":["GET"]}}],"collection":[{"href":"https:\/\/sundar.be\/fr\/wp-json\/wp\/v2\/product"}],"about":[{"href":"https:\/\/sundar.be\/fr\/wp-json\/wp\/v2\/types\/product"}],"replies":[{"embeddable":true,"href":"https:\/\/sundar.be\/fr\/wp-json\/wp\/v2\/comments?post=56590"}],"wp:featuredmedia":[{"embeddable":true,"href":"https:\/\/sundar.be\/fr\/wp-json\/wp\/v2\/media\/56583"}],"wp:attachment":[{"href":"https:\/\/sundar.be\/fr\/wp-json\/wp\/v2\/media?parent=56590"}],"wp:term":[{"taxonomy":"product_brand","embeddable":true,"href":"https:\/\/sundar.be\/fr\/wp-json\/wp\/v2\/product_brand?post=56590"},{"taxonomy":"product_cat","embeddable":true,"href":"https:\/\/sundar.be\/fr\/wp-json\/wp\/v2\/product_cat?post=56590"},{"taxonomy":"product_tag","embeddable":true,"href":"https:\/\/sundar.be\/fr\/wp-json\/wp\/v2\/product_tag?post=56590"}],"curies":[{"name":"wp","href":"https:\/\/api.w.org\/{rel}","templated":true}]}}