{"id":56582,"date":"2025-09-17T12:55:01","date_gmt":"2025-09-17T10:55:01","guid":{"rendered":"https:\/\/sundar.be\/product\/chi-bloc-parfume-rond-carre\/"},"modified":"2025-11-13T12:58:36","modified_gmt":"2025-11-13T11:58:36","slug":"chi-bloc-parfume-rond-carre","status":"publish","type":"product","link":"https:\/\/sundar.be\/fr\/produit\/chi-bloc-parfume-rond-carre\/","title":{"rendered":"Chi Bloc Parfum\u00e9 Rond \/ Carr\u00e9"},"content":{"rendered":"<p>Les blocs parfum\u00e9s sont fabriqu\u00e9s depuis l\u2019an 2000 par un partenaire de Chi : la Fondation Amarant \u00e0 Tilburg, qui offre des soins et un accompagnement aux personnes pr\u00e9sentant un handicap mental et\/ou physique. Chaque bloc est fabriqu\u00e9 \u00e0 la main, ce qui explique que la forme et la couleur puissent varier.  <strong>Chaque pi\u00e8ce est donc unique !<\/strong><\/p>\n","protected":false},"excerpt":{"rendered":"<p>Les blocs parfum\u00e9s sont fabriqu\u00e9s depuis l\u2019an 2000 par un partenaire de Chi : la Fondation Amarant \u00e0 Tilburg, qui offre des soins et un accompagnement aux personnes pr\u00e9sentant un handicap mental et\/ou physique. Chaque bloc est fabriqu\u00e9 \u00e0 la main, ce qui explique que la forme et la couleur puissent varier. Chaque pi\u00e8ce est [&hellip;]<\/p>\n","protected":false},"featured_media":55645,"comment_status":"open","ping_status":"closed","template":"","meta":{"_acf_changed":false},"product_brand":[],"product_cat":[6090,4972,6117],"product_tag":[],"class_list":{"0":"post-56582","1":"product","2":"type-product","3":"status-publish","4":"has-post-thumbnail","6":"product_cat-chi-natural-life","7":"product_cat-nos-marques","8":"product_cat-pierres-parfumees-diffuseurs","10":"first","11":"instock","12":"taxable","13":"shipping-taxable","14":"product-type-simple"},"acf":[],"_links":{"self":[{"href":"https:\/\/sundar.be\/fr\/wp-json\/wp\/v2\/product\/56582","targetHints":{"allow":["GET"]}}],"collection":[{"href":"https:\/\/sundar.be\/fr\/wp-json\/wp\/v2\/product"}],"about":[{"href":"https:\/\/sundar.be\/fr\/wp-json\/wp\/v2\/types\/product"}],"replies":[{"embeddable":true,"href":"https:\/\/sundar.be\/fr\/wp-json\/wp\/v2\/comments?post=56582"}],"wp:featuredmedia":[{"embeddable":true,"href":"https:\/\/sundar.be\/fr\/wp-json\/wp\/v2\/media\/55645"}],"wp:attachment":[{"href":"https:\/\/sundar.be\/fr\/wp-json\/wp\/v2\/media?parent=56582"}],"wp:term":[{"taxonomy":"product_brand","embeddable":true,"href":"https:\/\/sundar.be\/fr\/wp-json\/wp\/v2\/product_brand?post=56582"},{"taxonomy":"product_cat","embeddable":true,"href":"https:\/\/sundar.be\/fr\/wp-json\/wp\/v2\/product_cat?post=56582"},{"taxonomy":"product_tag","embeddable":true,"href":"https:\/\/sundar.be\/fr\/wp-json\/wp\/v2\/product_tag?post=56582"}],"curies":[{"name":"wp","href":"https:\/\/api.w.org\/{rel}","templated":true}]}}