{"id":56576,"date":"2025-09-17T12:57:54","date_gmt":"2025-09-17T10:57:54","guid":{"rendered":"https:\/\/sundar.be\/product\/chi-huile-essentielle-de-pamplemousse-cultivar-20-ml\/"},"modified":"2025-11-13T12:36:52","modified_gmt":"2025-11-13T11:36:52","slug":"chi-huile-essentielle-de-pamplemousse-cultivar-20-ml","status":"publish","type":"product","link":"https:\/\/sundar.be\/fr\/produit\/chi-huile-essentielle-de-pamplemousse-cultivar-20-ml\/","title":{"rendered":"Chi Huile Essentielle de Pamplemousse (Cultivar) 20 ml"},"content":{"rendered":"<p>Le pamplemousse est une huile essentielle obtenue par pression \u00e0 froid de l\u2019\u00e9corce de ce fruit d\u2019agrumes. Ce fruit pousse sur un arbre d\u2019environ 10 m\u00e8tres de haut, aux feuilles brillantes et aux grands fruits jaunes ou ros\u00e9s. Le rendement en huile essentielle du pamplemousse est d\u2019environ 0,1 %, ce qui signifie qu\u2019il faut plus de 1000 kg d\u2019\u00e9corces pour obtenir 1 litre d\u2019huile. L\u2019huile elle-m\u00eame est jaune clair \u00e0 verd\u00e2tre.    <\/p>\n<p>Il n\u2019existe presque pas d\u2019huile plus fra\u00eeche que celle du pamplemousse. Son parfum est clair, l\u00e9g\u00e8rement amer et sucr\u00e9. C\u2019est une huile d\u00e9licieuse \u00e0 diffuser. Le pamplemousse peut \u00e9galement \u00eatre utilis\u00e9 sur la peau, car il soutient la capacit\u00e9 de r\u00e9g\u00e9n\u00e9ration de la peau. Le pamplemousse aide en cas de fatigue et de manque d\u2019\u00e9nergie.    <\/p>\n","protected":false},"excerpt":{"rendered":"<p>Le pamplemousse est une huile essentielle obtenue par pression \u00e0 froid de l\u2019\u00e9corce de ce fruit d\u2019agrumes. Ce fruit pousse sur un arbre d\u2019environ 10 m\u00e8tres de haut, aux feuilles brillantes et aux grands fruits jaunes ou ros\u00e9s. Le rendement en huile essentielle du pamplemousse est d\u2019environ 0,1 %, ce qui signifie qu\u2019il faut plus [&hellip;]<\/p>\n","protected":false},"featured_media":55647,"comment_status":"open","ping_status":"closed","template":"","meta":{"_acf_changed":false},"product_brand":[],"product_cat":[6090,5678,6112,4972],"product_tag":[],"class_list":{"0":"post-56576","1":"product","2":"type-product","3":"status-publish","4":"has-post-thumbnail","6":"product_cat-chi-natural-life","7":"product_cat-huile-essentielles","8":"product_cat-huiles-essentielles-cultivees","9":"product_cat-nos-marques","11":"first","12":"instock","13":"taxable","14":"shipping-taxable","15":"product-type-simple"},"acf":[],"_links":{"self":[{"href":"https:\/\/sundar.be\/fr\/wp-json\/wp\/v2\/product\/56576","targetHints":{"allow":["GET"]}}],"collection":[{"href":"https:\/\/sundar.be\/fr\/wp-json\/wp\/v2\/product"}],"about":[{"href":"https:\/\/sundar.be\/fr\/wp-json\/wp\/v2\/types\/product"}],"replies":[{"embeddable":true,"href":"https:\/\/sundar.be\/fr\/wp-json\/wp\/v2\/comments?post=56576"}],"wp:featuredmedia":[{"embeddable":true,"href":"https:\/\/sundar.be\/fr\/wp-json\/wp\/v2\/media\/55647"}],"wp:attachment":[{"href":"https:\/\/sundar.be\/fr\/wp-json\/wp\/v2\/media?parent=56576"}],"wp:term":[{"taxonomy":"product_brand","embeddable":true,"href":"https:\/\/sundar.be\/fr\/wp-json\/wp\/v2\/product_brand?post=56576"},{"taxonomy":"product_cat","embeddable":true,"href":"https:\/\/sundar.be\/fr\/wp-json\/wp\/v2\/product_cat?post=56576"},{"taxonomy":"product_tag","embeddable":true,"href":"https:\/\/sundar.be\/fr\/wp-json\/wp\/v2\/product_tag?post=56576"}],"curies":[{"name":"wp","href":"https:\/\/api.w.org\/{rel}","templated":true}]}}