{"id":56573,"date":"2025-09-17T13:03:28","date_gmt":"2025-09-17T11:03:28","guid":{"rendered":"https:\/\/sundar.be\/product\/chi-impulse-aroma-diffuser\/"},"modified":"2025-11-13T12:30:22","modified_gmt":"2025-11-13T11:30:22","slug":"chi-impulse-aroma-diffuser","status":"publish","type":"product","link":"https:\/\/sundar.be\/fr\/produit\/chi-impulse-aroma-diffuser\/","title":{"rendered":"Chi Impulse Aroma Diffuser"},"content":{"rendered":"<p>Le tout nouveau diffuseur de Chi : Impulse Aroma Diffuser ! En plus de toutes ses fonctions, ce diffuseur d\u2019ar\u00f4mes est un v\u00e9ritable atout d\u00e9coratif pour votre int\u00e9rieur. Les diff\u00e9rentes couleurs de lumi\u00e8re se diffusent doucement \u00e0 travers le verre d\u00e9poli translucide, rendant l\u2019Impulse particuli\u00e8rement \u00e9l\u00e9gant, m\u00eame dans l\u2019obscurit\u00e9.   <\/p>\n<p>Ce diffuseur d\u2019huiles essentielles offre trois fonctions en une : diffusion d\u2019ar\u00f4mes, humidification de l\u2019air et purification naturelle. Il permet de choisir entre diffusion intense, douce ou par intervalles, et la lumi\u00e8re d\u2019ambiance peut \u00eatre activ\u00e9e ou \u00e9teinte ind\u00e9pendamment.  <\/p>\n<h3><strong>Diffusion d\u2019ar\u00f4mes<\/strong><\/h3>\n<p>Le diffuseur d\u2019ar\u00f4mes fonctionne avec une technologie ultrasonique. L\u2019eau et l\u2019huile essentielle sont transform\u00e9es en millions de micro-particules et forment une fine brume qui se r\u00e9pand rapidement dans la pi\u00e8ce. Cela permet non seulement de diffuser le parfum, mais aussi les effets sp\u00e9cifiques de chaque huile essentielle : Lavande pour la d\u00e9tente, Huiles stimulantes comme les agrumes et le romarin pour la concentration et le travail, Parfums d\u2019automne, d\u2019hiver ou de No\u00ebl, M\u00e9lange Happiness pour la bonne humeur, Huiles d\u2019agrumes ou florales pour une ambiance conviviale.       <\/p>\n<h3><strong>Luchtbevochtiging<\/strong><\/h3>\n<p>En plus du parfum, la vapeur d\u2019eau diffuse subtilement de l\u2019humidit\u00e9 dans la pi\u00e8ce. Id\u00e9al pour contrer l\u2019air sec, fr\u00e9quent en hiver avec le chauffage ou dans les espaces climatis\u00e9s. L\u2019air sec peut causer une peau d\u00e9shydrat\u00e9e, des l\u00e8vres gerc\u00e9es et d\u2019autres d\u00e9sagr\u00e9ments.   <\/p>\n<h3><strong>Purification de l\u2019air<\/strong><\/h3>\n<p>Le diffuseur a \u00e9galement une action ionisante naturelle, lib\u00e9rant des ions n\u00e9gatifs qui am\u00e9liorent la qualit\u00e9 de l\u2019air et r\u00e9duisent la poussi\u00e8re fine. Combin\u00e9 aux huiles essentielles purifiantes, il favorise une atmosph\u00e8re plus saine et \u00e9quilibr\u00e9e. <\/p>\n","protected":false},"excerpt":{"rendered":"<p>Le tout nouveau diffuseur de Chi : Impulse Aroma Diffuser ! En plus de toutes ses fonctions, ce diffuseur d\u2019ar\u00f4mes est un v\u00e9ritable atout d\u00e9coratif pour votre int\u00e9rieur. Les diff\u00e9rentes couleurs de lumi\u00e8re se diffusent doucement \u00e0 travers le verre d\u00e9poli translucide, rendant l\u2019Impulse particuli\u00e8rement \u00e9l\u00e9gant, m\u00eame dans l\u2019obscurit\u00e9. Ce diffuseur d\u2019huiles essentielles offre trois [&hellip;]<\/p>\n","protected":false},"featured_media":55657,"comment_status":"open","ping_status":"closed","template":"","meta":{"_acf_changed":false},"product_brand":[],"product_cat":[6090,4972,6117],"product_tag":[],"class_list":{"0":"post-56573","1":"product","2":"type-product","3":"status-publish","4":"has-post-thumbnail","6":"product_cat-chi-natural-life","7":"product_cat-nos-marques","8":"product_cat-pierres-parfumees-diffuseurs","10":"first","11":"instock","12":"taxable","13":"shipping-taxable","14":"product-type-simple"},"acf":[],"_links":{"self":[{"href":"https:\/\/sundar.be\/fr\/wp-json\/wp\/v2\/product\/56573","targetHints":{"allow":["GET"]}}],"collection":[{"href":"https:\/\/sundar.be\/fr\/wp-json\/wp\/v2\/product"}],"about":[{"href":"https:\/\/sundar.be\/fr\/wp-json\/wp\/v2\/types\/product"}],"replies":[{"embeddable":true,"href":"https:\/\/sundar.be\/fr\/wp-json\/wp\/v2\/comments?post=56573"}],"wp:featuredmedia":[{"embeddable":true,"href":"https:\/\/sundar.be\/fr\/wp-json\/wp\/v2\/media\/55657"}],"wp:attachment":[{"href":"https:\/\/sundar.be\/fr\/wp-json\/wp\/v2\/media?parent=56573"}],"wp:term":[{"taxonomy":"product_brand","embeddable":true,"href":"https:\/\/sundar.be\/fr\/wp-json\/wp\/v2\/product_brand?post=56573"},{"taxonomy":"product_cat","embeddable":true,"href":"https:\/\/sundar.be\/fr\/wp-json\/wp\/v2\/product_cat?post=56573"},{"taxonomy":"product_tag","embeddable":true,"href":"https:\/\/sundar.be\/fr\/wp-json\/wp\/v2\/product_tag?post=56573"}],"curies":[{"name":"wp","href":"https:\/\/api.w.org\/{rel}","templated":true}]}}