{"id":56563,"date":"2025-09-17T13:05:44","date_gmt":"2025-09-17T11:05:44","guid":{"rendered":"https:\/\/sundar.be\/product\/chi-huile-essentielle-de-cajeput-sauvage-10-ml\/"},"modified":"2025-11-26T08:25:07","modified_gmt":"2025-11-26T07:25:07","slug":"chi-huile-essentielle-de-cajeput-sauvage-10-ml","status":"publish","type":"product","link":"https:\/\/sundar.be\/fr\/produit\/chi-huile-essentielle-de-cajeput-sauvage-10-ml\/","title":{"rendered":"Chi Huile Essentielle de Cajeput (Sauvage) 10 ml"},"content":{"rendered":"<div dir=\"auto\">L\u2019huile essentielle de cajeput est comparable \u00e0 d\u2019autres huiles issues des m\u00eames r\u00e9gions, comme le tea tree, l\u2019eucalyptus ou le niaouli. Son parfum est puissant, frais et \u00e9pic\u00e9, rappelant celui de l\u2019eucalyptus, mais plus doux, chaud et l\u00e9g\u00e8rement fruit\u00e9. Le cajeput aide \u00e0 apaiser les voies respiratoires et fait partie du m\u00e9lange Tea Tree Clean Air. Il favorise \u00e9galement la clart\u00e9 mentale, notamment en cas de fatigue.   <\/div>\n<div dir=\"auto\"><\/div>\n<div dir=\"auto\">Le saviez-vous ? Le cajeput est parfois confondu avec le tea tree (Melaleuca alternifolia). Sa d\u00e9nomination botanique est Melaleuca cajuputi, de la m\u00eame famille. Originaire des Moluques, le cajeput est utilis\u00e9 depuis longtemps pour ses propri\u00e9t\u00e9s bienfaisantes. Son nom provient du mot indon\u00e9sien kayu-putih signifiant \u201cbois blanc\u201d, en r\u00e9f\u00e9rence \u00e0 l\u2019\u00e9corce claire de l\u2019arbre. En Australie, on l\u2019appelle d\u2019ailleurs le \u201cwhite tea tree\u201d.     <\/div>\n","protected":false},"excerpt":{"rendered":"<p>L\u2019huile essentielle de cajeput est comparable \u00e0 d\u2019autres huiles issues des m\u00eames r\u00e9gions, comme le tea tree, l\u2019eucalyptus ou le niaouli. Son parfum est puissant, frais et \u00e9pic\u00e9, rappelant celui de l\u2019eucalyptus, mais plus doux, chaud et l\u00e9g\u00e8rement fruit\u00e9. Le cajeput aide \u00e0 apaiser les voies respiratoires et fait partie du m\u00e9lange Tea Tree Clean [&hellip;]<\/p>\n","protected":false},"featured_media":55659,"comment_status":"open","ping_status":"closed","template":"","meta":{"_acf_changed":false},"product_brand":[],"product_cat":[6090,5678,6113,4972],"product_tag":[],"class_list":{"0":"post-56563","1":"product","2":"type-product","3":"status-publish","4":"has-post-thumbnail","6":"product_cat-chi-natural-life","7":"product_cat-huile-essentielles","8":"product_cat-huiles-essentielles-sauvages","9":"product_cat-nos-marques","11":"first","12":"instock","13":"taxable","14":"shipping-taxable","15":"product-type-simple"},"acf":[],"_links":{"self":[{"href":"https:\/\/sundar.be\/fr\/wp-json\/wp\/v2\/product\/56563","targetHints":{"allow":["GET"]}}],"collection":[{"href":"https:\/\/sundar.be\/fr\/wp-json\/wp\/v2\/product"}],"about":[{"href":"https:\/\/sundar.be\/fr\/wp-json\/wp\/v2\/types\/product"}],"replies":[{"embeddable":true,"href":"https:\/\/sundar.be\/fr\/wp-json\/wp\/v2\/comments?post=56563"}],"wp:featuredmedia":[{"embeddable":true,"href":"https:\/\/sundar.be\/fr\/wp-json\/wp\/v2\/media\/55659"}],"wp:attachment":[{"href":"https:\/\/sundar.be\/fr\/wp-json\/wp\/v2\/media?parent=56563"}],"wp:term":[{"taxonomy":"product_brand","embeddable":true,"href":"https:\/\/sundar.be\/fr\/wp-json\/wp\/v2\/product_brand?post=56563"},{"taxonomy":"product_cat","embeddable":true,"href":"https:\/\/sundar.be\/fr\/wp-json\/wp\/v2\/product_cat?post=56563"},{"taxonomy":"product_tag","embeddable":true,"href":"https:\/\/sundar.be\/fr\/wp-json\/wp\/v2\/product_tag?post=56563"}],"curies":[{"name":"wp","href":"https:\/\/api.w.org\/{rel}","templated":true}]}}