{"id":56560,"date":"2025-09-17T13:06:58","date_gmt":"2025-09-17T11:06:58","guid":{"rendered":"https:\/\/sundar.be\/product\/chi-huile-essentielle-de-camphre-sauvage-20-ml\/"},"modified":"2025-11-13T12:10:53","modified_gmt":"2025-11-13T11:10:53","slug":"chi-huile-essentielle-de-camphre-sauvage-20-ml","status":"publish","type":"product","link":"https:\/\/sundar.be\/fr\/produit\/chi-huile-essentielle-de-camphre-sauvage-20-ml\/","title":{"rendered":"Chi Huile Essentielle de Camphre (Sauvage) 20 ml"},"content":{"rendered":"<p>L\u2019odeur intense de l\u2019huile de camphre est imm\u00e9diatement reconnaissable. Cette huile est obtenue \u00e0 partir des cristaux de camphre, mais \u00e9galement du bois et des feuilles du camphrier. <\/p>\n<p>En diffusion, elle se marie parfaitement avec le romarin, l\u2019orange ou des huiles de conif\u00e8res comme le pin. L\u2019huile de camphre exerce un effet apaisant sur les voies respiratoires et est \u00e9galement utilis\u00e9e en \u00e9t\u00e9 pour \u00e9loigner les insectes. En soin cutan\u00e9, m\u00e9lang\u00e9e \u00e0 une huile v\u00e9g\u00e9tale, elle convient bien aux peaux grasses.   <\/p>\n","protected":false},"excerpt":{"rendered":"<p>Une huile intense issue des cristaux, du bois et des feuilles du camphrier.<\/p>\n","protected":false},"featured_media":55661,"comment_status":"open","ping_status":"closed","template":"","meta":{"_acf_changed":false},"product_brand":[],"product_cat":[6090,5678,6113,4972],"product_tag":[],"class_list":{"0":"post-56560","1":"product","2":"type-product","3":"status-publish","4":"has-post-thumbnail","6":"product_cat-chi-natural-life","7":"product_cat-huile-essentielles","8":"product_cat-huiles-essentielles-sauvages","9":"product_cat-nos-marques","11":"first","12":"instock","13":"taxable","14":"shipping-taxable","15":"product-type-simple"},"acf":[],"_links":{"self":[{"href":"https:\/\/sundar.be\/fr\/wp-json\/wp\/v2\/product\/56560","targetHints":{"allow":["GET"]}}],"collection":[{"href":"https:\/\/sundar.be\/fr\/wp-json\/wp\/v2\/product"}],"about":[{"href":"https:\/\/sundar.be\/fr\/wp-json\/wp\/v2\/types\/product"}],"replies":[{"embeddable":true,"href":"https:\/\/sundar.be\/fr\/wp-json\/wp\/v2\/comments?post=56560"}],"wp:featuredmedia":[{"embeddable":true,"href":"https:\/\/sundar.be\/fr\/wp-json\/wp\/v2\/media\/55661"}],"wp:attachment":[{"href":"https:\/\/sundar.be\/fr\/wp-json\/wp\/v2\/media?parent=56560"}],"wp:term":[{"taxonomy":"product_brand","embeddable":true,"href":"https:\/\/sundar.be\/fr\/wp-json\/wp\/v2\/product_brand?post=56560"},{"taxonomy":"product_cat","embeddable":true,"href":"https:\/\/sundar.be\/fr\/wp-json\/wp\/v2\/product_cat?post=56560"},{"taxonomy":"product_tag","embeddable":true,"href":"https:\/\/sundar.be\/fr\/wp-json\/wp\/v2\/product_tag?post=56560"}],"curies":[{"name":"wp","href":"https:\/\/api.w.org\/{rel}","templated":true}]}}