{"id":56557,"date":"2025-09-17T13:08:17","date_gmt":"2025-09-17T11:08:17","guid":{"rendered":"https:\/\/sundar.be\/product\/chi-huile-essentielle-de-cannelle-cassia-de-chine-cultivar-20-ml\/"},"modified":"2025-11-13T12:09:44","modified_gmt":"2025-11-13T11:09:44","slug":"chi-huile-essentielle-de-cannelle-cassia-de-chine-cultivar-20-ml","status":"publish","type":"product","link":"https:\/\/sundar.be\/fr\/produit\/chi-huile-essentielle-de-cannelle-cassia-de-chine-cultivar-20-ml\/","title":{"rendered":"Chi Huile Essentielle de Cannelle Cassia de Chine (Cultivar) 20 ml"},"content":{"rendered":"<p>Une huile extraite des feuilles du cannelier de Chine, \u00e9galement appel\u00e9 cassia. Cette huile poss\u00e8de un parfum de cannelle tr\u00e8s puissant qui cr\u00e9e, en diffusion, une atmosph\u00e8re stimulante et r\u00e9confortante. Lorsqu\u2019elle est diffus\u00e9e, elle exerce un effet apaisant sur les voies respiratoires.<br \/>L\u2019huile de cannelle cassia n\u2019est pas recommand\u00e9e pour une utilisation cutan\u00e9e.   <\/p>\n","protected":false},"excerpt":{"rendered":"<p>Le parfum intense de cannelle qui cr\u00e9e une ambiance tonifiante !<\/p>\n","protected":false},"featured_media":55663,"comment_status":"open","ping_status":"closed","template":"","meta":{"_acf_changed":false},"product_brand":[],"product_cat":[6090,5678,6112,4972],"product_tag":[],"class_list":{"0":"post-56557","1":"product","2":"type-product","3":"status-publish","4":"has-post-thumbnail","6":"product_cat-chi-natural-life","7":"product_cat-huile-essentielles","8":"product_cat-huiles-essentielles-cultivees","9":"product_cat-nos-marques","11":"first","12":"instock","13":"taxable","14":"shipping-taxable","15":"product-type-simple"},"acf":[],"_links":{"self":[{"href":"https:\/\/sundar.be\/fr\/wp-json\/wp\/v2\/product\/56557","targetHints":{"allow":["GET"]}}],"collection":[{"href":"https:\/\/sundar.be\/fr\/wp-json\/wp\/v2\/product"}],"about":[{"href":"https:\/\/sundar.be\/fr\/wp-json\/wp\/v2\/types\/product"}],"replies":[{"embeddable":true,"href":"https:\/\/sundar.be\/fr\/wp-json\/wp\/v2\/comments?post=56557"}],"wp:featuredmedia":[{"embeddable":true,"href":"https:\/\/sundar.be\/fr\/wp-json\/wp\/v2\/media\/55663"}],"wp:attachment":[{"href":"https:\/\/sundar.be\/fr\/wp-json\/wp\/v2\/media?parent=56557"}],"wp:term":[{"taxonomy":"product_brand","embeddable":true,"href":"https:\/\/sundar.be\/fr\/wp-json\/wp\/v2\/product_brand?post=56557"},{"taxonomy":"product_cat","embeddable":true,"href":"https:\/\/sundar.be\/fr\/wp-json\/wp\/v2\/product_cat?post=56557"},{"taxonomy":"product_tag","embeddable":true,"href":"https:\/\/sundar.be\/fr\/wp-json\/wp\/v2\/product_tag?post=56557"}],"curies":[{"name":"wp","href":"https:\/\/api.w.org\/{rel}","templated":true}]}}