{"id":56555,"date":"2025-09-17T13:09:37","date_gmt":"2025-09-17T11:09:37","guid":{"rendered":"https:\/\/sundar.be\/product\/chi-lavinchi-relax-roller-10ml\/"},"modified":"2025-11-13T12:08:53","modified_gmt":"2025-11-13T11:08:53","slug":"chi-lavinchi-relax-roller-10ml","status":"publish","type":"product","link":"https:\/\/sundar.be\/fr\/produit\/chi-lavinchi-relax-roller-10ml\/","title":{"rendered":"Chi Lavinchi Relax Roller 10ml"},"content":{"rendered":"<p>Ce roller respectueux de la peau est un apaisant naturel qui aide \u00e0 mieux se d\u00e9tendre et \u00e0 dormir. Le corps et l\u2019esprit retrouvent une nouvelle \u00e9nergie gr\u00e2ce \u00e0 une relaxation profonde ! Ce roller peut \u00eatre emport\u00e9 partout avec vous, pour un moment de d\u00e9tente o\u00f9 que vous soyez. De plus, il exerce une influence relaxante et adoucissante sur la t\u00eate. Le roller Lavinchi Relax est \u00e9galement un produit de soin de la peau, pouvant notamment \u00eatre utilis\u00e9 sur les boutons.    <\/p>\n<p>En combinant les propri\u00e9t\u00e9s apaisantes de la vraie lavande avec celles de la mandarine et de la marjolaine douce, une synergie exceptionnelle \u00e0 effet relaxant a \u00e9t\u00e9 cr\u00e9\u00e9e. Ces huiles essentielles pures sont m\u00e9lang\u00e9es \u00e0 de l\u2019huile de jojoba pour une utilisation s\u00fbre sur la peau.<br \/>\nQuelques passages sur les tempes et\/ou la nuque, et la d\u00e9tente peut commencer ! <\/p>\n","protected":false},"excerpt":{"rendered":"<p>Ce roller respectueux de la peau est un apaisant naturel qui aide \u00e0 mieux se d\u00e9tendre et \u00e0 dormir. Le corps et l\u2019esprit retrouvent une nouvelle \u00e9nergie gr\u00e2ce \u00e0 une relaxation profonde ! Ce roller peut \u00eatre emport\u00e9 partout avec vous, pour un moment de d\u00e9tente o\u00f9 que vous soyez. De plus, il exerce une [&hellip;]<\/p>\n","protected":false},"featured_media":55665,"comment_status":"open","ping_status":"closed","template":"","meta":{"_acf_changed":false},"product_brand":[],"product_cat":[6090,6106,4972],"product_tag":[],"class_list":{"0":"post-56555","1":"product","2":"type-product","3":"status-publish","4":"has-post-thumbnail","6":"product_cat-chi-natural-life","7":"product_cat-chi-soin-de-la-peau","8":"product_cat-nos-marques","10":"first","11":"instock","12":"taxable","13":"shipping-taxable","14":"product-type-simple"},"acf":[],"_links":{"self":[{"href":"https:\/\/sundar.be\/fr\/wp-json\/wp\/v2\/product\/56555","targetHints":{"allow":["GET"]}}],"collection":[{"href":"https:\/\/sundar.be\/fr\/wp-json\/wp\/v2\/product"}],"about":[{"href":"https:\/\/sundar.be\/fr\/wp-json\/wp\/v2\/types\/product"}],"replies":[{"embeddable":true,"href":"https:\/\/sundar.be\/fr\/wp-json\/wp\/v2\/comments?post=56555"}],"wp:featuredmedia":[{"embeddable":true,"href":"https:\/\/sundar.be\/fr\/wp-json\/wp\/v2\/media\/55665"}],"wp:attachment":[{"href":"https:\/\/sundar.be\/fr\/wp-json\/wp\/v2\/media?parent=56555"}],"wp:term":[{"taxonomy":"product_brand","embeddable":true,"href":"https:\/\/sundar.be\/fr\/wp-json\/wp\/v2\/product_brand?post=56555"},{"taxonomy":"product_cat","embeddable":true,"href":"https:\/\/sundar.be\/fr\/wp-json\/wp\/v2\/product_cat?post=56555"},{"taxonomy":"product_tag","embeddable":true,"href":"https:\/\/sundar.be\/fr\/wp-json\/wp\/v2\/product_tag?post=56555"}],"curies":[{"name":"wp","href":"https:\/\/api.w.org\/{rel}","templated":true}]}}