{"id":56420,"date":"2025-08-21T08:40:40","date_gmt":"2025-08-21T06:40:40","guid":{"rendered":"https:\/\/sundar.be\/product\/maz-pro-deluxe-repousse-cuticules-double-face\/"},"modified":"2025-11-12T13:17:22","modified_gmt":"2025-11-12T12:17:22","slug":"maz-pro-deluxe-repousse-cuticules-double-face","status":"publish","type":"product","link":"https:\/\/sundar.be\/fr\/produit\/maz-pro-deluxe-repousse-cuticules-double-face\/","title":{"rendered":"MAZ PRO Deluxe Repousse-cuticules double face"},"content":{"rendered":"<p>MAZ PRO \u2013 notre gamme d\u2019instruments en acier allemand de haute qualit\u00e9 \u00e0 un prix avantageux.<\/p>\n<p>Tous les instruments MAZ PRO sont tr\u00e8s agr\u00e9ables \u00e0 utiliser et peuvent \u00eatre d\u00e9sinfect\u00e9s en toute s\u00e9curit\u00e9.<\/p>\n<ul>\n<li>Type \u2013 Repousse-cuticules \/ Pousse-cuticules<\/li>\n<li>D\u00e9coupe \u2013 Cuill\u00e8re extra fine et c\u00f4t\u00e9 biseaut\u00e9.<\/li>\n<li>Longueur \u2013 14 cm<\/li>\n<li>Domaine \u2013 Manucure<\/li>\n<\/ul>\n<p><strong>\u00c9l\u00e9ments particuliers<\/strong><\/p>\n<p>Repousse-cuticules m\u00e9tallique professionnel con\u00e7u pour d\u00e9tacher les cuticules et \u00e9liminer les petites peaux adh\u00e9rentes sans rayer l\u2019ongle naturel. Le c\u00f4t\u00e9 arrondi MAZ PRO nouvelle g\u00e9n\u00e9ration permet de d\u00e9coller efficacement m\u00eame les cuticules les plus r\u00e9sistantes et de retirer l\u2019acrylique ou le vernis gel UV apr\u00e8s trempage. <\/p>\n","protected":false},"excerpt":{"rendered":"<p>MAZ PRO \u2013 notre gamme d\u2019instruments en acier allemand de haute qualit\u00e9 \u00e0 un prix avantageux. Tous les instruments MAZ PRO sont tr\u00e8s agr\u00e9ables \u00e0 utiliser et peuvent \u00eatre d\u00e9sinfect\u00e9s en toute s\u00e9curit\u00e9. Type \u2013 Repousse-cuticules \/ Pousse-cuticules D\u00e9coupe \u2013 Cuill\u00e8re extra fine et c\u00f4t\u00e9 biseaut\u00e9. Longueur \u2013 14 cm Domaine \u2013 Manucure \u00c9l\u00e9ments particuliers [&hellip;]<\/p>\n","protected":false},"featured_media":54820,"comment_status":"open","ping_status":"closed","template":"","meta":{"_acf_changed":false},"product_brand":[],"product_cat":[4945,4656,4936,4765,1532,4949,1429],"product_tag":[],"class_list":{"0":"post-56420","1":"product","2":"type-product","3":"status-publish","4":"has-post-thumbnail","6":"product_cat-amenagement-institut-webshop-fr","7":"product_cat-instruments-manucure","8":"product_cat-lcn-fr","9":"product_cat-matriel-de-pratique","10":"product_cat-materiels","11":"product_cat-lcn-ongles-artificiels","12":"product_cat-pinces-instruments","14":"first","15":"instock","16":"taxable","17":"shipping-taxable","18":"product-type-simple"},"acf":[],"_links":{"self":[{"href":"https:\/\/sundar.be\/fr\/wp-json\/wp\/v2\/product\/56420","targetHints":{"allow":["GET"]}}],"collection":[{"href":"https:\/\/sundar.be\/fr\/wp-json\/wp\/v2\/product"}],"about":[{"href":"https:\/\/sundar.be\/fr\/wp-json\/wp\/v2\/types\/product"}],"replies":[{"embeddable":true,"href":"https:\/\/sundar.be\/fr\/wp-json\/wp\/v2\/comments?post=56420"}],"wp:featuredmedia":[{"embeddable":true,"href":"https:\/\/sundar.be\/fr\/wp-json\/wp\/v2\/media\/54820"}],"wp:attachment":[{"href":"https:\/\/sundar.be\/fr\/wp-json\/wp\/v2\/media?parent=56420"}],"wp:term":[{"taxonomy":"product_brand","embeddable":true,"href":"https:\/\/sundar.be\/fr\/wp-json\/wp\/v2\/product_brand?post=56420"},{"taxonomy":"product_cat","embeddable":true,"href":"https:\/\/sundar.be\/fr\/wp-json\/wp\/v2\/product_cat?post=56420"},{"taxonomy":"product_tag","embeddable":true,"href":"https:\/\/sundar.be\/fr\/wp-json\/wp\/v2\/product_tag?post=56420"}],"curies":[{"name":"wp","href":"https:\/\/api.w.org\/{rel}","templated":true}]}}