{"id":56411,"date":"2025-09-10T07:41:41","date_gmt":"2025-09-10T05:41:41","guid":{"rendered":"https:\/\/sundar.be\/product\/chrome-pigment-rainbow-unicorn-0-5g\/"},"modified":"2025-11-12T13:04:10","modified_gmt":"2025-11-12T12:04:10","slug":"chrome-pigment-rainbow-unicorn-0-5g","status":"publish","type":"product","link":"https:\/\/sundar.be\/fr\/produit\/chrome-pigment-rainbow-unicorn-0-5g\/","title":{"rendered":"Chrome Pigment &#8211; Rainbow Unicorn, 0.5g"},"content":{"rendered":"<p>Ce pigment Unicorn Rainbow apporte un effet spectaculaire \u00e0 vos ongles.<\/p>\n<p>Effet holographique iris\u00e9<br \/>\nPigments licorne \u00e0 effet arc-en-ciel<br \/>\nLa couleur de base reste visible, transformant chaque teinte en une exp\u00e9rience unique<br \/>\nPour un r\u00e9sultat optimal, utilisez un gel top coat sans couche collante \u2013 ne laissez pas les ongles refroidir avant l\u2019application !<\/p>\n<p>Les pigments sont approuv\u00e9s pour une utilisation dans l\u2019UE.<\/p>\n","protected":false},"excerpt":{"rendered":"<p>Ce pigment Unicorn Rainbow apporte un effet spectaculaire \u00e0 vos ongles. Effet holographique iris\u00e9 Pigments licorne \u00e0 effet arc-en-ciel La couleur de base reste visible, transformant chaque teinte en une exp\u00e9rience unique Pour un r\u00e9sultat optimal, utilisez un gel top coat sans couche collante \u2013 ne laissez pas les ongles refroidir avant l\u2019application ! Les [&hellip;]<\/p>\n","protected":false},"featured_media":56378,"comment_status":"open","ping_status":"closed","template":"","meta":{"_acf_changed":false},"product_brand":[],"product_cat":[5950,4761,5058],"product_tag":[],"class_list":{"0":"post-56411","1":"product","2":"type-product","3":"status-publish","4":"has-post-thumbnail","6":"product_cat-nail-art-fr-2","7":"product_cat-pose-ongles","8":"product_cat-webshop-fr","10":"first","11":"instock","12":"taxable","13":"shipping-taxable","14":"product-type-simple"},"acf":[],"_links":{"self":[{"href":"https:\/\/sundar.be\/fr\/wp-json\/wp\/v2\/product\/56411","targetHints":{"allow":["GET"]}}],"collection":[{"href":"https:\/\/sundar.be\/fr\/wp-json\/wp\/v2\/product"}],"about":[{"href":"https:\/\/sundar.be\/fr\/wp-json\/wp\/v2\/types\/product"}],"replies":[{"embeddable":true,"href":"https:\/\/sundar.be\/fr\/wp-json\/wp\/v2\/comments?post=56411"}],"wp:featuredmedia":[{"embeddable":true,"href":"https:\/\/sundar.be\/fr\/wp-json\/wp\/v2\/media\/56378"}],"wp:attachment":[{"href":"https:\/\/sundar.be\/fr\/wp-json\/wp\/v2\/media?parent=56411"}],"wp:term":[{"taxonomy":"product_brand","embeddable":true,"href":"https:\/\/sundar.be\/fr\/wp-json\/wp\/v2\/product_brand?post=56411"},{"taxonomy":"product_cat","embeddable":true,"href":"https:\/\/sundar.be\/fr\/wp-json\/wp\/v2\/product_cat?post=56411"},{"taxonomy":"product_tag","embeddable":true,"href":"https:\/\/sundar.be\/fr\/wp-json\/wp\/v2\/product_tag?post=56411"}],"curies":[{"name":"wp","href":"https:\/\/api.w.org\/{rel}","templated":true}]}}