{"id":56390,"date":"2025-09-10T07:44:55","date_gmt":"2025-09-10T05:44:55","guid":{"rendered":"https:\/\/sundar.be\/product\/lecente-nail-foil-1-5m\/"},"modified":"2025-11-12T13:02:54","modified_gmt":"2025-11-12T12:02:54","slug":"lecente-nail-foil-1-5m","status":"publish","type":"product","link":"https:\/\/sundar.be\/fr\/produit\/lecente-nail-foil-1-5m\/","title":{"rendered":"Lecent\u00e9 Nail Foil, 1.5m"},"content":{"rendered":"<p>Les Lecent\u00e9\u2122 Foils se distinguent par leurs couleurs \u00e9clatantes et leur qualit\u00e9 exceptionnelle. Pr\u00e9sent\u00e9es dans un bel emballage, elles mesurent pas moins de 1,5 m\u00e8tre de long. Elles sont tr\u00e8s faciles \u00e0 utiliser et \u00e0 appliquer, et adh\u00e8rent toujours parfaitement. Vous pouvez les appliquer directement sur la couche collante de votre gel polish ou utiliser une colle sp\u00e9ciale pour foil pour un r\u00e9sultat impeccable. R\u00e9aliser une overlay compl\u00e8te avec ces films est un jeu d\u2019enfant, rapide et sans effort.    <\/p>\n","protected":false},"excerpt":{"rendered":"<p>Les Lecent\u00e9\u2122 Foils se distinguent par leurs couleurs \u00e9clatantes et leur qualit\u00e9 exceptionnelle. Pr\u00e9sent\u00e9es dans un bel emballage, elles mesurent pas moins de 1,5 m\u00e8tre de long. Elles sont tr\u00e8s faciles \u00e0 utiliser et \u00e0 appliquer, et adh\u00e8rent toujours parfaitement. Vous pouvez les appliquer directement sur la couche collante de votre gel polish ou utiliser [&hellip;]<\/p>\n","protected":false},"featured_media":56374,"comment_status":"open","ping_status":"closed","template":"","meta":{"_acf_changed":false},"product_brand":[],"product_cat":[5950,4761,5058],"product_tag":[],"class_list":{"0":"post-56390","1":"product","2":"type-product","3":"status-publish","4":"has-post-thumbnail","6":"product_cat-nail-art-fr-2","7":"product_cat-pose-ongles","8":"product_cat-webshop-fr","9":"pa_kleur-aubergine","10":"pa_kleur-bright-silver","11":"pa_kleur-cornflower","12":"pa_kleur-lilac","13":"pa_kleur-pink-lace","14":"pa_kleur-pure-pink","15":"pa_kleur-pure-red","16":"pa_kleur-pure-silver","17":"pa_kleur-rose-gold","18":"pa_kleur-silver-cow","19":"pa_kleur-silver-feather","20":"pa_kleur-silver-mosaic","22":"first","23":"instock","24":"taxable","25":"shipping-taxable","26":"product-type-variable"},"acf":[],"_links":{"self":[{"href":"https:\/\/sundar.be\/fr\/wp-json\/wp\/v2\/product\/56390","targetHints":{"allow":["GET"]}}],"collection":[{"href":"https:\/\/sundar.be\/fr\/wp-json\/wp\/v2\/product"}],"about":[{"href":"https:\/\/sundar.be\/fr\/wp-json\/wp\/v2\/types\/product"}],"replies":[{"embeddable":true,"href":"https:\/\/sundar.be\/fr\/wp-json\/wp\/v2\/comments?post=56390"}],"wp:featuredmedia":[{"embeddable":true,"href":"https:\/\/sundar.be\/fr\/wp-json\/wp\/v2\/media\/56374"}],"wp:attachment":[{"href":"https:\/\/sundar.be\/fr\/wp-json\/wp\/v2\/media?parent=56390"}],"wp:term":[{"taxonomy":"product_brand","embeddable":true,"href":"https:\/\/sundar.be\/fr\/wp-json\/wp\/v2\/product_brand?post=56390"},{"taxonomy":"product_cat","embeddable":true,"href":"https:\/\/sundar.be\/fr\/wp-json\/wp\/v2\/product_cat?post=56390"},{"taxonomy":"product_tag","embeddable":true,"href":"https:\/\/sundar.be\/fr\/wp-json\/wp\/v2\/product_tag?post=56390"}],"curies":[{"name":"wp","href":"https:\/\/api.w.org\/{rel}","templated":true}]}}