{"id":56388,"date":"2025-09-10T07:57:37","date_gmt":"2025-09-10T05:57:37","guid":{"rendered":"https:\/\/sundar.be\/product\/lecente-tools-aplicator-sticks-10-pack\/"},"modified":"2025-11-12T13:02:17","modified_gmt":"2025-11-12T12:02:17","slug":"lecente-tools-aplicator-sticks-10-pack","status":"publish","type":"product","link":"https:\/\/sundar.be\/fr\/produit\/lecente-tools-aplicator-sticks-10-pack\/","title":{"rendered":"Lecent\u00e9 Tools Aplicator Sticks (10 pack)"},"content":{"rendered":"<p>Ces b\u00e2tonnets sont sp\u00e9cialement con\u00e7us pour appliquer et polir correctement les poudres effet chrome.<\/p>\n","protected":false},"excerpt":{"rendered":"<p>Ces b\u00e2tonnets sont sp\u00e9cialement con\u00e7us pour appliquer et polir correctement les poudres effet chrome.<\/p>\n","protected":false},"featured_media":56372,"comment_status":"open","ping_status":"closed","template":"","meta":{"_acf_changed":false},"product_brand":[],"product_cat":[5950,4761,5058],"product_tag":[],"class_list":{"0":"post-56388","1":"product","2":"type-product","3":"status-publish","4":"has-post-thumbnail","6":"product_cat-nail-art-fr-2","7":"product_cat-pose-ongles","8":"product_cat-webshop-fr","10":"first","11":"instock","12":"taxable","13":"shipping-taxable","14":"product-type-simple"},"acf":[],"_links":{"self":[{"href":"https:\/\/sundar.be\/fr\/wp-json\/wp\/v2\/product\/56388","targetHints":{"allow":["GET"]}}],"collection":[{"href":"https:\/\/sundar.be\/fr\/wp-json\/wp\/v2\/product"}],"about":[{"href":"https:\/\/sundar.be\/fr\/wp-json\/wp\/v2\/types\/product"}],"replies":[{"embeddable":true,"href":"https:\/\/sundar.be\/fr\/wp-json\/wp\/v2\/comments?post=56388"}],"wp:featuredmedia":[{"embeddable":true,"href":"https:\/\/sundar.be\/fr\/wp-json\/wp\/v2\/media\/56372"}],"wp:attachment":[{"href":"https:\/\/sundar.be\/fr\/wp-json\/wp\/v2\/media?parent=56388"}],"wp:term":[{"taxonomy":"product_brand","embeddable":true,"href":"https:\/\/sundar.be\/fr\/wp-json\/wp\/v2\/product_brand?post=56388"},{"taxonomy":"product_cat","embeddable":true,"href":"https:\/\/sundar.be\/fr\/wp-json\/wp\/v2\/product_cat?post=56388"},{"taxonomy":"product_tag","embeddable":true,"href":"https:\/\/sundar.be\/fr\/wp-json\/wp\/v2\/product_tag?post=56388"}],"curies":[{"name":"wp","href":"https:\/\/api.w.org\/{rel}","templated":true}]}}