{"id":56387,"date":"2025-09-10T07:58:31","date_gmt":"2025-09-10T05:58:31","guid":{"rendered":"https:\/\/sundar.be\/product\/lecente-gel-smooth-it-12ml\/"},"modified":"2025-11-12T13:01:49","modified_gmt":"2025-11-12T12:01:49","slug":"lecente-gel-smooth-it-12ml","status":"publish","type":"product","link":"https:\/\/sundar.be\/fr\/produit\/lecente-gel-smooth-it-12ml\/","title":{"rendered":"Lecent\u00e9 Gel Smooth It, 12ml"},"content":{"rendered":"<p>Le gel Smooth It! de Lecent\u00e9 permet de travailler facilement les paillettes plus \u00e9paisses. Celles-ci peuvent \u00eatre m\u00e9lang\u00e9es au pr\u00e9alable ou le Smooth It! peut \u00eatre utilis\u00e9 comme top coat. Il est \u00e9galement id\u00e9al pour pr\u00e9parer les ongles naturels plus fragiles avant une application de gel polish.  <\/p>\n","protected":false},"excerpt":{"rendered":"<p>Le gel Smooth It! de Lecent\u00e9 permet de travailler facilement les paillettes plus \u00e9paisses. Celles-ci peuvent \u00eatre m\u00e9lang\u00e9es au pr\u00e9alable ou le Smooth It! peut \u00eatre utilis\u00e9 comme top coat. Il est \u00e9galement id\u00e9al pour pr\u00e9parer les ongles naturels plus fragiles avant une application de gel polish.<\/p>\n","protected":false},"featured_media":56371,"comment_status":"open","ping_status":"closed","template":"","meta":{"_acf_changed":false},"product_brand":[],"product_cat":[5950,4761,5058],"product_tag":[],"class_list":{"0":"post-56387","1":"product","2":"type-product","3":"status-publish","4":"has-post-thumbnail","6":"product_cat-nail-art-fr-2","7":"product_cat-pose-ongles","8":"product_cat-webshop-fr","10":"first","11":"instock","12":"taxable","13":"shipping-taxable","14":"product-type-simple"},"acf":[],"_links":{"self":[{"href":"https:\/\/sundar.be\/fr\/wp-json\/wp\/v2\/product\/56387","targetHints":{"allow":["GET"]}}],"collection":[{"href":"https:\/\/sundar.be\/fr\/wp-json\/wp\/v2\/product"}],"about":[{"href":"https:\/\/sundar.be\/fr\/wp-json\/wp\/v2\/types\/product"}],"replies":[{"embeddable":true,"href":"https:\/\/sundar.be\/fr\/wp-json\/wp\/v2\/comments?post=56387"}],"wp:featuredmedia":[{"embeddable":true,"href":"https:\/\/sundar.be\/fr\/wp-json\/wp\/v2\/media\/56371"}],"wp:attachment":[{"href":"https:\/\/sundar.be\/fr\/wp-json\/wp\/v2\/media?parent=56387"}],"wp:term":[{"taxonomy":"product_brand","embeddable":true,"href":"https:\/\/sundar.be\/fr\/wp-json\/wp\/v2\/product_brand?post=56387"},{"taxonomy":"product_cat","embeddable":true,"href":"https:\/\/sundar.be\/fr\/wp-json\/wp\/v2\/product_cat?post=56387"},{"taxonomy":"product_tag","embeddable":true,"href":"https:\/\/sundar.be\/fr\/wp-json\/wp\/v2\/product_tag?post=56387"}],"curies":[{"name":"wp","href":"https:\/\/api.w.org\/{rel}","templated":true}]}}