{"id":56386,"date":"2025-09-10T08:02:25","date_gmt":"2025-09-10T06:02:25","guid":{"rendered":"https:\/\/sundar.be\/product\/sibel-flocons-de-pigment-cameleon\/"},"modified":"2025-11-12T13:01:02","modified_gmt":"2025-11-12T12:01:02","slug":"sibel-flocons-de-pigment-cameleon","status":"publish","type":"product","link":"https:\/\/sundar.be\/fr\/produit\/sibel-flocons-de-pigment-cameleon\/","title":{"rendered":"Sibel Flocons de pigment cam\u00e9l\u00e9on"},"content":{"rendered":"<p>D\u00e9couvrez la nouvelle g\u00e9n\u00e9ration de d\u00e9coration pour ongles : les flocons de pigments. Utilisez les pigments cam\u00e9l\u00e9on pour cr\u00e9er des effets de r\u00eave sur vos ongles. Vous recevez 12 pots tels qu\u2019illustr\u00e9s.  <\/p>\n","protected":false},"excerpt":{"rendered":"<p>D\u00e9couvrez la nouvelle g\u00e9n\u00e9ration de d\u00e9coration pour ongles : les flocons de pigments. Utilisez les pigments cam\u00e9l\u00e9on pour cr\u00e9er des effets de r\u00eave sur vos ongles. Vous recevez 12 pots tels qu\u2019illustr\u00e9s.<\/p>\n","protected":false},"featured_media":56367,"comment_status":"open","ping_status":"closed","template":"","meta":{"_acf_changed":false},"product_brand":[],"product_cat":[5950,4761,5058],"product_tag":[],"class_list":{"0":"post-56386","1":"product","2":"type-product","3":"status-publish","4":"has-post-thumbnail","6":"product_cat-nail-art-fr-2","7":"product_cat-pose-ongles","8":"product_cat-webshop-fr","10":"first","11":"instock","12":"taxable","13":"shipping-taxable","14":"product-type-simple"},"acf":[],"_links":{"self":[{"href":"https:\/\/sundar.be\/fr\/wp-json\/wp\/v2\/product\/56386","targetHints":{"allow":["GET"]}}],"collection":[{"href":"https:\/\/sundar.be\/fr\/wp-json\/wp\/v2\/product"}],"about":[{"href":"https:\/\/sundar.be\/fr\/wp-json\/wp\/v2\/types\/product"}],"replies":[{"embeddable":true,"href":"https:\/\/sundar.be\/fr\/wp-json\/wp\/v2\/comments?post=56386"}],"wp:featuredmedia":[{"embeddable":true,"href":"https:\/\/sundar.be\/fr\/wp-json\/wp\/v2\/media\/56367"}],"wp:attachment":[{"href":"https:\/\/sundar.be\/fr\/wp-json\/wp\/v2\/media?parent=56386"}],"wp:term":[{"taxonomy":"product_brand","embeddable":true,"href":"https:\/\/sundar.be\/fr\/wp-json\/wp\/v2\/product_brand?post=56386"},{"taxonomy":"product_cat","embeddable":true,"href":"https:\/\/sundar.be\/fr\/wp-json\/wp\/v2\/product_cat?post=56386"},{"taxonomy":"product_tag","embeddable":true,"href":"https:\/\/sundar.be\/fr\/wp-json\/wp\/v2\/product_tag?post=56386"}],"curies":[{"name":"wp","href":"https:\/\/api.w.org\/{rel}","templated":true}]}}