{"id":56369,"date":"2025-09-10T08:03:37","date_gmt":"2025-09-10T06:03:37","guid":{"rendered":"https:\/\/sundar.be\/product\/sibel-peinture-nail-art-artist-13-couleurs\/"},"modified":"2025-11-12T13:00:01","modified_gmt":"2025-11-12T12:00:01","slug":"sibel-peinture-nail-art-artist-13-couleurs","status":"publish","type":"product","link":"https:\/\/sundar.be\/fr\/produit\/sibel-peinture-nail-art-artist-13-couleurs\/","title":{"rendered":"Sibel Peinture Nail Art Artist, 13 couleurs"},"content":{"rendered":"<p>R\u00e9alisez de v\u00e9ritables \u0153uvres d\u2019art avec ce kit de peinture acrylique pour la d\u00e9coration des ongles.<\/p>\n<p>Blanc titane, noir, jaune citron, jaune ocre, orange, ocre, rouge, vermillon, bleu clair, bleu indigo, vert ultra, vert herbe.<\/p>\n","protected":false},"excerpt":{"rendered":"<p>R\u00e9alisez de v\u00e9ritables \u0153uvres d\u2019art avec ce kit de peinture acrylique pour la d\u00e9coration des ongles. Blanc titane, noir, jaune citron, jaune ocre, orange, ocre, rouge, vermillon, bleu clair, bleu indigo, vert ultra, vert herbe.<\/p>\n","protected":false},"featured_media":56361,"comment_status":"open","ping_status":"closed","template":"","meta":{"_acf_changed":false},"product_brand":[],"product_cat":[5950,4761,5058],"product_tag":[],"class_list":{"0":"post-56369","1":"product","2":"type-product","3":"status-publish","4":"has-post-thumbnail","6":"product_cat-nail-art-fr-2","7":"product_cat-pose-ongles","8":"product_cat-webshop-fr","10":"first","11":"instock","12":"taxable","13":"shipping-taxable","14":"product-type-simple"},"acf":[],"_links":{"self":[{"href":"https:\/\/sundar.be\/fr\/wp-json\/wp\/v2\/product\/56369","targetHints":{"allow":["GET"]}}],"collection":[{"href":"https:\/\/sundar.be\/fr\/wp-json\/wp\/v2\/product"}],"about":[{"href":"https:\/\/sundar.be\/fr\/wp-json\/wp\/v2\/types\/product"}],"replies":[{"embeddable":true,"href":"https:\/\/sundar.be\/fr\/wp-json\/wp\/v2\/comments?post=56369"}],"wp:featuredmedia":[{"embeddable":true,"href":"https:\/\/sundar.be\/fr\/wp-json\/wp\/v2\/media\/56361"}],"wp:attachment":[{"href":"https:\/\/sundar.be\/fr\/wp-json\/wp\/v2\/media?parent=56369"}],"wp:term":[{"taxonomy":"product_brand","embeddable":true,"href":"https:\/\/sundar.be\/fr\/wp-json\/wp\/v2\/product_brand?post=56369"},{"taxonomy":"product_cat","embeddable":true,"href":"https:\/\/sundar.be\/fr\/wp-json\/wp\/v2\/product_cat?post=56369"},{"taxonomy":"product_tag","embeddable":true,"href":"https:\/\/sundar.be\/fr\/wp-json\/wp\/v2\/product_tag?post=56369"}],"curies":[{"name":"wp","href":"https:\/\/api.w.org\/{rel}","templated":true}]}}