{"id":56366,"date":"2025-09-10T08:05:08","date_gmt":"2025-09-10T06:05:08","guid":{"rendered":"https:\/\/sundar.be\/product\/sponge-tool\/"},"modified":"2025-11-12T12:59:14","modified_gmt":"2025-11-12T11:59:14","slug":"sponge-tool","status":"publish","type":"product","link":"https:\/\/sundar.be\/fr\/produit\/sponge-tool\/","title":{"rendered":"Sponge Tool"},"content":{"rendered":"<p>Un instrument essentiel pour chaque styliste ongulaire, le pinceau arrondi est parfait pour pr\u00e9lever la poudre paillet\u00e9e et pour le dotting. Livr\u00e9 avec 4 \u00e9ponges de rechange que vous pouvez remplacer plusieurs fois. <\/p>\n","protected":false},"excerpt":{"rendered":"<p>Un instrument essentiel pour chaque styliste ongulaire, le pinceau arrondi est parfait pour pr\u00e9lever la poudre paillet\u00e9e et pour le dotting. Livr\u00e9 avec 4 \u00e9ponges de rechange que vous pouvez remplacer plusieurs fois.<\/p>\n","protected":false},"featured_media":56360,"comment_status":"open","ping_status":"closed","template":"","meta":{"_acf_changed":false},"product_brand":[],"product_cat":[5950,5010,5617,4761,5058],"product_tag":[],"class_list":{"0":"post-56366","1":"product","2":"type-product","3":"status-publish","4":"has-post-thumbnail","6":"product_cat-nail-art-fr-2","7":"product_cat-manucure-pinceaux","8":"product_cat-pinceaux-nail-art","9":"product_cat-pose-ongles","10":"product_cat-webshop-fr","12":"first","13":"instock","14":"taxable","15":"shipping-taxable","16":"product-type-simple"},"acf":[],"_links":{"self":[{"href":"https:\/\/sundar.be\/fr\/wp-json\/wp\/v2\/product\/56366","targetHints":{"allow":["GET"]}}],"collection":[{"href":"https:\/\/sundar.be\/fr\/wp-json\/wp\/v2\/product"}],"about":[{"href":"https:\/\/sundar.be\/fr\/wp-json\/wp\/v2\/types\/product"}],"replies":[{"embeddable":true,"href":"https:\/\/sundar.be\/fr\/wp-json\/wp\/v2\/comments?post=56366"}],"wp:featuredmedia":[{"embeddable":true,"href":"https:\/\/sundar.be\/fr\/wp-json\/wp\/v2\/media\/56360"}],"wp:attachment":[{"href":"https:\/\/sundar.be\/fr\/wp-json\/wp\/v2\/media?parent=56366"}],"wp:term":[{"taxonomy":"product_brand","embeddable":true,"href":"https:\/\/sundar.be\/fr\/wp-json\/wp\/v2\/product_brand?post=56366"},{"taxonomy":"product_cat","embeddable":true,"href":"https:\/\/sundar.be\/fr\/wp-json\/wp\/v2\/product_cat?post=56366"},{"taxonomy":"product_tag","embeddable":true,"href":"https:\/\/sundar.be\/fr\/wp-json\/wp\/v2\/product_tag?post=56366"}],"curies":[{"name":"wp","href":"https:\/\/api.w.org\/{rel}","templated":true}]}}