{"id":56362,"date":"2025-09-10T08:10:33","date_gmt":"2025-09-10T06:10:33","guid":{"rendered":"https:\/\/sundar.be\/product\/lecente-tools-angle-brush-a1\/"},"modified":"2025-11-12T12:57:26","modified_gmt":"2025-11-12T11:57:26","slug":"lecente-tools-angle-brush-a1","status":"publish","type":"product","link":"https:\/\/sundar.be\/fr\/produit\/lecente-tools-angle-brush-a1\/","title":{"rendered":"Lecent\u00e9 Tools Angle Brush (A1)"},"content":{"rendered":"<p>Pinceau fantastique pour appliquer les paillettes. Id\u00e9al \u00e9galement comme pinceau french pour le SHELLAC. Les pigments de couleur LECENTE sont parfaits \u00e0 combiner avec CND, SHELLAC, les poudres acryliques ou les gels.  <\/p>\n","protected":false},"excerpt":{"rendered":"<p>Pinceau fantastique pour appliquer les paillettes. Id\u00e9al \u00e9galement comme pinceau french pour le SHELLAC. Les pigments de couleur LECENTE sont parfaits \u00e0 combiner avec CND, SHELLAC, les poudres acryliques ou les gels.<\/p>\n","protected":false},"featured_media":56355,"comment_status":"open","ping_status":"closed","template":"","meta":{"_acf_changed":false},"product_brand":[],"product_cat":[5950,5010,5617,4761,5058],"product_tag":[],"class_list":{"0":"post-56362","1":"product","2":"type-product","3":"status-publish","4":"has-post-thumbnail","6":"product_cat-nail-art-fr-2","7":"product_cat-manucure-pinceaux","8":"product_cat-pinceaux-nail-art","9":"product_cat-pose-ongles","10":"product_cat-webshop-fr","12":"first","13":"instock","14":"taxable","15":"shipping-taxable","16":"product-type-simple"},"acf":[],"_links":{"self":[{"href":"https:\/\/sundar.be\/fr\/wp-json\/wp\/v2\/product\/56362","targetHints":{"allow":["GET"]}}],"collection":[{"href":"https:\/\/sundar.be\/fr\/wp-json\/wp\/v2\/product"}],"about":[{"href":"https:\/\/sundar.be\/fr\/wp-json\/wp\/v2\/types\/product"}],"replies":[{"embeddable":true,"href":"https:\/\/sundar.be\/fr\/wp-json\/wp\/v2\/comments?post=56362"}],"wp:featuredmedia":[{"embeddable":true,"href":"https:\/\/sundar.be\/fr\/wp-json\/wp\/v2\/media\/56355"}],"wp:attachment":[{"href":"https:\/\/sundar.be\/fr\/wp-json\/wp\/v2\/media?parent=56362"}],"wp:term":[{"taxonomy":"product_brand","embeddable":true,"href":"https:\/\/sundar.be\/fr\/wp-json\/wp\/v2\/product_brand?post=56362"},{"taxonomy":"product_cat","embeddable":true,"href":"https:\/\/sundar.be\/fr\/wp-json\/wp\/v2\/product_cat?post=56362"},{"taxonomy":"product_tag","embeddable":true,"href":"https:\/\/sundar.be\/fr\/wp-json\/wp\/v2\/product_tag?post=56362"}],"curies":[{"name":"wp","href":"https:\/\/api.w.org\/{rel}","templated":true}]}}