{"id":56353,"date":"2025-09-10T08:12:37","date_gmt":"2025-09-10T06:12:37","guid":{"rendered":"https:\/\/sundar.be\/product\/nail-art-design-brush-nr-6\/"},"modified":"2025-11-12T12:55:47","modified_gmt":"2025-11-12T11:55:47","slug":"nail-art-design-brush-nr-6","status":"publish","type":"product","link":"https:\/\/sundar.be\/fr\/produit\/nail-art-design-brush-nr-6\/","title":{"rendered":"Nail Art Design Brush nr. 6"},"content":{"rendered":"<p>Le pinceau design gel Sibel poss\u00e8de un manche sp\u00e9cial en aluminium ultral\u00e9ger.<br \/>Id\u00e9al pour les stylistes ongulaires tr\u00e8s sollicit\u00e9es, il r\u00e9duit la fatigue du poignet et de la main, offrant ainsi un confort optimal lors du travail. <\/p>\n","protected":false},"excerpt":{"rendered":"<p>Le pinceau design gel Sibel poss\u00e8de un manche sp\u00e9cial en aluminium ultral\u00e9ger.Id\u00e9al pour les stylistes ongulaires tr\u00e8s sollicit\u00e9es, il r\u00e9duit la fatigue du poignet et de la main, offrant ainsi un confort optimal lors du travail.<\/p>\n","protected":false},"featured_media":56350,"comment_status":"open","ping_status":"closed","template":"","meta":{"_acf_changed":false},"product_brand":[],"product_cat":[5950,5010,5617,4761,5058],"product_tag":[],"class_list":{"0":"post-56353","1":"product","2":"type-product","3":"status-publish","4":"has-post-thumbnail","6":"product_cat-nail-art-fr-2","7":"product_cat-manucure-pinceaux","8":"product_cat-pinceaux-nail-art","9":"product_cat-pose-ongles","10":"product_cat-webshop-fr","12":"first","13":"instock","14":"taxable","15":"shipping-taxable","16":"product-type-simple"},"acf":[],"_links":{"self":[{"href":"https:\/\/sundar.be\/fr\/wp-json\/wp\/v2\/product\/56353","targetHints":{"allow":["GET"]}}],"collection":[{"href":"https:\/\/sundar.be\/fr\/wp-json\/wp\/v2\/product"}],"about":[{"href":"https:\/\/sundar.be\/fr\/wp-json\/wp\/v2\/types\/product"}],"replies":[{"embeddable":true,"href":"https:\/\/sundar.be\/fr\/wp-json\/wp\/v2\/comments?post=56353"}],"wp:featuredmedia":[{"embeddable":true,"href":"https:\/\/sundar.be\/fr\/wp-json\/wp\/v2\/media\/56350"}],"wp:attachment":[{"href":"https:\/\/sundar.be\/fr\/wp-json\/wp\/v2\/media?parent=56353"}],"wp:term":[{"taxonomy":"product_brand","embeddable":true,"href":"https:\/\/sundar.be\/fr\/wp-json\/wp\/v2\/product_brand?post=56353"},{"taxonomy":"product_cat","embeddable":true,"href":"https:\/\/sundar.be\/fr\/wp-json\/wp\/v2\/product_cat?post=56353"},{"taxonomy":"product_tag","embeddable":true,"href":"https:\/\/sundar.be\/fr\/wp-json\/wp\/v2\/product_tag?post=56353"}],"curies":[{"name":"wp","href":"https:\/\/api.w.org\/{rel}","templated":true}]}}