{"id":56345,"date":"2025-09-17T13:27:52","date_gmt":"2025-09-17T11:27:52","guid":{"rendered":"https:\/\/sundar.be\/product\/chi-huile-essentielle-de-menthe-poivree-cultivar\/"},"modified":"2025-11-12T12:53:14","modified_gmt":"2025-11-12T11:53:14","slug":"chi-huile-essentielle-de-menthe-poivree-cultivar","status":"publish","type":"product","link":"https:\/\/sundar.be\/fr\/produit\/chi-huile-essentielle-de-menthe-poivree-cultivar\/","title":{"rendered":"Chi Huile Essentielle de Menthe Poivr\u00e9e (Cultivar)"},"content":{"rendered":"<p>L&rsquo;huile de menthe poivr\u00e9e est l&rsquo;un des ar\u00f4mes les plus populaires au monde. Vous en reconnaissez instantan\u00e9ment l&rsquo;odeur et le go\u00fbt. L&rsquo;huile purifie l&rsquo;air et donne un parfum frais dans n&rsquo;importe quelle pi\u00e8ce. La menthe poivr\u00e9e favorise une respiration plus libre. Sur la peau, m\u00e9lang\u00e9e \u00e0 une huile de massage ou \u00e0 une huile v\u00e9g\u00e9tale, la menthe poivr\u00e9e rafra\u00eechit la peau.    <\/p>\n","protected":false},"excerpt":{"rendered":"<p>L\u2019huile essentielle de menthe poivr\u00e9e est l\u2019un des ar\u00f4mes les plus populaires au monde \u2014 sa fragrance fra\u00eeche et vivifiante est imm\u00e9diatement reconnaissable ! <\/p>\n","protected":false},"featured_media":56336,"comment_status":"open","ping_status":"closed","template":"","meta":{"_acf_changed":false},"product_brand":[],"product_cat":[6090,5678,6112,4972],"product_tag":[],"class_list":{"0":"post-56345","1":"product","2":"type-product","3":"status-publish","4":"has-post-thumbnail","6":"product_cat-chi-natural-life","7":"product_cat-huile-essentielles","8":"product_cat-huiles-essentielles-cultivees","9":"product_cat-nos-marques","10":"pa_inhoud-10-ml-fr","11":"pa_inhoud-20-ml-fr","13":"first","14":"instock","15":"taxable","16":"shipping-taxable","17":"product-type-variable"},"acf":[],"_links":{"self":[{"href":"https:\/\/sundar.be\/fr\/wp-json\/wp\/v2\/product\/56345","targetHints":{"allow":["GET"]}}],"collection":[{"href":"https:\/\/sundar.be\/fr\/wp-json\/wp\/v2\/product"}],"about":[{"href":"https:\/\/sundar.be\/fr\/wp-json\/wp\/v2\/types\/product"}],"replies":[{"embeddable":true,"href":"https:\/\/sundar.be\/fr\/wp-json\/wp\/v2\/comments?post=56345"}],"wp:featuredmedia":[{"embeddable":true,"href":"https:\/\/sundar.be\/fr\/wp-json\/wp\/v2\/media\/56336"}],"wp:attachment":[{"href":"https:\/\/sundar.be\/fr\/wp-json\/wp\/v2\/media?parent=56345"}],"wp:term":[{"taxonomy":"product_brand","embeddable":true,"href":"https:\/\/sundar.be\/fr\/wp-json\/wp\/v2\/product_brand?post=56345"},{"taxonomy":"product_cat","embeddable":true,"href":"https:\/\/sundar.be\/fr\/wp-json\/wp\/v2\/product_cat?post=56345"},{"taxonomy":"product_tag","embeddable":true,"href":"https:\/\/sundar.be\/fr\/wp-json\/wp\/v2\/product_tag?post=56345"}],"curies":[{"name":"wp","href":"https:\/\/api.w.org\/{rel}","templated":true}]}}