{"id":56337,"date":"2025-09-17T13:33:07","date_gmt":"2025-09-17T11:33:07","guid":{"rendered":"https:\/\/sundar.be\/product\/chi-eau-de-rose-hydrolat-de-rose-pure-biologique\/"},"modified":"2025-11-12T12:42:27","modified_gmt":"2025-11-12T11:42:27","slug":"chi-eau-de-rose-hydrolat-de-rose-pure-biologique","status":"publish","type":"product","link":"https:\/\/sundar.be\/fr\/produit\/chi-eau-de-rose-hydrolat-de-rose-pure-biologique\/","title":{"rendered":"Chi Eau de Rose \u2013 Hydrolat de Rose Pure (Biologique)"},"content":{"rendered":"<p>L\u2019eau de rose est un hydrolat, une substance pr\u00e9cieuse qui partage certaines propri\u00e9t\u00e9s de l\u2019huile essentielle de rose, tout en poss\u00e9dant une personnalit\u00e9 propre, plus douce et plus subtile.<br \/>L\u2019hydrolat contient les compos\u00e9s hydrosolubles des p\u00e9tales de rose, tandis que l\u2019huile essentielle en retient les compos\u00e9s liposolubles.<br \/>Notre producteur en Bulgarie distille les roses de Damas (Rosa damascena) sp\u00e9cialement pour obtenir un hydrolat pur de la plus haute qualit\u00e9. \u00c0 partir d\u2019environ 1 000 kilos de fleurs, on obtient 100 000 litres d\u2019hydrolat de rose.<br \/>Ce v\u00e9ritable hydrolat bulgare contient un taux exceptionnel de composants actifs, car il est distill\u00e9 uniquement pour l\u2019hydrolat, sans extraction d\u2019huile essentielle \u2014 il ne s\u2019agit donc pas d\u2019un sous-produit, mais bien du meilleur hydrolat de rose pur, \u00e0 la fragrance riche et naturelle, presque identique \u00e0 celle de la fleur fra\u00eeche.<br \/>L\u2019eau de rose naturelle poss\u00e8de une composition complexe impossible \u00e0 reproduire en laboratoire. Son principal constituant aromatique est le ph\u00e9nyl\u00e9thyl-alcool, \u00e0 l\u2019odeur douce et florale. Les roses synth\u00e9tiques ou eaux parfum\u00e9es bon march\u00e9 imitent cette note mais sans la profondeur et la d\u00e9licatesse de la v\u00e9ritable rose.<br \/>L\u2019eau de rose 100 % naturelle de Chi ne contient aucun alcool.           <\/p>\n","protected":false},"excerpt":{"rendered":"<p>L\u2019eau de rose est un hydrolat, une substance pr\u00e9cieuse qui partage certaines propri\u00e9t\u00e9s de l\u2019huile essentielle de rose, tout en poss\u00e9dant une personnalit\u00e9 propre, plus douce et plus subtile.L\u2019hydrolat contient les compos\u00e9s hydrosolubles des p\u00e9tales de rose, tandis que l\u2019huile essentielle en retient les compos\u00e9s liposolubles.Notre producteur en Bulgarie distille les roses de Damas (Rosa [&hellip;]<\/p>\n","protected":false},"featured_media":55695,"comment_status":"open","ping_status":"closed","template":"","meta":{"_acf_changed":false},"product_brand":[],"product_cat":[6090,6106,4972],"product_tag":[],"class_list":{"0":"post-56337","1":"product","2":"type-product","3":"status-publish","4":"has-post-thumbnail","6":"product_cat-chi-natural-life","7":"product_cat-chi-soin-de-la-peau","8":"product_cat-nos-marques","9":"pa_inhoud-150ml-fr","10":"pa_inhoud-500-ml-fr","12":"first","13":"instock","14":"taxable","15":"shipping-taxable","16":"product-type-variable"},"acf":[],"_links":{"self":[{"href":"https:\/\/sundar.be\/fr\/wp-json\/wp\/v2\/product\/56337","targetHints":{"allow":["GET"]}}],"collection":[{"href":"https:\/\/sundar.be\/fr\/wp-json\/wp\/v2\/product"}],"about":[{"href":"https:\/\/sundar.be\/fr\/wp-json\/wp\/v2\/types\/product"}],"replies":[{"embeddable":true,"href":"https:\/\/sundar.be\/fr\/wp-json\/wp\/v2\/comments?post=56337"}],"wp:featuredmedia":[{"embeddable":true,"href":"https:\/\/sundar.be\/fr\/wp-json\/wp\/v2\/media\/55695"}],"wp:attachment":[{"href":"https:\/\/sundar.be\/fr\/wp-json\/wp\/v2\/media?parent=56337"}],"wp:term":[{"taxonomy":"product_brand","embeddable":true,"href":"https:\/\/sundar.be\/fr\/wp-json\/wp\/v2\/product_brand?post=56337"},{"taxonomy":"product_cat","embeddable":true,"href":"https:\/\/sundar.be\/fr\/wp-json\/wp\/v2\/product_cat?post=56337"},{"taxonomy":"product_tag","embeddable":true,"href":"https:\/\/sundar.be\/fr\/wp-json\/wp\/v2\/product_tag?post=56337"}],"curies":[{"name":"wp","href":"https:\/\/api.w.org\/{rel}","templated":true}]}}