{"id":56331,"date":"2025-09-17T14:02:14","date_gmt":"2025-09-17T12:02:14","guid":{"rendered":"https:\/\/sundar.be\/product\/chi-huile-essentielle-de-romarin-camphre-sauvage\/"},"modified":"2025-11-12T12:39:16","modified_gmt":"2025-11-12T11:39:16","slug":"chi-huile-essentielle-de-romarin-camphre-sauvage","status":"publish","type":"product","link":"https:\/\/sundar.be\/fr\/produit\/chi-huile-essentielle-de-romarin-camphre-sauvage\/","title":{"rendered":"Chi Huile Essentielle de Romarin Camphr\u00e9 (Sauvage)"},"content":{"rendered":"<p>Le romarin d\u2019Espagne, \u00e9galement appel\u00e9 romarin camphr\u00e9, est une huile essentielle qui favorise des voies respiratoires d\u00e9gag\u00e9es et une respiration fluide. C\u2019est une huile tonifiante et stimulante, parfaite le matin pour celles et ceux qui ont besoin d\u2019un coup de boost en \u00e9nergie \u2014 \u00e0 \u00e9viter juste avant le coucher.<br \/>\nElle constitue un excellent ajout \u00e0 une huile de massage pour assouplir les muscles et les articulations, et convient \u00e9galement aux peaux grasses. <\/p>\n","protected":false},"excerpt":{"rendered":"<p>Son parfum aromatique et l\u00e9g\u00e8rement bois\u00e9 est stimulant, clarifiant et revitalisant, id\u00e9al pour favoriser la concentration et respirer librement.   <\/p>\n","protected":false},"featured_media":56329,"comment_status":"open","ping_status":"closed","template":"","meta":{"_acf_changed":false},"product_brand":[],"product_cat":[6090,5678,6113,4972],"product_tag":[],"class_list":{"0":"post-56331","1":"product","2":"type-product","3":"status-publish","4":"has-post-thumbnail","6":"product_cat-chi-natural-life","7":"product_cat-huile-essentielles","8":"product_cat-huiles-essentielles-sauvages","9":"product_cat-nos-marques","10":"pa_inhoud-10-ml-fr","11":"pa_inhoud-50-ml-fr","13":"first","14":"instock","15":"taxable","16":"shipping-taxable","17":"product-type-variable"},"acf":[],"_links":{"self":[{"href":"https:\/\/sundar.be\/fr\/wp-json\/wp\/v2\/product\/56331","targetHints":{"allow":["GET"]}}],"collection":[{"href":"https:\/\/sundar.be\/fr\/wp-json\/wp\/v2\/product"}],"about":[{"href":"https:\/\/sundar.be\/fr\/wp-json\/wp\/v2\/types\/product"}],"replies":[{"embeddable":true,"href":"https:\/\/sundar.be\/fr\/wp-json\/wp\/v2\/comments?post=56331"}],"wp:featuredmedia":[{"embeddable":true,"href":"https:\/\/sundar.be\/fr\/wp-json\/wp\/v2\/media\/56329"}],"wp:attachment":[{"href":"https:\/\/sundar.be\/fr\/wp-json\/wp\/v2\/media?parent=56331"}],"wp:term":[{"taxonomy":"product_brand","embeddable":true,"href":"https:\/\/sundar.be\/fr\/wp-json\/wp\/v2\/product_brand?post=56331"},{"taxonomy":"product_cat","embeddable":true,"href":"https:\/\/sundar.be\/fr\/wp-json\/wp\/v2\/product_cat?post=56331"},{"taxonomy":"product_tag","embeddable":true,"href":"https:\/\/sundar.be\/fr\/wp-json\/wp\/v2\/product_tag?post=56331"}],"curies":[{"name":"wp","href":"https:\/\/api.w.org\/{rel}","templated":true}]}}