{"id":56330,"date":"2025-09-17T14:06:30","date_gmt":"2025-09-17T12:06:30","guid":{"rendered":"https:\/\/sundar.be\/product\/chi-huile-essentielle-de-sauge-cultivar-10-ml\/"},"modified":"2025-11-12T12:38:07","modified_gmt":"2025-11-12T11:38:07","slug":"chi-huile-essentielle-de-sauge-cultivar-10-ml","status":"publish","type":"product","link":"https:\/\/sundar.be\/fr\/produit\/chi-huile-essentielle-de-sauge-cultivar-10-ml\/","title":{"rendered":"Chi Huile Essentielle de Sauge (Cultivar) 10 ml"},"content":{"rendered":"<p>Une huile purifiante qui favorise des voies respiratoires saines ! La sauge est id\u00e9ale en diffusion pendant les p\u00e9riodes d\u2019\u00e9tude, car elle aide \u00e0 clarifier l\u2019esprit et \u00e0 stimuler la concentration. Appliqu\u00e9e sur la peau (dilu\u00e9e dans une huile v\u00e9g\u00e9tale de base), elle est \u00e9galement efficace contre les petites imperfections telles que les boutons.  <\/p>\n<p><strong>Le saviez-vous ?<\/strong> Chez les Grecs anciens, la sauge \u00e9tait associ\u00e9e \u00e0 la vie \u00e9ternelle. Son nom vient du latin salvare, qui signifie sauver ou gu\u00e9rir. <\/p>\n","protected":false},"excerpt":{"rendered":"<p>Une huile purifiante qui favorise des voies respiratoires saines ! La sauge est id\u00e9ale en diffusion pendant les p\u00e9riodes d\u2019\u00e9tude, car elle aide \u00e0 clarifier l\u2019esprit et \u00e0 stimuler la concentration. Appliqu\u00e9e sur la peau (dilu\u00e9e dans une huile v\u00e9g\u00e9tale de base), elle est \u00e9galement efficace contre les petites imperfections telles que les boutons. Le [&hellip;]<\/p>\n","protected":false},"featured_media":56328,"comment_status":"open","ping_status":"closed","template":"","meta":{"_acf_changed":false},"product_brand":[],"product_cat":[6090,5678,6112,4972],"product_tag":[],"class_list":{"0":"post-56330","1":"product","2":"type-product","3":"status-publish","4":"has-post-thumbnail","6":"product_cat-chi-natural-life","7":"product_cat-huile-essentielles","8":"product_cat-huiles-essentielles-cultivees","9":"product_cat-nos-marques","11":"first","12":"instock","13":"taxable","14":"shipping-taxable","15":"product-type-simple"},"acf":[],"_links":{"self":[{"href":"https:\/\/sundar.be\/fr\/wp-json\/wp\/v2\/product\/56330","targetHints":{"allow":["GET"]}}],"collection":[{"href":"https:\/\/sundar.be\/fr\/wp-json\/wp\/v2\/product"}],"about":[{"href":"https:\/\/sundar.be\/fr\/wp-json\/wp\/v2\/types\/product"}],"replies":[{"embeddable":true,"href":"https:\/\/sundar.be\/fr\/wp-json\/wp\/v2\/comments?post=56330"}],"wp:featuredmedia":[{"embeddable":true,"href":"https:\/\/sundar.be\/fr\/wp-json\/wp\/v2\/media\/56328"}],"wp:attachment":[{"href":"https:\/\/sundar.be\/fr\/wp-json\/wp\/v2\/media?parent=56330"}],"wp:term":[{"taxonomy":"product_brand","embeddable":true,"href":"https:\/\/sundar.be\/fr\/wp-json\/wp\/v2\/product_brand?post=56330"},{"taxonomy":"product_cat","embeddable":true,"href":"https:\/\/sundar.be\/fr\/wp-json\/wp\/v2\/product_cat?post=56330"},{"taxonomy":"product_tag","embeddable":true,"href":"https:\/\/sundar.be\/fr\/wp-json\/wp\/v2\/product_tag?post=56330"}],"curies":[{"name":"wp","href":"https:\/\/api.w.org\/{rel}","templated":true}]}}