{"id":56321,"date":"2025-10-03T08:37:59","date_gmt":"2025-10-03T06:37:59","guid":{"rendered":"https:\/\/sundar.be\/product\/suda-care-everyday-creme-mousse-crevasses-callosites\/"},"modified":"2025-11-30T17:32:14","modified_gmt":"2025-11-30T16:32:14","slug":"suda-care-everyday-creme-mousse-crevasses-callosites","status":"publish","type":"product","link":"https:\/\/sundar.be\/fr\/produit\/suda-care-everyday-creme-mousse-crevasses-callosites\/","title":{"rendered":"S\u00fcda Care Everyday Cr\u00e8me Mousse \u2013 Crevasses &amp; Callosit\u00e9s"},"content":{"rendered":"<p>La <span style=\"color: #557e96;\"><strong>S\u00fcda Care Cr\u00e8me Mousse Quotidienne \u2013 Crevasses &amp; Callosit\u00e9s<\/strong><\/span> est une mousse riche et a\u00e9rienne sp\u00e9cialement d\u00e9velopp\u00e9e pour les pieds pr\u00e9sentant des fissures, des callosit\u00e9s ou une s\u00e9cheresse extr\u00eame. Sa formule \u00e0 base d\u2019ur\u00e9e, de glyc\u00e9rine, de panth\u00e9nol, d\u2019huile d\u2019avocat et d\u2019allanto\u00efne offre une hydratation en profondeur, adoucit la peau \u00e9paissie et favorise la r\u00e9g\u00e9n\u00e9ration des crevasses. Gr\u00e2ce \u00e0 sa texture l\u00e9g\u00e8re en mousse, la cr\u00e8me s\u2019absorbe rapidement sans laisser de film gras, laissant la peau souple, douce et lisse.  <\/p>\n","protected":false},"excerpt":{"rendered":"<p>Une cr\u00e8me-mousse intens\u00e9ment nourrissante qui hydrate et adoucit les pieds secs et rugueux pr\u00e9sentant crevasses et callosit\u00e9s. Sa texture l\u00e9g\u00e8re s\u2019absorbe rapidement et favorise la r\u00e9g\u00e9n\u00e9ration cutan\u00e9e sans laisser de sensation grasse. Pour un usage quotidien et des pieds visiblement plus lisses et souples.  <\/p>\n","protected":false},"featured_media":55909,"comment_status":"open","ping_status":"closed","template":"","meta":{"_acf_changed":false},"product_brand":[],"product_cat":[5000,5265,4972,4755,4999,4996,5075,6134,5058],"product_tag":[],"class_list":{"0":"post-56321","1":"product","2":"type-product","3":"status-publish","4":"has-post-thumbnail","6":"product_cat-callosites-crevasses","7":"product_cat-mousses-pieds","8":"product_cat-nos-marques","9":"product_cat-pedicure","10":"product_cat-soins-specifique-pieds","11":"product_cat-soins-quotidiens-des-pieds","12":"product_cat-nos-marques-suda-care-fr","13":"product_cat-suda-care-everyday","14":"product_cat-webshop-fr","15":"pa_inhoud-125ml-fr","16":"pa_inhoud-300-ml-fr","17":"pa_inhoud-35-ml-fr","19":"first","20":"instock","21":"taxable","22":"shipping-taxable","23":"product-type-variable"},"acf":[],"_links":{"self":[{"href":"https:\/\/sundar.be\/fr\/wp-json\/wp\/v2\/product\/56321","targetHints":{"allow":["GET"]}}],"collection":[{"href":"https:\/\/sundar.be\/fr\/wp-json\/wp\/v2\/product"}],"about":[{"href":"https:\/\/sundar.be\/fr\/wp-json\/wp\/v2\/types\/product"}],"replies":[{"embeddable":true,"href":"https:\/\/sundar.be\/fr\/wp-json\/wp\/v2\/comments?post=56321"}],"wp:featuredmedia":[{"embeddable":true,"href":"https:\/\/sundar.be\/fr\/wp-json\/wp\/v2\/media\/55909"}],"wp:attachment":[{"href":"https:\/\/sundar.be\/fr\/wp-json\/wp\/v2\/media?parent=56321"}],"wp:term":[{"taxonomy":"product_brand","embeddable":true,"href":"https:\/\/sundar.be\/fr\/wp-json\/wp\/v2\/product_brand?post=56321"},{"taxonomy":"product_cat","embeddable":true,"href":"https:\/\/sundar.be\/fr\/wp-json\/wp\/v2\/product_cat?post=56321"},{"taxonomy":"product_tag","embeddable":true,"href":"https:\/\/sundar.be\/fr\/wp-json\/wp\/v2\/product_tag?post=56321"}],"curies":[{"name":"wp","href":"https:\/\/api.w.org\/{rel}","templated":true}]}}