{"id":56308,"date":"2025-10-03T09:15:15","date_gmt":"2025-10-03T07:15:15","guid":{"rendered":"https:\/\/sundar.be\/product\/suda-care-everyday-baume-pieds\/"},"modified":"2025-11-30T17:20:04","modified_gmt":"2025-11-30T16:20:04","slug":"suda-care-everyday-baume-pieds","status":"publish","type":"product","link":"https:\/\/sundar.be\/fr\/produit\/suda-care-everyday-baume-pieds\/","title":{"rendered":"S\u00fcda Care Everyday Baume Pieds"},"content":{"rendered":"<p data-start=\"145\" data-end=\"652\"><span style=\"color: #557e96;\"><strong>S\u00fcda Care Everyday Baume Pieds <\/strong><\/span>est un soin intensif sp\u00e9cialement con\u00e7u pour les pieds secs, rugueux et ab\u00eem\u00e9s. Sa formule riche associe des agents hydratants comme la glyc\u00e9rine \u00e0 l\u2019extrait apaisant de camomille, au menthol rafra\u00eechissant et \u00e0 l\u2019allanto\u00efne r\u00e9paratrice. Enrichi en vitamine E et en huiles nourrissantes, le baume prot\u00e8ge la peau, renforce la barri\u00e8re cutan\u00e9e et procure une agr\u00e9able sensation de douceur et de fra\u00eecheur.   <\/p>\n","protected":false},"excerpt":{"rendered":"<p>Un baume nourrissant qui hydrate et adoucit intens\u00e9ment les pieds secs et rugueux. Gr\u00e2ce au menthol et \u00e0 l\u2019extrait de camomille, la peau est rafra\u00eechie, apais\u00e9e et revitalis\u00e9e. Convient \u00e0 un usage quotidien pour garder des pieds souples et en bonne sant\u00e9.  <\/p>\n","protected":false},"featured_media":55944,"comment_status":"open","ping_status":"closed","template":"","meta":{"_acf_changed":false},"product_brand":[],"product_cat":[4998,4972,4755,4996,5075,6134],"product_tag":[],"class_list":{"0":"post-56308","1":"product","2":"type-product","3":"status-publish","4":"has-post-thumbnail","6":"product_cat-cremes-lotions-pieds","7":"product_cat-nos-marques","8":"product_cat-pedicure","9":"product_cat-soins-quotidiens-des-pieds","10":"product_cat-nos-marques-suda-care-fr","11":"product_cat-suda-care-everyday","12":"pa_inhoud-1000-ml-fr","13":"pa_inhoud-150ml-fr","14":"pa_inhoud-30-ml-fr","15":"pa_inhoud-500-ml-fr","16":"pa_inhoud-75-ml-fr","17":"pa_inhoud-testeur","19":"first","20":"instock","21":"taxable","22":"shipping-taxable","23":"product-type-variable"},"acf":[],"_links":{"self":[{"href":"https:\/\/sundar.be\/fr\/wp-json\/wp\/v2\/product\/56308","targetHints":{"allow":["GET"]}}],"collection":[{"href":"https:\/\/sundar.be\/fr\/wp-json\/wp\/v2\/product"}],"about":[{"href":"https:\/\/sundar.be\/fr\/wp-json\/wp\/v2\/types\/product"}],"replies":[{"embeddable":true,"href":"https:\/\/sundar.be\/fr\/wp-json\/wp\/v2\/comments?post=56308"}],"wp:featuredmedia":[{"embeddable":true,"href":"https:\/\/sundar.be\/fr\/wp-json\/wp\/v2\/media\/55944"}],"wp:attachment":[{"href":"https:\/\/sundar.be\/fr\/wp-json\/wp\/v2\/media?parent=56308"}],"wp:term":[{"taxonomy":"product_brand","embeddable":true,"href":"https:\/\/sundar.be\/fr\/wp-json\/wp\/v2\/product_brand?post=56308"},{"taxonomy":"product_cat","embeddable":true,"href":"https:\/\/sundar.be\/fr\/wp-json\/wp\/v2\/product_cat?post=56308"},{"taxonomy":"product_tag","embeddable":true,"href":"https:\/\/sundar.be\/fr\/wp-json\/wp\/v2\/product_tag?post=56308"}],"curies":[{"name":"wp","href":"https:\/\/api.w.org\/{rel}","templated":true}]}}