{"id":56306,"date":"2025-10-27T16:11:37","date_gmt":"2025-10-27T15:11:37","guid":{"rendered":"https:\/\/sundar.be\/product\/suda-care-emollient-special-peau-ongles-10-ml\/"},"modified":"2025-11-30T16:37:53","modified_gmt":"2025-11-30T15:37:53","slug":"suda-care-emollient-special-peau-ongles-10-ml","status":"publish","type":"product","link":"https:\/\/sundar.be\/fr\/produit\/suda-care-emollient-special-peau-ongles-10-ml\/","title":{"rendered":"S\u00fcda Care \u00c9mollient Sp\u00e9cial Peau &amp; Ongles 10 ml"},"content":{"rendered":"<p>Le <span style=\"color: #557e96;\"><strong data-start=\"293\" data-end=\"333\">S\u00fcda Care \u00c9mollient Sp\u00e9cial Peau &amp; Ongles<\/strong><\/span> est une \u00e9mulsion pr\u00e9paratrice intensive con\u00e7ue pour ramollir rapidement et efficacement la peau et les ongles \u00e9paissis ou durcis. Gr\u00e2ce \u00e0 la combinaison d\u2019ingr\u00e9dients hydratants et k\u00e9ratolytiques, le produit rend la peau plus souple et les ongles plus mall\u00e9ables, facilitant ainsi l\u2019\u00e9limination des callosit\u00e9s ou des zones k\u00e9ratinis\u00e9es. Id\u00e9al pour une utilisation avant les soins de p\u00e9dicure ou de manucure.  <\/p>\n","protected":false},"excerpt":{"rendered":"<p>Le S\u00fcda Care \u00c9mollient Sp\u00e9cial Peau &amp; Ongles assouplit efficacement la peau et les ongles durcis pour une pr\u00e9paration optimale avant le soin. Sa combinaison d\u2019acide lactique, de propyl\u00e8ne glycol et d\u2019hydroxyde de potassium en fait un produit puissant mais respectueux de la peau, id\u00e9al pour les soins professionnels des pieds et des ongles.  <\/p>\n","protected":false},"featured_media":56307,"comment_status":"open","ping_status":"closed","template":"","meta":{"_acf_changed":false},"product_brand":[],"product_cat":[4972,4761,5085,5077,5087,5075,6135,5058],"product_tag":[],"class_list":{"0":"post-56306","1":"product","2":"type-product","3":"status-publish","4":"has-post-thumbnail","6":"product_cat-nos-marques","7":"product_cat-pose-ongles","8":"product_cat-manucure-serum-ongles","9":"product_cat-manucure-soin-des-ongles","10":"product_cat-soins-ciblees","11":"product_cat-nos-marques-suda-care-fr","12":"product_cat-suda-care-special","13":"product_cat-webshop-fr","15":"first","16":"instock","17":"taxable","18":"shipping-taxable","19":"product-type-simple"},"acf":[],"_links":{"self":[{"href":"https:\/\/sundar.be\/fr\/wp-json\/wp\/v2\/product\/56306","targetHints":{"allow":["GET"]}}],"collection":[{"href":"https:\/\/sundar.be\/fr\/wp-json\/wp\/v2\/product"}],"about":[{"href":"https:\/\/sundar.be\/fr\/wp-json\/wp\/v2\/types\/product"}],"replies":[{"embeddable":true,"href":"https:\/\/sundar.be\/fr\/wp-json\/wp\/v2\/comments?post=56306"}],"wp:featuredmedia":[{"embeddable":true,"href":"https:\/\/sundar.be\/fr\/wp-json\/wp\/v2\/media\/56307"}],"wp:attachment":[{"href":"https:\/\/sundar.be\/fr\/wp-json\/wp\/v2\/media?parent=56306"}],"wp:term":[{"taxonomy":"product_brand","embeddable":true,"href":"https:\/\/sundar.be\/fr\/wp-json\/wp\/v2\/product_brand?post=56306"},{"taxonomy":"product_cat","embeddable":true,"href":"https:\/\/sundar.be\/fr\/wp-json\/wp\/v2\/product_cat?post=56306"},{"taxonomy":"product_tag","embeddable":true,"href":"https:\/\/sundar.be\/fr\/wp-json\/wp\/v2\/product_tag?post=56306"}],"curies":[{"name":"wp","href":"https:\/\/api.w.org\/{rel}","templated":true}]}}