{"id":56301,"date":"2025-10-28T10:40:28","date_gmt":"2025-10-28T09:40:28","guid":{"rendered":"https:\/\/sundar.be\/product\/suda-care-huile-speciale-tea-tree\/"},"modified":"2025-11-12T12:24:54","modified_gmt":"2025-11-12T11:24:54","slug":"suda-care-huile-speciale-tea-tree","status":"publish","type":"product","link":"https:\/\/sundar.be\/fr\/produit\/suda-care-huile-speciale-tea-tree\/","title":{"rendered":"S\u00fcda Care Huile Sp\u00e9ciale Tea Tree"},"content":{"rendered":"<p>La <strong data-start=\"195\" data-end=\"222\">S\u00fcda Care Huile Sp\u00e9ciale Tea Tree <\/strong>est une huile purifiante et nourrissante \u00e0 base de v\u00e9ritable huile essentielle d\u2019arbre \u00e0 th\u00e9 (Tea Tree), enrichie en vitamine E pour une meilleure protection cutan\u00e9e.<br \/>Sa formule soutient la peau et les ongles en cas d\u2019irritations, rougeurs ou sensibilit\u00e9 aux champignons, tout en nourrissant et r\u00e9parant les zones concern\u00e9es. Gr\u00e2ce \u00e0 ses composants aromatiques naturels, elle procure une sensation de fra\u00eecheur et de puret\u00e9, laissant la peau souple et saine.  <\/p>\n","protected":false},"excerpt":{"rendered":"<p>La S\u00fcda Care Huile Sp\u00e9ciale Tea Tree est une huile naturelle de soin qui purifie, prot\u00e8ge et nourrit la peau et les ongles. Sa formule antibact\u00e9rienne et antifongique est id\u00e9ale pour les zones sensibles ou irrit\u00e9es, offrant une sensation de fra\u00eecheur et de bien-\u00eatre au quotidien.  <\/p>\n","protected":false},"featured_media":56299,"comment_status":"open","ping_status":"closed","template":"","meta":{"_acf_changed":false},"product_brand":[],"product_cat":[4972,5075,6135],"product_tag":[],"class_list":{"0":"post-56301","1":"product","2":"type-product","3":"status-publish","4":"has-post-thumbnail","6":"product_cat-nos-marques","7":"product_cat-nos-marques-suda-care-fr","8":"product_cat-suda-care-special","9":"pa_inhoud-10-ml-fr","10":"pa_inhoud-50-ml-fr","12":"first","13":"instock","14":"taxable","15":"shipping-taxable","16":"product-type-variable"},"acf":[],"_links":{"self":[{"href":"https:\/\/sundar.be\/fr\/wp-json\/wp\/v2\/product\/56301","targetHints":{"allow":["GET"]}}],"collection":[{"href":"https:\/\/sundar.be\/fr\/wp-json\/wp\/v2\/product"}],"about":[{"href":"https:\/\/sundar.be\/fr\/wp-json\/wp\/v2\/types\/product"}],"replies":[{"embeddable":true,"href":"https:\/\/sundar.be\/fr\/wp-json\/wp\/v2\/comments?post=56301"}],"wp:featuredmedia":[{"embeddable":true,"href":"https:\/\/sundar.be\/fr\/wp-json\/wp\/v2\/media\/56299"}],"wp:attachment":[{"href":"https:\/\/sundar.be\/fr\/wp-json\/wp\/v2\/media?parent=56301"}],"wp:term":[{"taxonomy":"product_brand","embeddable":true,"href":"https:\/\/sundar.be\/fr\/wp-json\/wp\/v2\/product_brand?post=56301"},{"taxonomy":"product_cat","embeddable":true,"href":"https:\/\/sundar.be\/fr\/wp-json\/wp\/v2\/product_cat?post=56301"},{"taxonomy":"product_tag","embeddable":true,"href":"https:\/\/sundar.be\/fr\/wp-json\/wp\/v2\/product_tag?post=56301"}],"curies":[{"name":"wp","href":"https:\/\/api.w.org\/{rel}","templated":true}]}}