{"id":56298,"date":"2025-10-28T10:55:23","date_gmt":"2025-10-28T09:55:23","guid":{"rendered":"https:\/\/sundar.be\/product\/suda-care-tincture-speciale-atp-10-ml\/"},"modified":"2025-11-30T16:36:58","modified_gmt":"2025-11-30T15:36:58","slug":"suda-care-tincture-speciale-atp-10-ml","status":"publish","type":"product","link":"https:\/\/sundar.be\/fr\/produit\/suda-care-tincture-speciale-atp-10-ml\/","title":{"rendered":"S\u00fcda Care Tincture Sp\u00e9ciale ATP 10 ml"},"content":{"rendered":"<p>La <span style=\"color: #557e96;\"><strong data-start=\"207\" data-end=\"241\">S\u00fcda Care Tincture Sp\u00e9ciale ATP<\/strong><\/span> est une lotion intensive hydratante et r\u00e9paratrice pour la peau des pieds et des mains. Sa formule combine des agents hydratants et apaisants tels que le panth\u00e9nol, l\u2019ur\u00e9e, la glyc\u00e9rine et des sucres naturels, afin de r\u00e9g\u00e9n\u00e9rer, adoucir et renforcer la peau. Gr\u00e2ce \u00e0 sa texture l\u00e9g\u00e8re et \u00e0 absorption rapide, cette lotion est id\u00e9ale pour les zones s\u00e8ches, irrit\u00e9es ou sensibles, sans laisser de film gras ou collant.  <\/p>\n","protected":false},"excerpt":{"rendered":"<p data-start=\"1884\" data-end=\"2188\">La S\u00fcda Care Tincture Sp\u00e9ciale ATP hydrate, apaise et r\u00e9pare la peau gr\u00e2ce \u00e0 une synergie d\u2019actifs hydratants et protecteurs. Sa formule l\u00e9g\u00e8re et non grasse p\u00e9n\u00e8tre rapidement, laissant la peau douce, souple et visiblement revitalis\u00e9e. Id\u00e9ale pour les zones s\u00e8ches, sensibles ou fragilis\u00e9es n\u00e9cessitant un soin intensif et cibl\u00e9.  <\/p>\n","protected":false},"featured_media":56297,"comment_status":"open","ping_status":"closed","template":"","meta":{"_acf_changed":false},"product_brand":[],"product_cat":[4998,4972,4755,4996,5075,6135,5058],"product_tag":[],"class_list":{"0":"post-56298","1":"product","2":"type-product","3":"status-publish","4":"has-post-thumbnail","6":"product_cat-cremes-lotions-pieds","7":"product_cat-nos-marques","8":"product_cat-pedicure","9":"product_cat-soins-quotidiens-des-pieds","10":"product_cat-nos-marques-suda-care-fr","11":"product_cat-suda-care-special","12":"product_cat-webshop-fr","14":"first","15":"instock","16":"taxable","17":"shipping-taxable","18":"product-type-simple"},"acf":[],"_links":{"self":[{"href":"https:\/\/sundar.be\/fr\/wp-json\/wp\/v2\/product\/56298","targetHints":{"allow":["GET"]}}],"collection":[{"href":"https:\/\/sundar.be\/fr\/wp-json\/wp\/v2\/product"}],"about":[{"href":"https:\/\/sundar.be\/fr\/wp-json\/wp\/v2\/types\/product"}],"replies":[{"embeddable":true,"href":"https:\/\/sundar.be\/fr\/wp-json\/wp\/v2\/comments?post=56298"}],"wp:featuredmedia":[{"embeddable":true,"href":"https:\/\/sundar.be\/fr\/wp-json\/wp\/v2\/media\/56297"}],"wp:attachment":[{"href":"https:\/\/sundar.be\/fr\/wp-json\/wp\/v2\/media?parent=56298"}],"wp:term":[{"taxonomy":"product_brand","embeddable":true,"href":"https:\/\/sundar.be\/fr\/wp-json\/wp\/v2\/product_brand?post=56298"},{"taxonomy":"product_cat","embeddable":true,"href":"https:\/\/sundar.be\/fr\/wp-json\/wp\/v2\/product_cat?post=56298"},{"taxonomy":"product_tag","embeddable":true,"href":"https:\/\/sundar.be\/fr\/wp-json\/wp\/v2\/product_tag?post=56298"}],"curies":[{"name":"wp","href":"https:\/\/api.w.org\/{rel}","templated":true}]}}