{"id":56296,"date":"2025-10-28T11:04:28","date_gmt":"2025-10-28T10:04:28","guid":{"rendered":"https:\/\/sundar.be\/product\/suda-care-fluide-special-reparation-des-ongles-20-ml\/"},"modified":"2025-11-30T16:35:27","modified_gmt":"2025-11-30T15:35:27","slug":"suda-care-fluide-special-reparation-des-ongles-20-ml","status":"publish","type":"product","link":"https:\/\/sundar.be\/fr\/produit\/suda-care-fluide-special-reparation-des-ongles-20-ml\/","title":{"rendered":"S\u00fcda Care Fluide Sp\u00e9cial R\u00e9paration des Ongles 20 ml"},"content":{"rendered":"<p>Le <span style=\"color: #557e96;\"><strong data-start=\"223\" data-end=\"265\">S\u00fcda Care Fluide Sp\u00e9cial R\u00e9paration des Ongles<\/strong><\/span> est un soin r\u00e9parateur \u00e0 s\u00e9chage rapide qui renforce, prot\u00e8ge et am\u00e9liore l\u2019\u00e9tat des ongles. Sa formule forme un film protecteur respirant sur la plaque ungu\u00e9ale, tandis que des ingr\u00e9dients actifs nourrissants tels que le panth\u00e9nol, la biotine et des extraits v\u00e9g\u00e9taux favorisent la r\u00e9g\u00e9n\u00e9ration des ongles fragiles, fissur\u00e9s ou affaiblis. Id\u00e9al pour redonner aux ongles souplesse, douceur et r\u00e9sistance.  <\/p>\n","protected":false},"excerpt":{"rendered":"<p>Le S\u00fcda Care Fluide Sp\u00e9cial R\u00e9paration des Ongles renforce, prot\u00e8ge et r\u00e9g\u00e9n\u00e8re les ongles ab\u00eem\u00e9s ou fragiles.<br \/>Sa formule nourrissante et protectrice agit comme un soin r\u00e9parateur intensif, id\u00e9al pour redonner sant\u00e9, r\u00e9sistance et \u00e9clat aux ongles fragilis\u00e9s. <\/p>\n","protected":false},"featured_media":56295,"comment_status":"open","ping_status":"closed","template":"","meta":{"_acf_changed":false},"product_brand":[],"product_cat":[4972,4761,5085,5077,5087,5075,6135,5058],"product_tag":[],"class_list":{"0":"post-56296","1":"product","2":"type-product","3":"status-publish","4":"has-post-thumbnail","6":"product_cat-nos-marques","7":"product_cat-pose-ongles","8":"product_cat-manucure-serum-ongles","9":"product_cat-manucure-soin-des-ongles","10":"product_cat-soins-ciblees","11":"product_cat-nos-marques-suda-care-fr","12":"product_cat-suda-care-special","13":"product_cat-webshop-fr","15":"first","16":"instock","17":"taxable","18":"shipping-taxable","19":"product-type-simple"},"acf":[],"_links":{"self":[{"href":"https:\/\/sundar.be\/fr\/wp-json\/wp\/v2\/product\/56296","targetHints":{"allow":["GET"]}}],"collection":[{"href":"https:\/\/sundar.be\/fr\/wp-json\/wp\/v2\/product"}],"about":[{"href":"https:\/\/sundar.be\/fr\/wp-json\/wp\/v2\/types\/product"}],"replies":[{"embeddable":true,"href":"https:\/\/sundar.be\/fr\/wp-json\/wp\/v2\/comments?post=56296"}],"wp:featuredmedia":[{"embeddable":true,"href":"https:\/\/sundar.be\/fr\/wp-json\/wp\/v2\/media\/56295"}],"wp:attachment":[{"href":"https:\/\/sundar.be\/fr\/wp-json\/wp\/v2\/media?parent=56296"}],"wp:term":[{"taxonomy":"product_brand","embeddable":true,"href":"https:\/\/sundar.be\/fr\/wp-json\/wp\/v2\/product_brand?post=56296"},{"taxonomy":"product_cat","embeddable":true,"href":"https:\/\/sundar.be\/fr\/wp-json\/wp\/v2\/product_cat?post=56296"},{"taxonomy":"product_tag","embeddable":true,"href":"https:\/\/sundar.be\/fr\/wp-json\/wp\/v2\/product_tag?post=56296"}],"curies":[{"name":"wp","href":"https:\/\/api.w.org\/{rel}","templated":true}]}}