{"id":56294,"date":"2025-10-28T11:12:59","date_gmt":"2025-10-28T10:12:59","guid":{"rendered":"https:\/\/sundar.be\/product\/suda-care-creme-speciale-pour-les-cuticules-75-ml\/"},"modified":"2025-11-30T16:34:10","modified_gmt":"2025-11-30T15:34:10","slug":"suda-care-creme-speciale-pour-les-cuticules-75-ml","status":"publish","type":"product","link":"https:\/\/sundar.be\/fr\/produit\/suda-care-creme-speciale-pour-les-cuticules-75-ml\/","title":{"rendered":"S\u00fcda Care Cr\u00e8me Sp\u00e9ciale pour les Cuticules 75 ml"},"content":{"rendered":"<p>La <span style=\"color: #557e96;\"><strong data-start=\"209\" data-end=\"244\">S\u00fcda Care Cr\u00e8me Sp\u00e9ciale pour les Cuticules<\/strong><\/span> est une cr\u00e8me de soin intensif, sp\u00e9cialement d\u00e9velopp\u00e9e pour la peau sensible autour des ongles. Sa formule riche \u00e0 base de beurre de karit\u00e9, ur\u00e9e, panth\u00e9nol et extrait de camomille hydrate, adoucit et prot\u00e8ge les cuticules contre le dess\u00e8chement, les ger\u00e7ures et les irritations. Elle favorise la r\u00e9g\u00e9n\u00e9ration du contour de l\u2019ongle, contribuant \u00e0 une peau souple et \u00e0 des ongles sains et soign\u00e9s.  <\/p>\n","protected":false},"excerpt":{"rendered":"<p>La S\u00fcda Care Cr\u00e8me Sp\u00e9ciale pour les Cuticules nourrit, adoucit et r\u00e9pare la peau fragile entourant les ongles. Sa formule hydratante et protectrice aide \u00e0 pr\u00e9venir les fissures et les irritations.<br \/>Id\u00e9ale pour les cuticules s\u00e8ches ou sensibles n\u00e9cessitant un soin nourrissant et r\u00e9g\u00e9n\u00e9rant intensif.  <\/p>\n","protected":false},"featured_media":56293,"comment_status":"open","ping_status":"closed","template":"","meta":{"_acf_changed":false},"product_brand":[],"product_cat":[5079,4972,4761,5077,5075,6135,5058],"product_tag":[],"class_list":{"0":"post-56294","1":"product","2":"type-product","3":"status-publish","4":"has-post-thumbnail","6":"product_cat-creme-ongles","7":"product_cat-nos-marques","8":"product_cat-pose-ongles","9":"product_cat-manucure-soin-des-ongles","10":"product_cat-nos-marques-suda-care-fr","11":"product_cat-suda-care-special","12":"product_cat-webshop-fr","14":"first","15":"instock","16":"taxable","17":"shipping-taxable","18":"product-type-simple"},"acf":[],"_links":{"self":[{"href":"https:\/\/sundar.be\/fr\/wp-json\/wp\/v2\/product\/56294","targetHints":{"allow":["GET"]}}],"collection":[{"href":"https:\/\/sundar.be\/fr\/wp-json\/wp\/v2\/product"}],"about":[{"href":"https:\/\/sundar.be\/fr\/wp-json\/wp\/v2\/types\/product"}],"replies":[{"embeddable":true,"href":"https:\/\/sundar.be\/fr\/wp-json\/wp\/v2\/comments?post=56294"}],"wp:featuredmedia":[{"embeddable":true,"href":"https:\/\/sundar.be\/fr\/wp-json\/wp\/v2\/media\/56293"}],"wp:attachment":[{"href":"https:\/\/sundar.be\/fr\/wp-json\/wp\/v2\/media?parent=56294"}],"wp:term":[{"taxonomy":"product_brand","embeddable":true,"href":"https:\/\/sundar.be\/fr\/wp-json\/wp\/v2\/product_brand?post=56294"},{"taxonomy":"product_cat","embeddable":true,"href":"https:\/\/sundar.be\/fr\/wp-json\/wp\/v2\/product_cat?post=56294"},{"taxonomy":"product_tag","embeddable":true,"href":"https:\/\/sundar.be\/fr\/wp-json\/wp\/v2\/product_tag?post=56294"}],"curies":[{"name":"wp","href":"https:\/\/api.w.org\/{rel}","templated":true}]}}