{"id":56292,"date":"2025-10-28T11:18:21","date_gmt":"2025-10-28T10:18:21","guid":{"rendered":"https:\/\/sundar.be\/product\/suda-care-creme-speciale-salicylique-60-ml\/"},"modified":"2025-11-30T16:32:44","modified_gmt":"2025-11-30T15:32:44","slug":"suda-care-creme-speciale-salicylique-60-ml","status":"publish","type":"product","link":"https:\/\/sundar.be\/fr\/produit\/suda-care-creme-speciale-salicylique-60-ml\/","title":{"rendered":"S\u00fcda Care Cr\u00e8me Sp\u00e9ciale Salicylique 60 ml"},"content":{"rendered":"<p>La <span style=\"color: #557e96;\"><strong data-start=\"207\" data-end=\"241\">S\u00fcda Care Cr\u00e8me Sp\u00e9ciale Salicylique<\/strong><\/span> est une cr\u00e8me intens\u00e9ment nourrissante et k\u00e9ratolytique, d\u00e9velopp\u00e9e pour le traitement local des peaux \u00e9paissies, s\u00e8ches et rugueuses. Sa formule \u00e0 base d\u2019acide salicylique, d\u2019ur\u00e9e et de beurre de karit\u00e9 aide \u00e0 assouplir la peau \u00e9paissie, \u00e0 r\u00e9duire les callosit\u00e9s et \u00e0 rendre la peau plus souple et douce. Parall\u00e8lement, l\u2019extrait de camomille et le bisabolol apaisent la peau pour un confort et une r\u00e9g\u00e9n\u00e9ration optimaux.  <\/p>\n","protected":false},"excerpt":{"rendered":"<p>La S\u00fcda Care Cr\u00e8me Sp\u00e9ciale Salicylique adoucit et r\u00e9duit efficacement les callosit\u00e9s et les rugosit\u00e9s gr\u00e2ce \u00e0 sa formule k\u00e9ratolytique et hydratante.<br \/>Elle rend la peau plus souple, douce et confortable, id\u00e9ale pour les zones s\u00e8ches et \u00e9paissies n\u00e9cessitant un soin intensif et r\u00e9parateur.  <\/p>\n","protected":false},"featured_media":56290,"comment_status":"open","ping_status":"closed","template":"","meta":{"_acf_changed":false},"product_brand":[],"product_cat":[5000,4998,4972,4755,4999,4996,5075,6135,5058],"product_tag":[],"class_list":{"0":"post-56292","1":"product","2":"type-product","3":"status-publish","4":"has-post-thumbnail","6":"product_cat-callosites-crevasses","7":"product_cat-cremes-lotions-pieds","8":"product_cat-nos-marques","9":"product_cat-pedicure","10":"product_cat-soins-specifique-pieds","11":"product_cat-soins-quotidiens-des-pieds","12":"product_cat-nos-marques-suda-care-fr","13":"product_cat-suda-care-special","14":"product_cat-webshop-fr","16":"first","17":"instock","18":"taxable","19":"shipping-taxable","20":"product-type-simple"},"acf":[],"_links":{"self":[{"href":"https:\/\/sundar.be\/fr\/wp-json\/wp\/v2\/product\/56292","targetHints":{"allow":["GET"]}}],"collection":[{"href":"https:\/\/sundar.be\/fr\/wp-json\/wp\/v2\/product"}],"about":[{"href":"https:\/\/sundar.be\/fr\/wp-json\/wp\/v2\/types\/product"}],"replies":[{"embeddable":true,"href":"https:\/\/sundar.be\/fr\/wp-json\/wp\/v2\/comments?post=56292"}],"wp:featuredmedia":[{"embeddable":true,"href":"https:\/\/sundar.be\/fr\/wp-json\/wp\/v2\/media\/56290"}],"wp:attachment":[{"href":"https:\/\/sundar.be\/fr\/wp-json\/wp\/v2\/media?parent=56292"}],"wp:term":[{"taxonomy":"product_brand","embeddable":true,"href":"https:\/\/sundar.be\/fr\/wp-json\/wp\/v2\/product_brand?post=56292"},{"taxonomy":"product_cat","embeddable":true,"href":"https:\/\/sundar.be\/fr\/wp-json\/wp\/v2\/product_cat?post=56292"},{"taxonomy":"product_tag","embeddable":true,"href":"https:\/\/sundar.be\/fr\/wp-json\/wp\/v2\/product_tag?post=56292"}],"curies":[{"name":"wp","href":"https:\/\/api.w.org\/{rel}","templated":true}]}}