{"id":56288,"date":"2025-11-05T08:22:24","date_gmt":"2025-11-05T07:22:24","guid":{"rendered":"https:\/\/sundar.be\/product\/ponceuse-a-ongles-marathon-3-champion-piece-a-main-h200\/"},"modified":"2025-11-24T09:20:49","modified_gmt":"2025-11-24T08:20:49","slug":"ponceuse-a-ongles-marathon-3-champion-piece-a-main-h200","status":"publish","type":"product","link":"https:\/\/sundar.be\/fr\/produit\/ponceuse-a-ongles-marathon-3-champion-piece-a-main-h200\/","title":{"rendered":"Ponceuse \u00e0 ongles Marathon 3 Champion + Pi\u00e8ce \u00e0 main H200"},"content":{"rendered":"<p>La ponceuse Marathon 3 Champion est la toute derni\u00e8re version du c\u00e9l\u00e8bre mod\u00e8le Champion, d\u00e9sormais encore plus avanc\u00e9e technologiquement gr\u00e2ce \u00e0 sa nouvelle t\u00eate SH 30N. Elle garantit des performances \u00e9lev\u00e9es avec un niveau sonore et vibratoire tr\u00e8s faible. Le potentiom\u00e8tre \u00e0 syst\u00e8me CLICK emp\u00eache la surchauffe du moteur de la t\u00eate, assurant ainsi une utilisation durable et sans probl\u00e8me.  <\/p>\n<p>Cette ponceuse est l\u2019outil id\u00e9al pour une utilisation quotidienne par les stylistes ongulaires et les p\u00e9dicures professionnels.<\/p>\n<p>Elle convient \u00e9galement aux travaux de proth\u00e9sie ongulaire et de nail art, ainsi qu\u2019\u00e0 la manipulation de tous les mat\u00e9riaux utilis\u00e9s dans le domaine, tels que le gel et l\u2019acrylique.<\/p>\n<p>De nagelfrees werkt snel en krachtig.<\/p>\n","protected":false},"excerpt":{"rendered":"<p>Am\u00e9liorez votre exp\u00e9rience de manucure et de p\u00e9dicure avec la Marathon 3 Champion, le choix de confiance des professionnels et des passionn\u00e9\u00b7e\u00b7s des soins des ongles.<\/p>\n","protected":false},"featured_media":56283,"comment_status":"open","ping_status":"closed","template":"","meta":{"_acf_changed":false},"product_brand":[],"product_cat":[4945,4769,4785,6156,5058],"product_tag":[],"class_list":{"0":"post-56288","1":"product","2":"type-product","3":"status-publish","4":"has-post-thumbnail","6":"product_cat-amenagement-institut-webshop-fr","7":"product_cat-amenagement-appareils","8":"product_cat-appareils-fraisage-moteurs-pedicure","9":"product_cat-fraises-sans-aspiration","10":"product_cat-webshop-fr","12":"first","13":"instock","14":"taxable","15":"shipping-taxable","16":"product-type-simple"},"acf":[],"_links":{"self":[{"href":"https:\/\/sundar.be\/fr\/wp-json\/wp\/v2\/product\/56288","targetHints":{"allow":["GET"]}}],"collection":[{"href":"https:\/\/sundar.be\/fr\/wp-json\/wp\/v2\/product"}],"about":[{"href":"https:\/\/sundar.be\/fr\/wp-json\/wp\/v2\/types\/product"}],"replies":[{"embeddable":true,"href":"https:\/\/sundar.be\/fr\/wp-json\/wp\/v2\/comments?post=56288"}],"wp:featuredmedia":[{"embeddable":true,"href":"https:\/\/sundar.be\/fr\/wp-json\/wp\/v2\/media\/56283"}],"wp:attachment":[{"href":"https:\/\/sundar.be\/fr\/wp-json\/wp\/v2\/media?parent=56288"}],"wp:term":[{"taxonomy":"product_brand","embeddable":true,"href":"https:\/\/sundar.be\/fr\/wp-json\/wp\/v2\/product_brand?post=56288"},{"taxonomy":"product_cat","embeddable":true,"href":"https:\/\/sundar.be\/fr\/wp-json\/wp\/v2\/product_cat?post=56288"},{"taxonomy":"product_tag","embeddable":true,"href":"https:\/\/sundar.be\/fr\/wp-json\/wp\/v2\/product_tag?post=56288"}],"curies":[{"name":"wp","href":"https:\/\/api.w.org\/{rel}","templated":true}]}}