{"id":56278,"date":"2025-11-05T08:24:42","date_gmt":"2025-11-05T07:24:42","guid":{"rendered":"https:\/\/sundar.be\/product\/ponceuse-a-ongles-exo-professional-silent-sx7\/"},"modified":"2025-11-30T16:29:20","modified_gmt":"2025-11-30T15:29:20","slug":"ponceuse-a-ongles-exo-professional-silent-sx7","status":"publish","type":"product","link":"https:\/\/sundar.be\/fr\/produit\/ponceuse-a-ongles-exo-professional-silent-sx7\/","title":{"rendered":"Ponceuse \u00e0 ongles EXO Professional Silent SX7"},"content":{"rendered":"<p><span style=\"color: #557e96;\"><strong>La ponceuse \u00e0 ongles EXO SILENT SX7<\/strong><\/span> est \u00e9quip\u00e9e d\u2019une t\u00eate sans balais (brushless) totalement silencieuse.<\/p>\n<p>La EXO Silent SX7 repr\u00e9sente une technologie de pointe. Son design \u00e9l\u00e9gant et sa t\u00eate sans balais de seulement 128 g se distinguent par un fonctionnement extr\u00eamement silencieux et sans aucune vibration. Travailler avec cette ponceuse est un v\u00e9ritable plaisir ! Elle est en outre dot\u00e9e d\u2019un syst\u00e8me Soft Start, qui am\u00e9liore le confort d\u2019utilisation tout en prot\u00e9geant la machine contre les dommages. Sa puissance de 48 W et son couple \u00e9lev\u00e9 permettent un travail fluide et efficace aussi bien pour les manucures que pour les p\u00e9dicures.    <\/p>\n<p><strong>Caract\u00e9ristiques:<\/strong><\/p>\n<ul>\n<li>Diam\u00e8tre de tige des fraises : 2,32 mm<\/li>\n<li>Puissance : 48 W<\/li>\n<li>Couple : 4,3 Ncm<\/li>\n<li>Tension : 220 V \u2013 240 V<\/li>\n<li>Garantie : 12 mois<\/li>\n<\/ul>\n","protected":false},"excerpt":{"rendered":"<p>L\u2019<strong data-start=\"1465\" data-end=\"1483\">EXO Silent SX7<\/strong> est le choix id\u00e9al pour celles et ceux qui souhaitent allier puissance, pr\u00e9cision et confort. Que vous soyez proth\u00e9siste ongulaire ou que vous preniez simplement soin de vos propres ongles, cette ponceuse offre \u00e0 chaque utilisation un r\u00e9sultat professionnel.<\/p>\n","protected":false},"featured_media":56276,"comment_status":"open","ping_status":"closed","template":"","meta":{"_acf_changed":false},"product_brand":[],"product_cat":[4945,4769,4785,6156,5058],"product_tag":[],"class_list":{"0":"post-56278","1":"product","2":"type-product","3":"status-publish","4":"has-post-thumbnail","6":"product_cat-amenagement-institut-webshop-fr","7":"product_cat-amenagement-appareils","8":"product_cat-appareils-fraisage-moteurs-pedicure","9":"product_cat-fraises-sans-aspiration","10":"product_cat-webshop-fr","12":"first","13":"instock","14":"taxable","15":"shipping-taxable","16":"product-type-simple"},"acf":[],"_links":{"self":[{"href":"https:\/\/sundar.be\/fr\/wp-json\/wp\/v2\/product\/56278","targetHints":{"allow":["GET"]}}],"collection":[{"href":"https:\/\/sundar.be\/fr\/wp-json\/wp\/v2\/product"}],"about":[{"href":"https:\/\/sundar.be\/fr\/wp-json\/wp\/v2\/types\/product"}],"replies":[{"embeddable":true,"href":"https:\/\/sundar.be\/fr\/wp-json\/wp\/v2\/comments?post=56278"}],"wp:featuredmedia":[{"embeddable":true,"href":"https:\/\/sundar.be\/fr\/wp-json\/wp\/v2\/media\/56276"}],"wp:attachment":[{"href":"https:\/\/sundar.be\/fr\/wp-json\/wp\/v2\/media?parent=56278"}],"wp:term":[{"taxonomy":"product_brand","embeddable":true,"href":"https:\/\/sundar.be\/fr\/wp-json\/wp\/v2\/product_brand?post=56278"},{"taxonomy":"product_cat","embeddable":true,"href":"https:\/\/sundar.be\/fr\/wp-json\/wp\/v2\/product_cat?post=56278"},{"taxonomy":"product_tag","embeddable":true,"href":"https:\/\/sundar.be\/fr\/wp-json\/wp\/v2\/product_tag?post=56278"}],"curies":[{"name":"wp","href":"https:\/\/api.w.org\/{rel}","templated":true}]}}