{"id":56274,"date":"2025-11-05T08:27:04","date_gmt":"2025-11-05T07:27:04","guid":{"rendered":"https:\/\/sundar.be\/product\/ponceuse-a-ongles-exo-power-max\/"},"modified":"2025-11-24T09:19:32","modified_gmt":"2025-11-24T08:19:32","slug":"ponceuse-a-ongles-exo-power-max","status":"publish","type":"product","link":"https:\/\/sundar.be\/fr\/produit\/ponceuse-a-ongles-exo-power-max\/","title":{"rendered":"Ponceuse \u00e0 ongles EXO Power Max"},"content":{"rendered":"<p>La ponceuse EXO POWER MAX n\u2019est pas une ponceuse ordinaire, c\u2019est un v\u00e9ritable \u00ab cheval de travail \u00bb !<\/p>\n<p>Son design \u00e9l\u00e9gant et sa pi\u00e8ce \u00e0 main ultra performante se distinguent par un fonctionnement silencieux et l\u2019absence de vibrations perceptibles, m\u00eame sous forte charge.<\/p>\n<p>Travailler avec une telle ponceuse est un v\u00e9ritable plaisir ! Sa puissance de 60 W permet un travail confortable aussi bien pour les soins de manucure que de p\u00e9dicure. <\/p>\n<p><strong>Caract\u00e9ristiques techniques :<\/strong><\/p>\n<ul>\n<li>Tension : 200 V \/ 240 V<\/li>\n<li>Puissance : 60 W<\/li>\n<li>Vitesse de rotation maximale : 35 000 RPM<\/li>\n<\/ul>\n","protected":false},"excerpt":{"rendered":"<p>La ponceuse EXO POWER MAX n\u2019est pas une ponceuse ordinaire, c\u2019est un v\u00e9ritable \u00ab cheval de travail \u00bb ! Son design \u00e9l\u00e9gant et sa pi\u00e8ce \u00e0 main ultra performante se distinguent par un fonctionnement silencieux et l\u2019absence de vibrations perceptibles, m\u00eame sous forte charge. Travailler avec une telle ponceuse est un v\u00e9ritable plaisir ! Sa [&hellip;]<\/p>\n","protected":false},"featured_media":56271,"comment_status":"open","ping_status":"closed","template":"","meta":{"_acf_changed":false},"product_brand":[],"product_cat":[4945,4769,4785,6156,5058],"product_tag":[],"class_list":{"0":"post-56274","1":"product","2":"type-product","3":"status-publish","4":"has-post-thumbnail","6":"product_cat-amenagement-institut-webshop-fr","7":"product_cat-amenagement-appareils","8":"product_cat-appareils-fraisage-moteurs-pedicure","9":"product_cat-fraises-sans-aspiration","10":"product_cat-webshop-fr","12":"first","13":"instock","14":"taxable","15":"shipping-taxable","16":"product-type-simple"},"acf":[],"_links":{"self":[{"href":"https:\/\/sundar.be\/fr\/wp-json\/wp\/v2\/product\/56274","targetHints":{"allow":["GET"]}}],"collection":[{"href":"https:\/\/sundar.be\/fr\/wp-json\/wp\/v2\/product"}],"about":[{"href":"https:\/\/sundar.be\/fr\/wp-json\/wp\/v2\/types\/product"}],"replies":[{"embeddable":true,"href":"https:\/\/sundar.be\/fr\/wp-json\/wp\/v2\/comments?post=56274"}],"wp:featuredmedia":[{"embeddable":true,"href":"https:\/\/sundar.be\/fr\/wp-json\/wp\/v2\/media\/56271"}],"wp:attachment":[{"href":"https:\/\/sundar.be\/fr\/wp-json\/wp\/v2\/media?parent=56274"}],"wp:term":[{"taxonomy":"product_brand","embeddable":true,"href":"https:\/\/sundar.be\/fr\/wp-json\/wp\/v2\/product_brand?post=56274"},{"taxonomy":"product_cat","embeddable":true,"href":"https:\/\/sundar.be\/fr\/wp-json\/wp\/v2\/product_cat?post=56274"},{"taxonomy":"product_tag","embeddable":true,"href":"https:\/\/sundar.be\/fr\/wp-json\/wp\/v2\/product_tag?post=56274"}],"curies":[{"name":"wp","href":"https:\/\/api.w.org\/{rel}","templated":true}]}}