{"id":56269,"date":"2025-11-05T08:28:14","date_gmt":"2025-11-05T07:28:14","guid":{"rendered":"https:\/\/sundar.be\/product\/sibel-ponceuse-a-ongles-25000\/"},"modified":"2025-11-24T09:19:15","modified_gmt":"2025-11-24T08:19:15","slug":"sibel-ponceuse-a-ongles-25000","status":"publish","type":"product","link":"https:\/\/sundar.be\/fr\/produit\/sibel-ponceuse-a-ongles-25000\/","title":{"rendered":"Sibel Ponceuse \u00e0 ongles 25000"},"content":{"rendered":"<p>La lime \u00e9lectrique est l\u2019appareil id\u00e9al pour soulager les \u00e9paules et les bras lors du limage. Avec une lime \u00e9lectrique, moins d\u2019effort est n\u00e9cessaire et un gain de temps consid\u00e9rable est assur\u00e9. Un appareil int\u00e9ressant pour tout salon de manucure.  <\/p>\n<p>Ponceuse \u00e0 ongles avec support pour embouts. Moteur de 12 W atteignant jusqu\u2019\u00e0 25 000 tours par minute, r\u00e9glable via le bouton ou la p\u00e9dale. Fonction avant et arri\u00e8re. Livr\u00e9e avec un jeu de fraises et un embout.   <\/p>\n","protected":false},"excerpt":{"rendered":"<p>La lime \u00e9lectrique est l\u2019appareil id\u00e9al pour soulager les \u00e9paules et les bras lors du limage. Avec une lime \u00e9lectrique, moins d\u2019effort est n\u00e9cessaire et un gain de temps consid\u00e9rable est assur\u00e9. Un appareil int\u00e9ressant pour tout salon de manucure. Ponceuse \u00e0 ongles avec support pour embouts. Moteur de 12 W atteignant jusqu\u2019\u00e0 25 000 [&hellip;]<\/p>\n","protected":false},"featured_media":56268,"comment_status":"open","ping_status":"closed","template":"","meta":{"_acf_changed":false},"product_brand":[],"product_cat":[4945,4769,4785,6156,5058],"product_tag":[],"class_list":{"0":"post-56269","1":"product","2":"type-product","3":"status-publish","4":"has-post-thumbnail","6":"product_cat-amenagement-institut-webshop-fr","7":"product_cat-amenagement-appareils","8":"product_cat-appareils-fraisage-moteurs-pedicure","9":"product_cat-fraises-sans-aspiration","10":"product_cat-webshop-fr","12":"first","13":"instock","14":"taxable","15":"shipping-taxable","16":"product-type-simple"},"acf":[],"_links":{"self":[{"href":"https:\/\/sundar.be\/fr\/wp-json\/wp\/v2\/product\/56269","targetHints":{"allow":["GET"]}}],"collection":[{"href":"https:\/\/sundar.be\/fr\/wp-json\/wp\/v2\/product"}],"about":[{"href":"https:\/\/sundar.be\/fr\/wp-json\/wp\/v2\/types\/product"}],"replies":[{"embeddable":true,"href":"https:\/\/sundar.be\/fr\/wp-json\/wp\/v2\/comments?post=56269"}],"wp:featuredmedia":[{"embeddable":true,"href":"https:\/\/sundar.be\/fr\/wp-json\/wp\/v2\/media\/56268"}],"wp:attachment":[{"href":"https:\/\/sundar.be\/fr\/wp-json\/wp\/v2\/media?parent=56269"}],"wp:term":[{"taxonomy":"product_brand","embeddable":true,"href":"https:\/\/sundar.be\/fr\/wp-json\/wp\/v2\/product_brand?post=56269"},{"taxonomy":"product_cat","embeddable":true,"href":"https:\/\/sundar.be\/fr\/wp-json\/wp\/v2\/product_cat?post=56269"},{"taxonomy":"product_tag","embeddable":true,"href":"https:\/\/sundar.be\/fr\/wp-json\/wp\/v2\/product_tag?post=56269"}],"curies":[{"name":"wp","href":"https:\/\/api.w.org\/{rel}","templated":true}]}}