{"id":56267,"date":"2025-11-05T08:29:50","date_gmt":"2025-11-05T07:29:50","guid":{"rendered":"https:\/\/sundar.be\/product\/sibel-ponceuse-a-ongles-nft28000\/"},"modified":"2025-11-24T09:18:57","modified_gmt":"2025-11-24T08:18:57","slug":"sibel-ponceuse-a-ongles-nft28000","status":"publish","type":"product","link":"https:\/\/sundar.be\/fr\/produit\/sibel-ponceuse-a-ongles-nft28000\/","title":{"rendered":"Sibel Ponceuse \u00e0 ongles NFT28000"},"content":{"rendered":"<p>Set \u00e9lectrique de manucure et p\u00e9dicure avec commande \u00e9lectronique, destin\u00e9e aux professionnels des salons d\u2019onglerie. Le produit est livr\u00e9 avec une pi\u00e8ce \u00e0 main robuste, pouvant \u00eatre utilis\u00e9e \u00e0 la main ou \u00e0 l\u2019aide d\u2019une p\u00e9dale. Livr\u00e9e avec un ensemble d\u2019embouts et un \u00e9cran digital \u2013 vitesse maximale de rotation : 28 000 RPM.  <\/p>\n","protected":false},"excerpt":{"rendered":"<p>Set \u00e9lectrique de manucure et p\u00e9dicure avec commande \u00e9lectronique, destin\u00e9e aux professionnels des salons d\u2019onglerie. Le produit est livr\u00e9 avec une pi\u00e8ce \u00e0 main robuste, pouvant \u00eatre utilis\u00e9e \u00e0 la main ou \u00e0 l\u2019aide d\u2019une p\u00e9dale. Livr\u00e9e avec un ensemble d\u2019embouts et un \u00e9cran digital \u2013 vitesse maximale de rotation : 28 000 RPM.<\/p>\n","protected":false},"featured_media":56265,"comment_status":"open","ping_status":"closed","template":"","meta":{"_acf_changed":false},"product_brand":[],"product_cat":[4945,4769,4785,6156,5058],"product_tag":[],"class_list":{"0":"post-56267","1":"product","2":"type-product","3":"status-publish","4":"has-post-thumbnail","6":"product_cat-amenagement-institut-webshop-fr","7":"product_cat-amenagement-appareils","8":"product_cat-appareils-fraisage-moteurs-pedicure","9":"product_cat-fraises-sans-aspiration","10":"product_cat-webshop-fr","12":"first","13":"instock","14":"taxable","15":"shipping-taxable","16":"product-type-simple"},"acf":[],"_links":{"self":[{"href":"https:\/\/sundar.be\/fr\/wp-json\/wp\/v2\/product\/56267","targetHints":{"allow":["GET"]}}],"collection":[{"href":"https:\/\/sundar.be\/fr\/wp-json\/wp\/v2\/product"}],"about":[{"href":"https:\/\/sundar.be\/fr\/wp-json\/wp\/v2\/types\/product"}],"replies":[{"embeddable":true,"href":"https:\/\/sundar.be\/fr\/wp-json\/wp\/v2\/comments?post=56267"}],"wp:featuredmedia":[{"embeddable":true,"href":"https:\/\/sundar.be\/fr\/wp-json\/wp\/v2\/media\/56265"}],"wp:attachment":[{"href":"https:\/\/sundar.be\/fr\/wp-json\/wp\/v2\/media?parent=56267"}],"wp:term":[{"taxonomy":"product_brand","embeddable":true,"href":"https:\/\/sundar.be\/fr\/wp-json\/wp\/v2\/product_brand?post=56267"},{"taxonomy":"product_cat","embeddable":true,"href":"https:\/\/sundar.be\/fr\/wp-json\/wp\/v2\/product_cat?post=56267"},{"taxonomy":"product_tag","embeddable":true,"href":"https:\/\/sundar.be\/fr\/wp-json\/wp\/v2\/product_tag?post=56267"}],"curies":[{"name":"wp","href":"https:\/\/api.w.org\/{rel}","templated":true}]}}