{"id":56263,"date":"2025-11-05T08:32:02","date_gmt":"2025-11-05T07:32:02","guid":{"rendered":"https:\/\/sundar.be\/product\/sibel-ponceuse-a-ongles-rechargeable-digitale-25-000-rpm\/"},"modified":"2025-11-24T09:18:44","modified_gmt":"2025-11-24T08:18:44","slug":"sibel-ponceuse-a-ongles-rechargeable-digitale-25-000-rpm","status":"publish","type":"product","link":"https:\/\/sundar.be\/fr\/produit\/sibel-ponceuse-a-ongles-rechargeable-digitale-25-000-rpm\/","title":{"rendered":"SIBEL Ponceuse \u00e0 ongles rechargeable digitale 25 000 RPM"},"content":{"rendered":"<p>Facile, rapide et l\u00e9g\u00e8re, cette ponceuse \u00e0 ongles rechargeable a tout pour plaire ! En seulement 2 heures de charge, elle offre une autonomie de 8 heures. L\u2019\u00e9cran digital affiche la vitesse r\u00e9elle en RPM, allant jusqu\u2019\u00e0 30 000. Gr\u00e2ce au crochet de ceinture int\u00e9gr\u00e9, elle est facile \u00e0 transporter. \u00c9quip\u00e9e d\u2019un inverseur de rotation. 5 embouts inclus.     <\/p>\n","protected":false},"excerpt":{"rendered":"<p>Ponceuse \u00e0 ongles rechargeable, pratique \u00e0 emporter partout.<\/p>\n","protected":false},"featured_media":56261,"comment_status":"open","ping_status":"closed","template":"","meta":{"_acf_changed":false},"product_brand":[],"product_cat":[4945,4769,4785,6156,5058],"product_tag":[],"class_list":{"0":"post-56263","1":"product","2":"type-product","3":"status-publish","4":"has-post-thumbnail","6":"product_cat-amenagement-institut-webshop-fr","7":"product_cat-amenagement-appareils","8":"product_cat-appareils-fraisage-moteurs-pedicure","9":"product_cat-fraises-sans-aspiration","10":"product_cat-webshop-fr","12":"first","13":"instock","14":"taxable","15":"shipping-taxable","16":"product-type-simple"},"acf":[],"_links":{"self":[{"href":"https:\/\/sundar.be\/fr\/wp-json\/wp\/v2\/product\/56263","targetHints":{"allow":["GET"]}}],"collection":[{"href":"https:\/\/sundar.be\/fr\/wp-json\/wp\/v2\/product"}],"about":[{"href":"https:\/\/sundar.be\/fr\/wp-json\/wp\/v2\/types\/product"}],"replies":[{"embeddable":true,"href":"https:\/\/sundar.be\/fr\/wp-json\/wp\/v2\/comments?post=56263"}],"wp:featuredmedia":[{"embeddable":true,"href":"https:\/\/sundar.be\/fr\/wp-json\/wp\/v2\/media\/56261"}],"wp:attachment":[{"href":"https:\/\/sundar.be\/fr\/wp-json\/wp\/v2\/media?parent=56263"}],"wp:term":[{"taxonomy":"product_brand","embeddable":true,"href":"https:\/\/sundar.be\/fr\/wp-json\/wp\/v2\/product_brand?post=56263"},{"taxonomy":"product_cat","embeddable":true,"href":"https:\/\/sundar.be\/fr\/wp-json\/wp\/v2\/product_cat?post=56263"},{"taxonomy":"product_tag","embeddable":true,"href":"https:\/\/sundar.be\/fr\/wp-json\/wp\/v2\/product_tag?post=56263"}],"curies":[{"name":"wp","href":"https:\/\/api.w.org\/{rel}","templated":true}]}}