{"id":56177,"date":"2025-10-06T12:39:44","date_gmt":"2025-10-06T10:39:44","guid":{"rendered":"https:\/\/sundar.be\/product\/suda-care-special-kera-ramollisseur-de-callosites-500ml\/"},"modified":"2025-11-30T16:59:15","modified_gmt":"2025-11-30T15:59:15","slug":"suda-care-special-kera-ramollisseur-de-callosites-500ml","status":"publish","type":"product","link":"https:\/\/sundar.be\/fr\/produit\/suda-care-special-kera-ramollisseur-de-callosites-500ml\/","title":{"rendered":"S\u00fcda Care Special Kera Ramollisseur de Callosit\u00e9s 500ml"},"content":{"rendered":"<p>Le <span style=\"color: #557e96;\"><strong data-start=\"210\" data-end=\"246\">S\u00fcda Care Special Kera Ramollisseur de Callosit\u00e9s<\/strong><\/span> est un soin professionnel puissant sp\u00e9cialement formul\u00e9 pour assouplir et \u00e9liminer efficacement les callosit\u00e9s \u00e9paisses, les durillons et les zones corn\u00e9es. Sa formule concentr\u00e9e, compos\u00e9e uniquement d\u2019eau (aqua) et d\u2019hydroxyde de potassium, agit de mani\u00e8re k\u00e9ratolytique intensive, ramollissant la couche corn\u00e9e en quelques minutes pour permettre un retrait s\u00fbr et rapide des callosit\u00e9s. Ce produit est id\u00e9al pour une utilisation en p\u00e9dicurie professionnelle ou par des utilisateurs exp\u00e9riment\u00e9s recherchant un r\u00e9sultat rapide et efficace.  <\/p>\n","protected":false},"excerpt":{"rendered":"<p data-start=\"783\" data-end=\"1028\">Le S\u00fcda Care Special Kera Ramollisseur de Callosit\u00e9s adoucit et \u00e9limine rapidement les callosit\u00e9s tenaces. Sa formule \u00e0 base d\u2019hydroxyde de potassium agit intens\u00e9ment sur les couches de peau corn\u00e9e. Id\u00e9al pour une utilisation professionnelle sur les pieds tr\u00e8s corn\u00e9s ou pr\u00e9sentant des durillons.  <\/p>\n","protected":false},"featured_media":56176,"comment_status":"open","ping_status":"closed","template":"","meta":{"_acf_changed":false},"product_brand":[],"product_cat":[4972,5001,4755,5002,5075,6135,5058],"product_tag":[],"class_list":{"0":"post-56177","1":"product","2":"type-product","3":"status-publish","4":"has-post-thumbnail","6":"product_cat-nos-marques","7":"product_cat-outils-pedicure","8":"product_cat-pedicure","9":"product_cat-ramollisseurs-callosites","10":"product_cat-nos-marques-suda-care-fr","11":"product_cat-suda-care-special","12":"product_cat-webshop-fr","14":"first","15":"instock","16":"taxable","17":"shipping-taxable","18":"product-type-simple"},"acf":[],"_links":{"self":[{"href":"https:\/\/sundar.be\/fr\/wp-json\/wp\/v2\/product\/56177","targetHints":{"allow":["GET"]}}],"collection":[{"href":"https:\/\/sundar.be\/fr\/wp-json\/wp\/v2\/product"}],"about":[{"href":"https:\/\/sundar.be\/fr\/wp-json\/wp\/v2\/types\/product"}],"replies":[{"embeddable":true,"href":"https:\/\/sundar.be\/fr\/wp-json\/wp\/v2\/comments?post=56177"}],"wp:featuredmedia":[{"embeddable":true,"href":"https:\/\/sundar.be\/fr\/wp-json\/wp\/v2\/media\/56176"}],"wp:attachment":[{"href":"https:\/\/sundar.be\/fr\/wp-json\/wp\/v2\/media?parent=56177"}],"wp:term":[{"taxonomy":"product_brand","embeddable":true,"href":"https:\/\/sundar.be\/fr\/wp-json\/wp\/v2\/product_brand?post=56177"},{"taxonomy":"product_cat","embeddable":true,"href":"https:\/\/sundar.be\/fr\/wp-json\/wp\/v2\/product_cat?post=56177"},{"taxonomy":"product_tag","embeddable":true,"href":"https:\/\/sundar.be\/fr\/wp-json\/wp\/v2\/product_tag?post=56177"}],"curies":[{"name":"wp","href":"https:\/\/api.w.org\/{rel}","templated":true}]}}