{"id":56173,"date":"2025-10-06T11:35:58","date_gmt":"2025-10-06T09:35:58","guid":{"rendered":"https:\/\/sundar.be\/product\/suda-care-special-clotrineem-tincture-20ml\/"},"modified":"2025-11-30T17:00:37","modified_gmt":"2025-11-30T16:00:37","slug":"suda-care-special-clotrineem-tincture-20ml","status":"publish","type":"product","link":"https:\/\/sundar.be\/fr\/produit\/suda-care-special-clotrineem-tincture-20ml\/","title":{"rendered":"S\u00fcda Care Special Clotrineem Tincture 20ml"},"content":{"rendered":"<p>La <span style=\"color: #557e96;\"><strong data-start=\"220\" data-end=\"261\">S\u00fcda Care Special Clotrineem Tincture<\/strong><\/span> est une solution intensive, purifiante et protectrice sp\u00e9cialement formul\u00e9e pour le soin et la pr\u00e9vention des zones de peau et des ongles sujettes aux mycoses. Sa formule puissante associe le clotrimazole, la piroctone olamine, l\u2019extrait de feuille de neem et le bisabolol pour une action antifongique et antibact\u00e9rienne compl\u00e8te, tandis que le panth\u00e9nol et la vitamine E apaisent et favorisent la r\u00e9g\u00e9n\u00e9ration cutan\u00e9e. Gr\u00e2ce \u00e0 sa base alcoolique, la teinture s\u00e8che rapidement, assure une hygi\u00e8ne optimale et ne laisse aucun film collant. Id\u00e9ale pour lutter contre les champignons des pieds, les probl\u00e8mes d\u2019ongles ou pour pr\u00e9venir les infections dans les environnements humides.   <\/p>\n","protected":false},"excerpt":{"rendered":"<p>La Tincture S\u00fcda Care Special Clotrineem prot\u00e8ge efficacement la peau et les ongles sujets aux mycoses. L\u2019association du clotrimazole, du neem et de la piroctone olamine combat les champignons et emp\u00eache leur r\u00e9apparition. La peau est apais\u00e9e, fortifi\u00e9e et reste saine et fra\u00eeche.  <\/p>\n","protected":false},"featured_media":56172,"comment_status":"open","ping_status":"closed","template":"","meta":{"_acf_changed":false},"product_brand":[],"product_cat":[5006,4972,4755,4999,5075,6135,5058],"product_tag":[],"class_list":{"0":"post-56173","1":"product","2":"type-product","3":"status-publish","4":"has-post-thumbnail","6":"product_cat-mycose-du-pied-ongles","7":"product_cat-nos-marques","8":"product_cat-pedicure","9":"product_cat-soins-specifique-pieds","10":"product_cat-nos-marques-suda-care-fr","11":"product_cat-suda-care-special","12":"product_cat-webshop-fr","14":"first","15":"instock","16":"taxable","17":"shipping-taxable","18":"product-type-simple"},"acf":[],"_links":{"self":[{"href":"https:\/\/sundar.be\/fr\/wp-json\/wp\/v2\/product\/56173","targetHints":{"allow":["GET"]}}],"collection":[{"href":"https:\/\/sundar.be\/fr\/wp-json\/wp\/v2\/product"}],"about":[{"href":"https:\/\/sundar.be\/fr\/wp-json\/wp\/v2\/types\/product"}],"replies":[{"embeddable":true,"href":"https:\/\/sundar.be\/fr\/wp-json\/wp\/v2\/comments?post=56173"}],"wp:featuredmedia":[{"embeddable":true,"href":"https:\/\/sundar.be\/fr\/wp-json\/wp\/v2\/media\/56172"}],"wp:attachment":[{"href":"https:\/\/sundar.be\/fr\/wp-json\/wp\/v2\/media?parent=56173"}],"wp:term":[{"taxonomy":"product_brand","embeddable":true,"href":"https:\/\/sundar.be\/fr\/wp-json\/wp\/v2\/product_brand?post=56173"},{"taxonomy":"product_cat","embeddable":true,"href":"https:\/\/sundar.be\/fr\/wp-json\/wp\/v2\/product_cat?post=56173"},{"taxonomy":"product_tag","embeddable":true,"href":"https:\/\/sundar.be\/fr\/wp-json\/wp\/v2\/product_tag?post=56173"}],"curies":[{"name":"wp","href":"https:\/\/api.w.org\/{rel}","templated":true}]}}